{"id":1781,"date":"2021-02-05T12:27:46","date_gmt":"2021-02-05T12:27:46","guid":{"rendered":"https:\/\/ferrycroatia.com\/it\/?page_id=1781"},"modified":"2021-08-19T14:09:02","modified_gmt":"2021-08-19T12:09:02","slug":"porto-di-trpanj","status":"publish","type":"page","link":"https:\/\/www.ferrycroatia.com\/it\/porto-di-trpanj\/","title":{"rendered":"Porto di Trpanj"},"content":{"rendered":"\n<p>Trpanj (Trappano) \u00e8 <strong>una cittadina sulla penisola di Sabbioncello<\/strong>, l&#8217;unica citt\u00e0 collegata direttamente alla terraferma con il traghetto (con la citt\u00e0 di Ploce). Il terminal dei traghetti si trova vicino alla passeggiata principale lungomare.<\/p>\n\n\n\n<p><span style=\"text-decoration: underline;\"><b>Arrivare da e per il terminal dei traghetti di Trpanj:<\/b><\/span><\/p>\n\n\n\n<p>Trpanj \u00e8 una cittadina costiera davvero piccola e <strong>il terminal dei traghetti si trova proprio nel centro<\/strong>, vicino al lungomare principale. <strong>Non importa dove sia il Suo alloggio<\/strong>, il terminal dei traghetti \u00e8 a pochi passi. Trpanj \u00e8<strong> collegata a Orebic da una linea regolare di autobus<\/strong> (gli autobus sono pi\u00f9 frequenti durante l&#8217;estate). <strong>L&#8217;orario si trova alla fermata dell&#8217;autobus a Trpanj<\/strong>, vicino al porto dei traghetti.<\/p>\n\n\n\n<p><span style=\"text-decoration: underline;\"><b>Arrivare da Trpanj all&#8217;Aeroporto di Spalato:<\/b><\/span><\/p>\n\n\n\n<p>Se viaggia verso l&#8217;<strong>Aeroporto di Spalato via Trpanj &#8211; Ploce<\/strong>, il tempo di viaggio \u00e8 di circa 3 ore (1 ora in traghetto, 2 ore in macchina) quando viaggia in auto. Se viaggia in autobus, il viaggio pu\u00f2 richiedere pi\u00f9 di tempo, poich\u00e9 prima deve raggiungere la<a href=\"https:\/\/getbybus.com\/it\/bus-da-porto-tolero\"> stazione degli autobus a Ploce<\/a> (200 metri) dove potrebbe avere un po\u2019 di tempo di attesa per <strong>la successiva partenza in autobus<\/strong>. Una volta arrivato a Spalato, dovr\u00e0 <strong>cambiare autobus alla stazione principale degli autobus di Spalato<\/strong> per andare all&#8217;aeroporto.<\/p>\n\n\n\n<p><span style=\"text-decoration: underline;\"><b>Cosa pu\u00f2 trovare al terminal dei traghetti di Trpanj:<\/b><\/span><\/p>\n\n\n\n<p>Come gi\u00e0 accennato in precedenza, Trpanj \u00e8 una <strong>cittadina davvero piccola e il terminal dei traghetti si trova vicino al centro e alla passeggiata principale<\/strong>, quindi nelle vicinanze pu\u00f2 trovare tutti i servizi della citt\u00e0: bar, ristoranti, negozi, ecc.<\/p>\n\n\n\n<p><span style=\"text-decoration: underline;\"><b>Indirizzo del terminal dei traghetti di Trpanj:<\/b><\/span><\/p>\n\n\n\n<blockquote class=\"wp-block-quote\"><p>Zalo 1<\/p><p>20240 Trpanj (Sabbioncello)<\/p><p><strong>Coordinate GPS: <\/strong>43.00960, 17.26796<\/p><\/blockquote>\n\n\n\n<div class=\"wp-block-image\"><figure class=\"aligncenter\"><img decoding=\"async\" loading=\"lazy\" width=\"800\" height=\"604\" data-src=\"https:\/\/ferrycroatia.com\/it\/wp-content\/uploads\/2021\/02\/Trpanj-2.jpg\" alt=\"\" class=\"wp-image-1784\" data-srcset=\"https:\/\/www.ferrycroatia.com\/it\/wp-content\/uploads\/2021\/02\/Trpanj-2.jpg 800w, https:\/\/www.ferrycroatia.com\/it\/wp-content\/uploads\/2021\/02\/Trpanj-2-300x227.jpg 300w, https:\/\/www.ferrycroatia.com\/it\/wp-content\/uploads\/2021\/02\/Trpanj-2-768x580.jpg 768w\" sizes=\"(max-width: 800px) 100vw, 800px\" \/><\/figure><\/div>\n\n\n\n<p><span style=\"text-decoration: underline;\"><b>L\u2019elenco dei percorsi:<\/b><\/span><\/p>\n\n\n\n<p>\u2192 Traghetto: Ploce &#8211; Trpanj (Sabbioncello)<\/p>\n\n\n\n<ul><li aria-level=\"1\"><a href=\"https:\/\/www.ferrycroatia.com\/it\/trappano-porto-tolero\/\">Trpanj &#8211; Ploce<\/a><\/li><\/ul>\n","protected":false},"excerpt":{"rendered":"<p>Trpanj (Trappano) \u00e8 una cittadina sulla penisola di Sabbioncello, l&#8217;unica citt\u00e0 collegata direttamente alla terraferma con il traghetto (con la citt\u00e0 di Ploce). Il terminal dei traghetti si trova vicino alla passeggiata principale lungomare. Arrivare da e per il terminal dei traghetti di Trpanj: Trpanj \u00e8 una cittadina costiera davvero piccola e il terminal dei [&hellip;]<\/p>\n<p><a class=\"more-link\" href=\"https:\/\/www.ferrycroatia.com\/it\/porto-di-trpanj\/\"> Continue reading&#8230;<\/a><\/p>\n","protected":false},"author":5,"featured_media":1782,"parent":0,"menu_order":0,"comment_status":"closed","ping_status":"closed","template":"","meta":[],"yoast_head":"<!-- This site is optimized with the Yoast SEO plugin v19.8 - https:\/\/yoast.com\/wordpress\/plugins\/seo\/ -->\n<title>Porto di Trpanj, partenze e arrivi di traghetti e battelli<\/title>\n<meta name=\"description\" content=\"Porto di Trpanj informazioni, posizione e servizi disponibili. Come arrivarci, e tutti i traghetti battelli che partono da e fino a Trpanj.\" \/>\n<meta name=\"robots\" content=\"index, follow, max-snippet:-1, max-image-preview:large, max-video-preview:-1\" \/>\n<link rel=\"canonical\" href=\"https:\/\/www.ferrycroatia.com\/it\/porto-di-trpanj\/\" \/>\n<meta property=\"og:locale\" content=\"en_US\" \/>\n<meta property=\"og:type\" content=\"article\" \/>\n<meta property=\"og:title\" content=\"Porto di Trpanj, partenze e arrivi di traghetti e battelli\" \/>\n<meta property=\"og:description\" content=\"Porto di Trpanj informazioni, posizione e servizi disponibili. Come arrivarci, e tutti i traghetti battelli che partono da e fino a Trpanj.\" \/>\n<meta property=\"og:url\" content=\"https:\/\/www.ferrycroatia.com\/it\/porto-di-trpanj\/\" \/>\n<meta property=\"og:site_name\" content=\"Traghetto Croazia\" \/>\n<meta property=\"article:modified_time\" content=\"2021-08-19T12:09:02+00:00\" \/>\n<meta property=\"og:image\" content=\"https:\/\/www.ferrycroatia.com\/it\/wp-content\/uploads\/2021\/02\/Trpanj-1.jpg\" \/>\n\t<meta property=\"og:image:width\" content=\"1024\" \/>\n\t<meta property=\"og:image:height\" content=\"768\" \/>\n\t<meta property=\"og:image:type\" content=\"image\/jpeg\" \/>\n<meta name=\"twitter:card\" content=\"summary_large_image\" \/>\n<meta name=\"twitter:label1\" content=\"Est. reading time\" \/>\n\t<meta name=\"twitter:data1\" content=\"2 minutes\" \/>\n<script type=\"application\/ld+json\" class=\"yoast-schema-graph\">{\"@context\":\"https:\/\/schema.org\",\"@graph\":[{\"@type\":\"WebPage\",\"@id\":\"https:\/\/www.ferrycroatia.com\/it\/porto-di-trpanj\/\",\"url\":\"https:\/\/www.ferrycroatia.com\/it\/porto-di-trpanj\/\",\"name\":\"Porto di Trpanj, partenze e arrivi di traghetti e battelli\",\"isPartOf\":{\"@id\":\"https:\/\/www.ferrycroatia.com\/it\/#website\"},\"datePublished\":\"2021-02-05T12:27:46+00:00\",\"dateModified\":\"2021-08-19T12:09:02+00:00\",\"description\":\"Porto di Trpanj informazioni, posizione e servizi disponibili. Come arrivarci, e tutti i traghetti battelli che partono da e fino a Trpanj.\",\"breadcrumb\":{\"@id\":\"https:\/\/www.ferrycroatia.com\/it\/porto-di-trpanj\/#breadcrumb\"},\"inLanguage\":\"en-US\",\"potentialAction\":[{\"@type\":\"ReadAction\",\"target\":[\"https:\/\/www.ferrycroatia.com\/it\/porto-di-trpanj\/\"]}]},{\"@type\":\"BreadcrumbList\",\"@id\":\"https:\/\/www.ferrycroatia.com\/it\/porto-di-trpanj\/#breadcrumb\",\"itemListElement\":[{\"@type\":\"ListItem\",\"position\":1,\"name\":\"Home\",\"item\":\"https:\/\/www.ferrycroatia.com\/it\/\"},{\"@type\":\"ListItem\",\"position\":2,\"name\":\"Porto di Trpanj\"}]},{\"@type\":\"WebSite\",\"@id\":\"https:\/\/www.ferrycroatia.com\/it\/#website\",\"url\":\"https:\/\/www.ferrycroatia.com\/it\/\",\"name\":\"Traghetto Croazia\",\"description\":\"Info e orari per tutti i catamarani e traghetti in Croazia\",\"potentialAction\":[{\"@type\":\"SearchAction\",\"target\":{\"@type\":\"EntryPoint\",\"urlTemplate\":\"https:\/\/www.ferrycroatia.com\/it\/?s={search_term_string}\"},\"query-input\":\"required name=search_term_string\"}],\"inLanguage\":\"en-US\"}]}<\/script>\n<!-- \/ Yoast SEO plugin. -->","yoast_head_json":{"title":"Porto di Trpanj, partenze e arrivi di traghetti e battelli","description":"Porto di Trpanj informazioni, posizione e servizi disponibili. Come arrivarci, e tutti i traghetti battelli che partono da e fino a Trpanj.","robots":{"index":"index","follow":"follow","max-snippet":"max-snippet:-1","max-image-preview":"max-image-preview:large","max-video-preview":"max-video-preview:-1"},"canonical":"https:\/\/www.ferrycroatia.com\/it\/porto-di-trpanj\/","og_locale":"en_US","og_type":"article","og_title":"Porto di Trpanj, partenze e arrivi di traghetti e battelli","og_description":"Porto di Trpanj informazioni, posizione e servizi disponibili. Come arrivarci, e tutti i traghetti battelli che partono da e fino a Trpanj.","og_url":"https:\/\/www.ferrycroatia.com\/it\/porto-di-trpanj\/","og_site_name":"Traghetto Croazia","article_modified_time":"2021-08-19T12:09:02+00:00","og_image":[{"width":1024,"height":768,"url":"https:\/\/www.ferrycroatia.com\/it\/wp-content\/uploads\/2021\/02\/Trpanj-1.jpg","type":"image\/jpeg"}],"twitter_card":"summary_large_image","twitter_misc":{"Est. reading time":"2 minutes"},"schema":{"@context":"https:\/\/schema.org","@graph":[{"@type":"WebPage","@id":"https:\/\/www.ferrycroatia.com\/it\/porto-di-trpanj\/","url":"https:\/\/www.ferrycroatia.com\/it\/porto-di-trpanj\/","name":"Porto di Trpanj, partenze e arrivi di traghetti e battelli","isPartOf":{"@id":"https:\/\/www.ferrycroatia.com\/it\/#website"},"datePublished":"2021-02-05T12:27:46+00:00","dateModified":"2021-08-19T12:09:02+00:00","description":"Porto di Trpanj informazioni, posizione e servizi disponibili. Come arrivarci, e tutti i traghetti battelli che partono da e fino a Trpanj.","breadcrumb":{"@id":"https:\/\/www.ferrycroatia.com\/it\/porto-di-trpanj\/#breadcrumb"},"inLanguage":"en-US","potentialAction":[{"@type":"ReadAction","target":["https:\/\/www.ferrycroatia.com\/it\/porto-di-trpanj\/"]}]},{"@type":"BreadcrumbList","@id":"https:\/\/www.ferrycroatia.com\/it\/porto-di-trpanj\/#breadcrumb","itemListElement":[{"@type":"ListItem","position":1,"name":"Home","item":"https:\/\/www.ferrycroatia.com\/it\/"},{"@type":"ListItem","position":2,"name":"Porto di Trpanj"}]},{"@type":"WebSite","@id":"https:\/\/www.ferrycroatia.com\/it\/#website","url":"https:\/\/www.ferrycroatia.com\/it\/","name":"Traghetto Croazia","description":"Info e orari per tutti i catamarani e traghetti in Croazia","potentialAction":[{"@type":"SearchAction","target":{"@type":"EntryPoint","urlTemplate":"https:\/\/www.ferrycroatia.com\/it\/?s={search_term_string}"},"query-input":"required name=search_term_string"}],"inLanguage":"en-US"}]}},"_links":{"self":[{"href":"https:\/\/www.ferrycroatia.com\/it\/wp-json\/wp\/v2\/pages\/1781"}],"collection":[{"href":"https:\/\/www.ferrycroatia.com\/it\/wp-json\/wp\/v2\/pages"}],"about":[{"href":"https:\/\/www.ferrycroatia.com\/it\/wp-json\/wp\/v2\/types\/page"}],"author":[{"embeddable":true,"href":"https:\/\/www.ferrycroatia.com\/it\/wp-json\/wp\/v2\/users\/5"}],"replies":[{"embeddable":true,"href":"https:\/\/www.ferrycroatia.com\/it\/wp-json\/wp\/v2\/comments?post=1781"}],"version-history":[{"count":9,"href":"https:\/\/www.ferrycroatia.com\/it\/wp-json\/wp\/v2\/pages\/1781\/revisions"}],"predecessor-version":[{"id":3170,"href":"https:\/\/www.ferrycroatia.com\/it\/wp-json\/wp\/v2\/pages\/1781\/revisions\/3170"}],"wp:featuredmedia":[{"embeddable":true,"href":"https:\/\/www.ferrycroatia.com\/it\/wp-json\/wp\/v2\/media\/1782"}],"wp:attachment":[{"href":"https:\/\/www.ferrycroatia.com\/it\/wp-json\/wp\/v2\/media?parent=1781"}],"curies":[{"name":"wp","href":"https:\/\/api.w.org\/{rel}","templated":true}]}}