{"id":1790,"date":"2021-02-05T12:42:36","date_gmt":"2021-02-05T12:42:36","guid":{"rendered":"https:\/\/ferrycroatia.com\/it\/?page_id=1790"},"modified":"2021-08-19T14:09:47","modified_gmt":"2021-08-19T12:09:47","slug":"porto-di-ubli","status":"publish","type":"page","link":"https:\/\/www.ferrycroatia.com\/it\/porto-di-ubli\/","title":{"rendered":"Porto di Ubli"},"content":{"rendered":"\n<p>Ubli \u00e8 una piccola citt\u00e0 nella parte sud-occidentale dell&#8217;isola di Lagosta. <strong>Allo stesso tempo, Ubli \u00e8 l&#8217;unico terminal dei traghetti dell&#8217;isola<\/strong> e l&#8217;unico collegamento con la terraferma e le altre isole. Il terminal dei traghetti<strong> si trova in una baia stretta<\/strong> che lo rende perfettamente protetto dal vento e dalle onde, vicino ad esso c&#8217;\u00e8 una bella passeggiata lungomare.<\/p>\n\n\n\n<p><span style=\"text-decoration: underline;\"><b>Raggiungere il terminal dei traghetti di Ubli:<\/b><\/span><\/p>\n\n\n\n<p>Come accennato, Ubli \u00e8 una citt\u00e0 molto piccola, quindi non importa dove si trova il Suo alloggio, <strong>il terminal dei traghetti si trova a pochi passi<\/strong>. Se Lei come la maggior parte delle persone soggiorna nella citt\u00e0 di Lagosta o Pasadur, ha un autobus che parte subito dopo l&#8217;arrivo del traghetto, e quando torna, ovviamente, vale il contrario.<\/p>\n\n\n\n<p><span style=\"text-decoration: underline;\"><b>Cosa pu\u00f2 trovare sul terminal dei traghetti di Ubli:<\/b><\/span><\/p>\n\n\n\n<p>Come gi\u00e0 accennato in precedenza, Ubli \u00e8 una cittadina davvero piccola. Il <strong>terminal dei traghetti di Ubli si trova proprio in centro<\/strong> quindi ovviamente tutte le strutture del paese sono nelle vicinanze: bar, ristoranti, negozi, ecc.<\/p>\n\n\n\n<p><span style=\"text-decoration: underline;\"><b>Indirizzo del terminal dei traghetti Ubli:<\/b><\/span><\/p>\n\n\n\n<blockquote class=\"wp-block-quote\"><p>20289 Ubli<\/p><p><strong>COORDINATE GPS:<\/strong> 42.74612, 16.8247<\/p><\/blockquote>\n\n\n\n<figure class=\"wp-block-image\"><img decoding=\"async\" loading=\"lazy\" width=\"800\" height=\"732\" data-src=\"https:\/\/ferrycroatia.com\/it\/wp-content\/uploads\/2021\/02\/Ubli.jpg\" alt=\"\" class=\"wp-image-1794\" data-srcset=\"https:\/\/www.ferrycroatia.com\/it\/wp-content\/uploads\/2021\/02\/Ubli.jpg 800w, https:\/\/www.ferrycroatia.com\/it\/wp-content\/uploads\/2021\/02\/Ubli-300x275.jpg 300w, https:\/\/www.ferrycroatia.com\/it\/wp-content\/uploads\/2021\/02\/Ubli-768x703.jpg 768w\" sizes=\"(max-width: 800px) 100vw, 800px\" \/><\/figure>\n\n\n\n<p><span style=\"text-decoration: underline;\"><b>Elenco dei percorsi:<\/b><\/span><\/p>\n\n\n\n<p>\u2192 Traghetto: Spalato &#8211; Vallegrande (Curzola) &#8211; Ubli (Lagosta)<\/p>\n\n\n\n<ul><li aria-level=\"1\"><a href=\"https:\/\/www.ferrycroatia.com\/it\/ubli-spalato\/\">Ubli &#8211; Spalato<\/a><\/li><li aria-level=\"1\"><a href=\"https:\/\/www.ferrycroatia.com\/it\/ubli-vallegrande\/\">Ubli &#8211; Vallegrande<\/a><\/li><\/ul>\n\n\n\n<p>\u2192 Catamarano: Ragusa &#8211; Luka Sipanska -Sobra (Meleda) -Polace (Meleda) \u2013 Curzola -Ubli (Lagosta)<\/p>\n\n\n\n<ul><li aria-level=\"1\"><a href=\"https:\/\/www.ferrycroatia.com\/it\/ubli-ragusa\/\">Ubli &#8211; Ragusa<\/a><\/li><li aria-level=\"1\"><a href=\"https:\/\/www.ferrycroatia.com\/it\/ubli-porto-giuppana\/\">Ubli &#8211; Sipanska Luka<\/a><\/li><li aria-level=\"1\"><a href=\"https:\/\/www.ferrycroatia.com\/it\/ubli-sobra\/\">Ubli &#8211; Sobra<\/a><\/li><li aria-level=\"1\"><a href=\"https:\/\/www.ferrycroatia.com\/it\/ubli-curzola\/\">Ubli &#8211; Curzola<\/a><\/li><\/ul>\n\n\n\n<p>\u2192 Catamarano: Spalato &#8211; Lesina &#8211; Vallegrande (Curzola) &#8211; Ubli (Lagosta)<\/p>\n\n\n\n<ul><li aria-level=\"1\"><a href=\"https:\/\/www.ferrycroatia.com\/it\/ubli-lesina\/\">Ubli &#8211; Lesina<\/a><\/li><\/ul>\n\n\n\n<p><\/p>\n","protected":false},"excerpt":{"rendered":"<p>Ubli \u00e8 una piccola citt\u00e0 nella parte sud-occidentale dell&#8217;isola di Lagosta. Allo stesso tempo, Ubli \u00e8 l&#8217;unico terminal dei traghetti dell&#8217;isola e l&#8217;unico collegamento con la terraferma e le altre isole. Il terminal dei traghetti si trova in una baia stretta che lo rende perfettamente protetto dal vento e dalle onde, vicino ad esso c&#8217;\u00e8 [&hellip;]<\/p>\n<p><a class=\"more-link\" href=\"https:\/\/www.ferrycroatia.com\/it\/porto-di-ubli\/\"> Continue reading&#8230;<\/a><\/p>\n","protected":false},"author":5,"featured_media":0,"parent":0,"menu_order":0,"comment_status":"closed","ping_status":"closed","template":"","meta":[],"yoast_head":"<!-- This site is optimized with the Yoast SEO plugin v19.8 - https:\/\/yoast.com\/wordpress\/plugins\/seo\/ -->\n<title>Porto di Ubli, partenze dei traghetti e catamarani<\/title>\n<meta name=\"description\" content=\"Porto di Ubli informazioni, posizione e servizi disponibili. Come arrivarci, e tutti i traghetti e catamarani che partono da e fino a Lastovo.\" \/>\n<meta name=\"robots\" content=\"index, follow, max-snippet:-1, max-image-preview:large, max-video-preview:-1\" \/>\n<link rel=\"canonical\" href=\"https:\/\/www.ferrycroatia.com\/it\/porto-di-ubli\/\" \/>\n<meta property=\"og:locale\" content=\"en_US\" \/>\n<meta property=\"og:type\" content=\"article\" \/>\n<meta property=\"og:title\" content=\"Porto di Ubli, partenze dei traghetti e catamarani\" \/>\n<meta property=\"og:description\" content=\"Porto di Ubli informazioni, posizione e servizi disponibili. Come arrivarci, e tutti i traghetti e catamarani che partono da e fino a Lastovo.\" \/>\n<meta property=\"og:url\" content=\"https:\/\/www.ferrycroatia.com\/it\/porto-di-ubli\/\" \/>\n<meta property=\"og:site_name\" content=\"Traghetto Croazia\" \/>\n<meta property=\"article:modified_time\" content=\"2021-08-19T12:09:47+00:00\" \/>\n<meta property=\"og:image\" content=\"https:\/\/ferrycroatia.com\/it\/wp-content\/uploads\/2021\/02\/Ubli.jpg\" \/>\n<meta name=\"twitter:card\" content=\"summary_large_image\" \/>\n<meta name=\"twitter:label1\" content=\"Est. reading time\" \/>\n\t<meta name=\"twitter:data1\" content=\"2 minutes\" \/>\n<script type=\"application\/ld+json\" class=\"yoast-schema-graph\">{\"@context\":\"https:\/\/schema.org\",\"@graph\":[{\"@type\":\"WebPage\",\"@id\":\"https:\/\/www.ferrycroatia.com\/it\/porto-di-ubli\/\",\"url\":\"https:\/\/www.ferrycroatia.com\/it\/porto-di-ubli\/\",\"name\":\"Porto di Ubli, partenze dei traghetti e catamarani\",\"isPartOf\":{\"@id\":\"https:\/\/www.ferrycroatia.com\/it\/#website\"},\"datePublished\":\"2021-02-05T12:42:36+00:00\",\"dateModified\":\"2021-08-19T12:09:47+00:00\",\"description\":\"Porto di Ubli informazioni, posizione e servizi disponibili. Come arrivarci, e tutti i traghetti e catamarani che partono da e fino a Lastovo.\",\"breadcrumb\":{\"@id\":\"https:\/\/www.ferrycroatia.com\/it\/porto-di-ubli\/#breadcrumb\"},\"inLanguage\":\"en-US\",\"potentialAction\":[{\"@type\":\"ReadAction\",\"target\":[\"https:\/\/www.ferrycroatia.com\/it\/porto-di-ubli\/\"]}]},{\"@type\":\"BreadcrumbList\",\"@id\":\"https:\/\/www.ferrycroatia.com\/it\/porto-di-ubli\/#breadcrumb\",\"itemListElement\":[{\"@type\":\"ListItem\",\"position\":1,\"name\":\"Home\",\"item\":\"https:\/\/www.ferrycroatia.com\/it\/\"},{\"@type\":\"ListItem\",\"position\":2,\"name\":\"Porto di Ubli\"}]},{\"@type\":\"WebSite\",\"@id\":\"https:\/\/www.ferrycroatia.com\/it\/#website\",\"url\":\"https:\/\/www.ferrycroatia.com\/it\/\",\"name\":\"Traghetto Croazia\",\"description\":\"Info e orari per tutti i catamarani e traghetti in Croazia\",\"potentialAction\":[{\"@type\":\"SearchAction\",\"target\":{\"@type\":\"EntryPoint\",\"urlTemplate\":\"https:\/\/www.ferrycroatia.com\/it\/?s={search_term_string}\"},\"query-input\":\"required name=search_term_string\"}],\"inLanguage\":\"en-US\"}]}<\/script>\n<!-- \/ Yoast SEO plugin. -->","yoast_head_json":{"title":"Porto di Ubli, partenze dei traghetti e catamarani","description":"Porto di Ubli informazioni, posizione e servizi disponibili. Come arrivarci, e tutti i traghetti e catamarani che partono da e fino a Lastovo.","robots":{"index":"index","follow":"follow","max-snippet":"max-snippet:-1","max-image-preview":"max-image-preview:large","max-video-preview":"max-video-preview:-1"},"canonical":"https:\/\/www.ferrycroatia.com\/it\/porto-di-ubli\/","og_locale":"en_US","og_type":"article","og_title":"Porto di Ubli, partenze dei traghetti e catamarani","og_description":"Porto di Ubli informazioni, posizione e servizi disponibili. Come arrivarci, e tutti i traghetti e catamarani che partono da e fino a Lastovo.","og_url":"https:\/\/www.ferrycroatia.com\/it\/porto-di-ubli\/","og_site_name":"Traghetto Croazia","article_modified_time":"2021-08-19T12:09:47+00:00","og_image":[{"url":"https:\/\/ferrycroatia.com\/it\/wp-content\/uploads\/2021\/02\/Ubli.jpg"}],"twitter_card":"summary_large_image","twitter_misc":{"Est. reading time":"2 minutes"},"schema":{"@context":"https:\/\/schema.org","@graph":[{"@type":"WebPage","@id":"https:\/\/www.ferrycroatia.com\/it\/porto-di-ubli\/","url":"https:\/\/www.ferrycroatia.com\/it\/porto-di-ubli\/","name":"Porto di Ubli, partenze dei traghetti e catamarani","isPartOf":{"@id":"https:\/\/www.ferrycroatia.com\/it\/#website"},"datePublished":"2021-02-05T12:42:36+00:00","dateModified":"2021-08-19T12:09:47+00:00","description":"Porto di Ubli informazioni, posizione e servizi disponibili. Come arrivarci, e tutti i traghetti e catamarani che partono da e fino a Lastovo.","breadcrumb":{"@id":"https:\/\/www.ferrycroatia.com\/it\/porto-di-ubli\/#breadcrumb"},"inLanguage":"en-US","potentialAction":[{"@type":"ReadAction","target":["https:\/\/www.ferrycroatia.com\/it\/porto-di-ubli\/"]}]},{"@type":"BreadcrumbList","@id":"https:\/\/www.ferrycroatia.com\/it\/porto-di-ubli\/#breadcrumb","itemListElement":[{"@type":"ListItem","position":1,"name":"Home","item":"https:\/\/www.ferrycroatia.com\/it\/"},{"@type":"ListItem","position":2,"name":"Porto di Ubli"}]},{"@type":"WebSite","@id":"https:\/\/www.ferrycroatia.com\/it\/#website","url":"https:\/\/www.ferrycroatia.com\/it\/","name":"Traghetto Croazia","description":"Info e orari per tutti i catamarani e traghetti in Croazia","potentialAction":[{"@type":"SearchAction","target":{"@type":"EntryPoint","urlTemplate":"https:\/\/www.ferrycroatia.com\/it\/?s={search_term_string}"},"query-input":"required name=search_term_string"}],"inLanguage":"en-US"}]}},"_links":{"self":[{"href":"https:\/\/www.ferrycroatia.com\/it\/wp-json\/wp\/v2\/pages\/1790"}],"collection":[{"href":"https:\/\/www.ferrycroatia.com\/it\/wp-json\/wp\/v2\/pages"}],"about":[{"href":"https:\/\/www.ferrycroatia.com\/it\/wp-json\/wp\/v2\/types\/page"}],"author":[{"embeddable":true,"href":"https:\/\/www.ferrycroatia.com\/it\/wp-json\/wp\/v2\/users\/5"}],"replies":[{"embeddable":true,"href":"https:\/\/www.ferrycroatia.com\/it\/wp-json\/wp\/v2\/comments?post=1790"}],"version-history":[{"count":5,"href":"https:\/\/www.ferrycroatia.com\/it\/wp-json\/wp\/v2\/pages\/1790\/revisions"}],"predecessor-version":[{"id":3171,"href":"https:\/\/www.ferrycroatia.com\/it\/wp-json\/wp\/v2\/pages\/1790\/revisions\/3171"}],"wp:attachment":[{"href":"https:\/\/www.ferrycroatia.com\/it\/wp-json\/wp\/v2\/media?parent=1790"}],"curies":[{"name":"wp","href":"https:\/\/api.w.org\/{rel}","templated":true}]}}