{"id":1797,"date":"2021-02-05T12:51:05","date_gmt":"2021-02-05T12:51:05","guid":{"rendered":"https:\/\/ferrycroatia.com\/it\/?page_id=1797"},"modified":"2021-08-19T14:10:52","modified_gmt":"2021-08-19T12:10:52","slug":"porto-di-umago","status":"publish","type":"page","link":"https:\/\/www.ferrycroatia.com\/it\/porto-di-umago\/","title":{"rendered":"Porto di Umag"},"content":{"rendered":"\n<p><strong>Umago \u00e8 una delle citt\u00e0 pi\u00f9 occidentali della Croazia<\/strong>, situata all&#8217;estremit\u00e0 nord-occidentale della penisola istriana, molto vicino al confine sloveno. Tutti i catamarani di Umago partono dal molo che si trova nel centro della citt\u00e0.<\/p>\n\n\n\n<p><span style=\"text-decoration: underline;\"><b>Arrivare da e per il porto dei traghetti di Umago:<\/b><\/span><\/p>\n\n\n\n<p>Come gi\u00e0 accennato, Umago \u00e8 una citt\u00e0 davvero piccola, quindi <strong>non ci sono i mezzi pubblici disponibili<\/strong>. Non importa dove vi trovate a Umago, il porto non \u00e8 molto lontano ed \u00e8 facilmente raggiungibile a piedi. <strong>Durante i mesi estivi, c&#8217;\u00e8 un treno turistico<\/strong> &#8211; il biglietto costa circa 20 kn = 2,5 euro per gli adulti e circa 10 kn = 1,5 euro per i bambini dai 3 ai 10 anni. Se siete con i bagagli, potete prendere un taxi che non dovrebbe costarvi molto, dato che Umago \u00e8 una citt\u00e0 davvero piccola.<\/p>\n\n\n\n<p><strong>Se arrivate da qualsiasi parte intorno a Umago<\/strong> (ad esempio Savudrija), l&#8217;autobus vi porter\u00e0 alla <a href=\"https:\/\/getbybus.com\/it\/bus-da-umago\">stazione principale degli autobus di Umago<\/a>, a 5-10 minuti a piedi dal porto.<\/p>\n\n\n\n<p><span style=\"text-decoration: underline;\"><b>Cosa potete trovare nel porto dei traghetti di Umago:<\/b><\/span><\/p>\n\n\n\n<p>Come gi\u00e0 menzionato, il molo da cui parte il catamarano si trova proprio in centro, quindi ovviamente tutti i servizi sono a pochi minuti da esso: bar, ristoranti, negozi, banche, biglietteria, ecc.<\/p>\n\n\n\n<p><span style=\"text-decoration: underline;\"><b>Indirizzo del porto dei traghetti di Umago:<\/b><\/span><\/p>\n\n\n\n<ul><li>Longitudine: 13.517188<\/li><li>Latitudine: 45,434148<\/li><li>Obala Josipa Broza Tita<\/li><li>52470 Umag<\/li><\/ul>\n\n\n\n<figure class=\"wp-block-image\"><img decoding=\"async\" loading=\"lazy\" width=\"1165\" height=\"1016\" data-src=\"https:\/\/ferrycroatia.com\/it\/wp-content\/uploads\/2021\/02\/Umag-catamaran.jpg\" alt=\"\" class=\"wp-image-1798\" data-srcset=\"https:\/\/www.ferrycroatia.com\/it\/wp-content\/uploads\/2021\/02\/Umag-catamaran.jpg 1165w, https:\/\/www.ferrycroatia.com\/it\/wp-content\/uploads\/2021\/02\/Umag-catamaran-300x262.jpg 300w, https:\/\/www.ferrycroatia.com\/it\/wp-content\/uploads\/2021\/02\/Umag-catamaran-1024x893.jpg 1024w, https:\/\/www.ferrycroatia.com\/it\/wp-content\/uploads\/2021\/02\/Umag-catamaran-768x670.jpg 768w\" sizes=\"(max-width: 1165px) 100vw, 1165px\" \/><\/figure>\n\n\n\n<p><span style=\"text-decoration: underline;\"><b>Elenco delle rotte in catamarano:<\/b><\/span><\/p>\n\n\n\n<p>\u2192 Catamarano: Venezia (IT) &#8211; Umago &#8211; Parenzo &#8211; Rovigno &#8211; Pola<\/p>\n\n\n\n<ul><li><a href=\"https:\/\/www.ferrycroatia.com\/it\/umago-venezia\/\">Umago &#8211; Venezia<\/a><\/li><\/ul>\n","protected":false},"excerpt":{"rendered":"<p>Umago \u00e8 una delle citt\u00e0 pi\u00f9 occidentali della Croazia, situata all&#8217;estremit\u00e0 nord-occidentale della penisola istriana, molto vicino al confine sloveno. Tutti i catamarani di Umago partono dal molo che si trova nel centro della citt\u00e0. Arrivare da e per il porto dei traghetti di Umago: Come gi\u00e0 accennato, Umago \u00e8 una citt\u00e0 davvero piccola, quindi [&hellip;]<\/p>\n<p><a class=\"more-link\" href=\"https:\/\/www.ferrycroatia.com\/it\/porto-di-umago\/\"> Continue reading&#8230;<\/a><\/p>\n","protected":false},"author":5,"featured_media":1799,"parent":0,"menu_order":0,"comment_status":"closed","ping_status":"closed","template":"","meta":[],"yoast_head":"<!-- This site is optimized with the Yoast SEO plugin v19.8 - https:\/\/yoast.com\/wordpress\/plugins\/seo\/ -->\n<title>Porto di Umag, partenze di catamarani e traghetti veloci<\/title>\n<meta name=\"description\" content=\"Porto di Umag informazioni, posizione e servizi disponibili. Come arrivarci, e tutti i traghetti veloci e catamarani che partono da e fino a Umag.\" \/>\n<meta name=\"robots\" content=\"index, follow, max-snippet:-1, max-image-preview:large, max-video-preview:-1\" \/>\n<link rel=\"canonical\" href=\"https:\/\/www.ferrycroatia.com\/it\/porto-di-umago\/\" \/>\n<meta property=\"og:locale\" content=\"en_US\" \/>\n<meta property=\"og:type\" content=\"article\" \/>\n<meta property=\"og:title\" content=\"Porto di Umag, partenze di catamarani e traghetti veloci\" \/>\n<meta property=\"og:description\" content=\"Porto di Umag informazioni, posizione e servizi disponibili. Come arrivarci, e tutti i traghetti veloci e catamarani che partono da e fino a Umag.\" \/>\n<meta property=\"og:url\" content=\"https:\/\/www.ferrycroatia.com\/it\/porto-di-umago\/\" \/>\n<meta property=\"og:site_name\" content=\"Traghetto Croazia\" \/>\n<meta property=\"article:modified_time\" content=\"2021-08-19T12:10:52+00:00\" \/>\n<meta property=\"og:image\" content=\"https:\/\/www.ferrycroatia.com\/it\/wp-content\/uploads\/2021\/02\/Umag-1.jpg\" \/>\n\t<meta property=\"og:image:width\" content=\"1024\" \/>\n\t<meta property=\"og:image:height\" content=\"768\" \/>\n\t<meta property=\"og:image:type\" content=\"image\/jpeg\" \/>\n<meta name=\"twitter:card\" content=\"summary_large_image\" \/>\n<meta name=\"twitter:label1\" content=\"Est. reading time\" \/>\n\t<meta name=\"twitter:data1\" content=\"2 minutes\" \/>\n<script type=\"application\/ld+json\" class=\"yoast-schema-graph\">{\"@context\":\"https:\/\/schema.org\",\"@graph\":[{\"@type\":\"WebPage\",\"@id\":\"https:\/\/www.ferrycroatia.com\/it\/porto-di-umago\/\",\"url\":\"https:\/\/www.ferrycroatia.com\/it\/porto-di-umago\/\",\"name\":\"Porto di Umag, partenze di catamarani e traghetti veloci\",\"isPartOf\":{\"@id\":\"https:\/\/www.ferrycroatia.com\/it\/#website\"},\"datePublished\":\"2021-02-05T12:51:05+00:00\",\"dateModified\":\"2021-08-19T12:10:52+00:00\",\"description\":\"Porto di Umag informazioni, posizione e servizi disponibili. Come arrivarci, e tutti i traghetti veloci e catamarani che partono da e fino a Umag.\",\"breadcrumb\":{\"@id\":\"https:\/\/www.ferrycroatia.com\/it\/porto-di-umago\/#breadcrumb\"},\"inLanguage\":\"en-US\",\"potentialAction\":[{\"@type\":\"ReadAction\",\"target\":[\"https:\/\/www.ferrycroatia.com\/it\/porto-di-umago\/\"]}]},{\"@type\":\"BreadcrumbList\",\"@id\":\"https:\/\/www.ferrycroatia.com\/it\/porto-di-umago\/#breadcrumb\",\"itemListElement\":[{\"@type\":\"ListItem\",\"position\":1,\"name\":\"Home\",\"item\":\"https:\/\/www.ferrycroatia.com\/it\/\"},{\"@type\":\"ListItem\",\"position\":2,\"name\":\"Porto di Umag\"}]},{\"@type\":\"WebSite\",\"@id\":\"https:\/\/www.ferrycroatia.com\/it\/#website\",\"url\":\"https:\/\/www.ferrycroatia.com\/it\/\",\"name\":\"Traghetto Croazia\",\"description\":\"Info e orari per tutti i catamarani e traghetti in Croazia\",\"potentialAction\":[{\"@type\":\"SearchAction\",\"target\":{\"@type\":\"EntryPoint\",\"urlTemplate\":\"https:\/\/www.ferrycroatia.com\/it\/?s={search_term_string}\"},\"query-input\":\"required name=search_term_string\"}],\"inLanguage\":\"en-US\"}]}<\/script>\n<!-- \/ Yoast SEO plugin. -->","yoast_head_json":{"title":"Porto di Umag, partenze di catamarani e traghetti veloci","description":"Porto di Umag informazioni, posizione e servizi disponibili. Come arrivarci, e tutti i traghetti veloci e catamarani che partono da e fino a Umag.","robots":{"index":"index","follow":"follow","max-snippet":"max-snippet:-1","max-image-preview":"max-image-preview:large","max-video-preview":"max-video-preview:-1"},"canonical":"https:\/\/www.ferrycroatia.com\/it\/porto-di-umago\/","og_locale":"en_US","og_type":"article","og_title":"Porto di Umag, partenze di catamarani e traghetti veloci","og_description":"Porto di Umag informazioni, posizione e servizi disponibili. Come arrivarci, e tutti i traghetti veloci e catamarani che partono da e fino a Umag.","og_url":"https:\/\/www.ferrycroatia.com\/it\/porto-di-umago\/","og_site_name":"Traghetto Croazia","article_modified_time":"2021-08-19T12:10:52+00:00","og_image":[{"width":1024,"height":768,"url":"https:\/\/www.ferrycroatia.com\/it\/wp-content\/uploads\/2021\/02\/Umag-1.jpg","type":"image\/jpeg"}],"twitter_card":"summary_large_image","twitter_misc":{"Est. reading time":"2 minutes"},"schema":{"@context":"https:\/\/schema.org","@graph":[{"@type":"WebPage","@id":"https:\/\/www.ferrycroatia.com\/it\/porto-di-umago\/","url":"https:\/\/www.ferrycroatia.com\/it\/porto-di-umago\/","name":"Porto di Umag, partenze di catamarani e traghetti veloci","isPartOf":{"@id":"https:\/\/www.ferrycroatia.com\/it\/#website"},"datePublished":"2021-02-05T12:51:05+00:00","dateModified":"2021-08-19T12:10:52+00:00","description":"Porto di Umag informazioni, posizione e servizi disponibili. Come arrivarci, e tutti i traghetti veloci e catamarani che partono da e fino a Umag.","breadcrumb":{"@id":"https:\/\/www.ferrycroatia.com\/it\/porto-di-umago\/#breadcrumb"},"inLanguage":"en-US","potentialAction":[{"@type":"ReadAction","target":["https:\/\/www.ferrycroatia.com\/it\/porto-di-umago\/"]}]},{"@type":"BreadcrumbList","@id":"https:\/\/www.ferrycroatia.com\/it\/porto-di-umago\/#breadcrumb","itemListElement":[{"@type":"ListItem","position":1,"name":"Home","item":"https:\/\/www.ferrycroatia.com\/it\/"},{"@type":"ListItem","position":2,"name":"Porto di Umag"}]},{"@type":"WebSite","@id":"https:\/\/www.ferrycroatia.com\/it\/#website","url":"https:\/\/www.ferrycroatia.com\/it\/","name":"Traghetto Croazia","description":"Info e orari per tutti i catamarani e traghetti in Croazia","potentialAction":[{"@type":"SearchAction","target":{"@type":"EntryPoint","urlTemplate":"https:\/\/www.ferrycroatia.com\/it\/?s={search_term_string}"},"query-input":"required name=search_term_string"}],"inLanguage":"en-US"}]}},"_links":{"self":[{"href":"https:\/\/www.ferrycroatia.com\/it\/wp-json\/wp\/v2\/pages\/1797"}],"collection":[{"href":"https:\/\/www.ferrycroatia.com\/it\/wp-json\/wp\/v2\/pages"}],"about":[{"href":"https:\/\/www.ferrycroatia.com\/it\/wp-json\/wp\/v2\/types\/page"}],"author":[{"embeddable":true,"href":"https:\/\/www.ferrycroatia.com\/it\/wp-json\/wp\/v2\/users\/5"}],"replies":[{"embeddable":true,"href":"https:\/\/www.ferrycroatia.com\/it\/wp-json\/wp\/v2\/comments?post=1797"}],"version-history":[{"count":5,"href":"https:\/\/www.ferrycroatia.com\/it\/wp-json\/wp\/v2\/pages\/1797\/revisions"}],"predecessor-version":[{"id":3173,"href":"https:\/\/www.ferrycroatia.com\/it\/wp-json\/wp\/v2\/pages\/1797\/revisions\/3173"}],"wp:featuredmedia":[{"embeddable":true,"href":"https:\/\/www.ferrycroatia.com\/it\/wp-json\/wp\/v2\/media\/1799"}],"wp:attachment":[{"href":"https:\/\/www.ferrycroatia.com\/it\/wp-json\/wp\/v2\/media?parent=1797"}],"curies":[{"name":"wp","href":"https:\/\/api.w.org\/{rel}","templated":true}]}}