{"id":1805,"date":"2021-02-05T13:05:37","date_gmt":"2021-02-05T13:05:37","guid":{"rendered":"https:\/\/ferrycroatia.com\/it\/?page_id=1805"},"modified":"2021-08-19T13:32:39","modified_gmt":"2021-08-19T11:32:39","slug":"porto-di-eso-grande","status":"publish","type":"page","link":"https:\/\/www.ferrycroatia.com\/it\/porto-di-eso-grande\/","title":{"rendered":"Porto di Veli Iz"},"content":{"rendered":"\n<p><strong>Eso Grande \u00e8 la &#8220;capitale&#8221; dell&#8217;isola di Eso<\/strong>, situata sul lato nord-est dell&#8217;isola. \u00c8 anche un porto di catamarani, collegato da linee regolari di catamarani a Eso Piccolo, l&#8217;isola di Rava e Zara. Il molo da cui parte il catamarano si trova nel centro del paese, in una baia vicino alla passeggiata in riva al mare.<\/p>\n\n\n\n<p><span style=\"text-decoration: underline;\"><b>Raggiungere il porto dei catamarani a Eso Grande:<\/b><\/span><\/p>\n\n\n\n<p>Il tempo di viaggio <strong>con il catamarano dal porto della citt\u00e0 vecchia di Zara a Eso Grande \u00e8 di circa 1 ora<\/strong>; una volta arrivato \u200b\u200bsull&#8217;isola, potrebbe facilmente raggiungere il Suo alloggio a piedi. Se soggiorna altrove sull&#8217;isola, dovr\u00e0 chiedere per il modo migliore per arrivare dal porto dei catamarani al Suo appartamento \/ albergo.<\/p>\n\n\n\n<p><span style=\"text-decoration: underline;\"><b>Cosa pu\u00f2 trovare nel porto dei catamarani di Eso Grande:<\/b><\/span><\/p>\n\n\n\n<p>Poich\u00e9 Eso Grande \u00e8 una piccola citt\u00e0 insulare dove il porto dei catamarani si trova proprio nel centro, pu\u00f2 trovare alcuni servizi nelle vicinanze: ristoranti, bar, negozi, ecc.<\/p>\n\n\n\n<p><span style=\"text-decoration: underline;\"><b>Indirizzo del porto dei catamarani Eso Grande:<\/b><\/span><\/p>\n\n\n\n<ul><li aria-level=\"1\">Longitudine: 15.109712<\/li><li aria-level=\"1\">Latitudine: 44,050375<\/li><li aria-level=\"1\">23284 Eso Grande (Eso)<\/li><\/ul>\n\n\n\n<figure class=\"wp-block-image\"><img decoding=\"async\" loading=\"lazy\" width=\"884\" height=\"553\" data-src=\"https:\/\/ferrycroatia.com\/it\/wp-content\/uploads\/2021\/02\/Veli-Iz-catamaran.jpg\" alt=\"\" class=\"wp-image-1806\" data-srcset=\"https:\/\/www.ferrycroatia.com\/it\/wp-content\/uploads\/2021\/02\/Veli-Iz-catamaran.jpg 884w, https:\/\/www.ferrycroatia.com\/it\/wp-content\/uploads\/2021\/02\/Veli-Iz-catamaran-300x188.jpg 300w, https:\/\/www.ferrycroatia.com\/it\/wp-content\/uploads\/2021\/02\/Veli-Iz-catamaran-768x480.jpg 768w\" sizes=\"(max-width: 884px) 100vw, 884px\" \/><\/figure>\n\n\n\n<p><span style=\"text-decoration: underline;\"><b>Elenco delle rotte in catamarano da e per Eso Grande:<\/b><\/span><\/p>\n\n\n\n<p>\u2192 Catamarano: Zara &#8211; Eso Piccolo &#8211; Eso Grande &#8211; Rava Piccola &#8211; Rava<\/p>\n\n\n\n<ul><li><a href=\"https:\/\/www.ferrycroatia.com\/it\/veli-iz-zara\/\">Eso Grande &#8211; Zara<\/a><\/li><li><a href=\"https:\/\/www.ferrycroatia.com\/it\/veli-iz-mali-iz\/\">Eso Grande &#8211; Eso Piccolo<\/a><\/li><li><a href=\"https:\/\/www.ferrycroatia.com\/it\/veli-iz-mala-rava\/\">Eso Grande &#8211; Rava Piccola<\/a><\/li><li><a href=\"https:\/\/www.ferrycroatia.com\/it\/veli-iz-rava\/\">Eso Grande &#8211; Rava<\/a><\/li><\/ul>\n","protected":false},"excerpt":{"rendered":"<p>Eso Grande \u00e8 la &#8220;capitale&#8221; dell&#8217;isola di Eso, situata sul lato nord-est dell&#8217;isola. \u00c8 anche un porto di catamarani, collegato da linee regolari di catamarani a Eso Piccolo, l&#8217;isola di Rava e Zara. Il molo da cui parte il catamarano si trova nel centro del paese, in una baia vicino alla passeggiata in riva al [&hellip;]<\/p>\n<p><a class=\"more-link\" href=\"https:\/\/www.ferrycroatia.com\/it\/porto-di-eso-grande\/\"> Continue reading&#8230;<\/a><\/p>\n","protected":false},"author":5,"featured_media":0,"parent":0,"menu_order":0,"comment_status":"closed","ping_status":"closed","template":"","meta":[],"yoast_head":"<!-- This site is optimized with the Yoast SEO plugin v19.8 - https:\/\/yoast.com\/wordpress\/plugins\/seo\/ -->\n<title>Porto di Veli Iz, partenze di catamarani e traghetti veloci<\/title>\n<meta name=\"description\" content=\"Porto di Veli Iz informazioni, posizione e servizi disponibili. Come arrivarci, e tutti i traghetti veloci e catamarani che partono da e fino a Veli Iz.\" \/>\n<meta name=\"robots\" content=\"index, follow, max-snippet:-1, max-image-preview:large, max-video-preview:-1\" \/>\n<link rel=\"canonical\" href=\"https:\/\/www.ferrycroatia.com\/it\/porto-di-eso-grande\/\" \/>\n<meta property=\"og:locale\" content=\"en_US\" \/>\n<meta property=\"og:type\" content=\"article\" \/>\n<meta property=\"og:title\" content=\"Porto di Veli Iz, partenze di catamarani e traghetti veloci\" \/>\n<meta property=\"og:description\" content=\"Porto di Veli Iz informazioni, posizione e servizi disponibili. Come arrivarci, e tutti i traghetti veloci e catamarani che partono da e fino a Veli Iz.\" \/>\n<meta property=\"og:url\" content=\"https:\/\/www.ferrycroatia.com\/it\/porto-di-eso-grande\/\" \/>\n<meta property=\"og:site_name\" content=\"Traghetto Croazia\" \/>\n<meta property=\"article:modified_time\" content=\"2021-08-19T11:32:39+00:00\" \/>\n<meta property=\"og:image\" content=\"https:\/\/ferrycroatia.com\/it\/wp-content\/uploads\/2021\/02\/Veli-Iz-catamaran.jpg\" \/>\n<meta name=\"twitter:card\" content=\"summary_large_image\" \/>\n<meta name=\"twitter:label1\" content=\"Est. reading time\" \/>\n\t<meta name=\"twitter:data1\" content=\"2 minutes\" \/>\n<script type=\"application\/ld+json\" class=\"yoast-schema-graph\">{\"@context\":\"https:\/\/schema.org\",\"@graph\":[{\"@type\":\"WebPage\",\"@id\":\"https:\/\/www.ferrycroatia.com\/it\/porto-di-eso-grande\/\",\"url\":\"https:\/\/www.ferrycroatia.com\/it\/porto-di-eso-grande\/\",\"name\":\"Porto di Veli Iz, partenze di catamarani e traghetti veloci\",\"isPartOf\":{\"@id\":\"https:\/\/www.ferrycroatia.com\/it\/#website\"},\"datePublished\":\"2021-02-05T13:05:37+00:00\",\"dateModified\":\"2021-08-19T11:32:39+00:00\",\"description\":\"Porto di Veli Iz informazioni, posizione e servizi disponibili. Come arrivarci, e tutti i traghetti veloci e catamarani che partono da e fino a Veli Iz.\",\"breadcrumb\":{\"@id\":\"https:\/\/www.ferrycroatia.com\/it\/porto-di-eso-grande\/#breadcrumb\"},\"inLanguage\":\"en-US\",\"potentialAction\":[{\"@type\":\"ReadAction\",\"target\":[\"https:\/\/www.ferrycroatia.com\/it\/porto-di-eso-grande\/\"]}]},{\"@type\":\"BreadcrumbList\",\"@id\":\"https:\/\/www.ferrycroatia.com\/it\/porto-di-eso-grande\/#breadcrumb\",\"itemListElement\":[{\"@type\":\"ListItem\",\"position\":1,\"name\":\"Home\",\"item\":\"https:\/\/www.ferrycroatia.com\/it\/\"},{\"@type\":\"ListItem\",\"position\":2,\"name\":\"Porto di Veli Iz\"}]},{\"@type\":\"WebSite\",\"@id\":\"https:\/\/www.ferrycroatia.com\/it\/#website\",\"url\":\"https:\/\/www.ferrycroatia.com\/it\/\",\"name\":\"Traghetto Croazia\",\"description\":\"Info e orari per tutti i catamarani e traghetti in Croazia\",\"potentialAction\":[{\"@type\":\"SearchAction\",\"target\":{\"@type\":\"EntryPoint\",\"urlTemplate\":\"https:\/\/www.ferrycroatia.com\/it\/?s={search_term_string}\"},\"query-input\":\"required name=search_term_string\"}],\"inLanguage\":\"en-US\"}]}<\/script>\n<!-- \/ Yoast SEO plugin. -->","yoast_head_json":{"title":"Porto di Veli Iz, partenze di catamarani e traghetti veloci","description":"Porto di Veli Iz informazioni, posizione e servizi disponibili. Come arrivarci, e tutti i traghetti veloci e catamarani che partono da e fino a Veli Iz.","robots":{"index":"index","follow":"follow","max-snippet":"max-snippet:-1","max-image-preview":"max-image-preview:large","max-video-preview":"max-video-preview:-1"},"canonical":"https:\/\/www.ferrycroatia.com\/it\/porto-di-eso-grande\/","og_locale":"en_US","og_type":"article","og_title":"Porto di Veli Iz, partenze di catamarani e traghetti veloci","og_description":"Porto di Veli Iz informazioni, posizione e servizi disponibili. Come arrivarci, e tutti i traghetti veloci e catamarani che partono da e fino a Veli Iz.","og_url":"https:\/\/www.ferrycroatia.com\/it\/porto-di-eso-grande\/","og_site_name":"Traghetto Croazia","article_modified_time":"2021-08-19T11:32:39+00:00","og_image":[{"url":"https:\/\/ferrycroatia.com\/it\/wp-content\/uploads\/2021\/02\/Veli-Iz-catamaran.jpg"}],"twitter_card":"summary_large_image","twitter_misc":{"Est. reading time":"2 minutes"},"schema":{"@context":"https:\/\/schema.org","@graph":[{"@type":"WebPage","@id":"https:\/\/www.ferrycroatia.com\/it\/porto-di-eso-grande\/","url":"https:\/\/www.ferrycroatia.com\/it\/porto-di-eso-grande\/","name":"Porto di Veli Iz, partenze di catamarani e traghetti veloci","isPartOf":{"@id":"https:\/\/www.ferrycroatia.com\/it\/#website"},"datePublished":"2021-02-05T13:05:37+00:00","dateModified":"2021-08-19T11:32:39+00:00","description":"Porto di Veli Iz informazioni, posizione e servizi disponibili. Come arrivarci, e tutti i traghetti veloci e catamarani che partono da e fino a Veli Iz.","breadcrumb":{"@id":"https:\/\/www.ferrycroatia.com\/it\/porto-di-eso-grande\/#breadcrumb"},"inLanguage":"en-US","potentialAction":[{"@type":"ReadAction","target":["https:\/\/www.ferrycroatia.com\/it\/porto-di-eso-grande\/"]}]},{"@type":"BreadcrumbList","@id":"https:\/\/www.ferrycroatia.com\/it\/porto-di-eso-grande\/#breadcrumb","itemListElement":[{"@type":"ListItem","position":1,"name":"Home","item":"https:\/\/www.ferrycroatia.com\/it\/"},{"@type":"ListItem","position":2,"name":"Porto di Veli Iz"}]},{"@type":"WebSite","@id":"https:\/\/www.ferrycroatia.com\/it\/#website","url":"https:\/\/www.ferrycroatia.com\/it\/","name":"Traghetto Croazia","description":"Info e orari per tutti i catamarani e traghetti in Croazia","potentialAction":[{"@type":"SearchAction","target":{"@type":"EntryPoint","urlTemplate":"https:\/\/www.ferrycroatia.com\/it\/?s={search_term_string}"},"query-input":"required name=search_term_string"}],"inLanguage":"en-US"}]}},"_links":{"self":[{"href":"https:\/\/www.ferrycroatia.com\/it\/wp-json\/wp\/v2\/pages\/1805"}],"collection":[{"href":"https:\/\/www.ferrycroatia.com\/it\/wp-json\/wp\/v2\/pages"}],"about":[{"href":"https:\/\/www.ferrycroatia.com\/it\/wp-json\/wp\/v2\/types\/page"}],"author":[{"embeddable":true,"href":"https:\/\/www.ferrycroatia.com\/it\/wp-json\/wp\/v2\/users\/5"}],"replies":[{"embeddable":true,"href":"https:\/\/www.ferrycroatia.com\/it\/wp-json\/wp\/v2\/comments?post=1805"}],"version-history":[{"count":4,"href":"https:\/\/www.ferrycroatia.com\/it\/wp-json\/wp\/v2\/pages\/1805\/revisions"}],"predecessor-version":[{"id":3125,"href":"https:\/\/www.ferrycroatia.com\/it\/wp-json\/wp\/v2\/pages\/1805\/revisions\/3125"}],"wp:attachment":[{"href":"https:\/\/www.ferrycroatia.com\/it\/wp-json\/wp\/v2\/media?parent=1805"}],"curies":[{"name":"wp","href":"https:\/\/api.w.org\/{rel}","templated":true}]}}