{"id":1808,"date":"2021-02-05T13:14:28","date_gmt":"2021-02-05T13:14:28","guid":{"rendered":"https:\/\/ferrycroatia.com\/it\/?page_id=1808"},"modified":"2024-04-08T10:52:06","modified_gmt":"2024-04-08T08:52:06","slug":"porto-di-lissa","status":"publish","type":"page","link":"https:\/\/www.ferrycroatia.com\/it\/porto-di-lissa\/","title":{"rendered":"Porto di Vis"},"content":{"rendered":"\n<p>Il porto dei traghetti di Lissa (Vis) si trova direttamente <strong>nel centro della citt\u00e0 di Lissa<\/strong>. Il porto non \u00e8 molto grande, quindi prima dell&#8217;arrivo e della partenza dei traghetti, il porto pu\u00f2 essere piuttosto affollato (soprattutto nella stagione estiva).<\/p>\n\n\n\n<p>Vicino al porto si possono trovare chioschi, supermercati, bar, ristoranti e fast food, quindi spendere il tempo fino all&#8217;arrivo del traghetto non dovrebbe essere un problema.<\/p>\n\n\n\n<p><b>Arrivare al porto dei traghetti di Lissa:<\/b><\/p>\n\n\n\n<p>Se alloggia nella citt\u00e0 di Lissa, pu\u00f2 raggiungere il porto a piedi. Anche se rimane nella parte orientale della citt\u00e0, si tratta di una distanza massima di 1 km.<\/p>\n\n\n\n<p>Se <strong>rimane a Komiza<\/strong>, pu\u00f2 prendere l&#8217;autobus che parte in modo da poter essere a Lissa in tempo per prendere il traghetto o il catamarano. Dalla maggior parte delle altre parti dell&#8217;isola, dovr\u00e0 organizzare il trasporto da solo alla citt\u00e0 di Lissa.<\/p>\n\n\n\n<p><b>Traghetti per Lissa<\/b><\/p>\n\n\n\n<ul><li><a href=\"https:\/\/www.ferrycroatia.com\/it\/spalato-lissa\/\">Da Spalato a Lissa<\/a> &#8211; Traghetto e catamarano<\/li><li><a href=\"https:\/\/www.ferrycroatia.com\/it\/lesina-lissa\/\">Da Lesina a Lissa<\/a> &#8211; Catamarano<\/li><li><a href=\"https:\/\/www.ferrycroatia.com\/it\/milna-lissa\/\">Da Milna a Lissa<\/a> &#8211; Catamarano<\/li><\/ul>\n\n\n\n<p><b>Traghetti da Lissa<\/b><\/p>\n\n\n\n<ul><li><a href=\"https:\/\/www.ferrycroatia.com\/it\/lissa-spalato\/\">Da Lissa a Spalato<\/a> &#8211; Traghetto e catamarano<\/li><li><a href=\"https:\/\/www.ferrycroatia.com\/it\/vis-hvar\/\">Da Lissa a Lesina<\/a> &#8211; Catamarano<\/li><li><a href=\"https:\/\/www.ferrycroatia.com\/it\/vis-milna\/\">Da Lissa a Milna<\/a> &#8211; Catamarano<\/li><\/ul>\n\n\n\n<p><strong><span class=\"VIiyi\" lang=\"it\"><span class=\"JLqJ4b ChMk0b\" data-language-for-alternatives=\"it\" data-language-to-translate-into=\"en\" data-phrase-index=\"0\">Mappa del porto della citt\u00e0 di Lissa<\/span><\/span><\/strong><\/p>\n\n\n\n<figure class=\"wp-block-image\"><img decoding=\"async\" loading=\"lazy\" width=\"1917\" height=\"952\" data-src=\"https:\/\/ferrycroatia.com\/it\/wp-content\/uploads\/2021\/02\/Vis-Port.jpg\" alt=\"\" class=\"wp-image-1810\" data-srcset=\"https:\/\/www.ferrycroatia.com\/it\/wp-content\/uploads\/2021\/02\/Vis-Port.jpg 1917w, https:\/\/www.ferrycroatia.com\/it\/wp-content\/uploads\/2021\/02\/Vis-Port-300x149.jpg 300w, https:\/\/www.ferrycroatia.com\/it\/wp-content\/uploads\/2021\/02\/Vis-Port-1024x509.jpg 1024w, https:\/\/www.ferrycroatia.com\/it\/wp-content\/uploads\/2021\/02\/Vis-Port-768x381.jpg 768w, https:\/\/www.ferrycroatia.com\/it\/wp-content\/uploads\/2021\/02\/Vis-Port-1536x763.jpg 1536w\" sizes=\"(max-width: 1917px) 100vw, 1917px\" \/><\/figure>\n\n\n\n<h3>Guarda la nostra guida video dettagliata sull&#8217;isola di Vis<\/h3>\n\n\n\n<figure class=\"wp-block-embed is-type-video is-provider-youtube wp-block-embed-youtube wp-embed-aspect-16-9 wp-has-aspect-ratio\"><div class=\"wp-block-embed__wrapper\">\n<iframe loading=\"lazy\" title=\"Vis, Croatia: A Local&#039;s Guide to Paradise Island\" width=\"740\" height=\"416\" src=\"https:\/\/www.youtube.com\/embed\/-k5OIMR0RBI?start=1&#038;feature=oembed\" frameborder=\"0\" allow=\"accelerometer; autoplay; clipboard-write; encrypted-media; gyroscope; picture-in-picture; web-share\" referrerpolicy=\"strict-origin-when-cross-origin\" allowfullscreen><\/iframe>\n<\/div><\/figure>\n","protected":false},"excerpt":{"rendered":"<p>Il porto dei traghetti di Lissa (Vis) si trova direttamente nel centro della citt\u00e0 di Lissa. Il porto non \u00e8 molto grande, quindi prima dell&#8217;arrivo e della partenza dei traghetti, il porto pu\u00f2 essere piuttosto affollato (soprattutto nella stagione estiva). Vicino al porto si possono trovare chioschi, supermercati, bar, ristoranti e fast food, quindi spendere [&hellip;]<\/p>\n<p><a class=\"more-link\" href=\"https:\/\/www.ferrycroatia.com\/it\/porto-di-lissa\/\"> Continue reading&#8230;<\/a><\/p>\n","protected":false},"author":5,"featured_media":0,"parent":0,"menu_order":0,"comment_status":"closed","ping_status":"closed","template":"","meta":[],"yoast_head":"<!-- This site is optimized with the Yoast SEO plugin v19.8 - https:\/\/yoast.com\/wordpress\/plugins\/seo\/ -->\n<title>Porto di Vis, partenze e arrivi dei traghetti e catamarani<\/title>\n<meta name=\"description\" content=\"Porto di Vis informazioni, posizione e servizi disponibili. Come arrivarci, e tutti i traghetti e catamarani che partono da e fino a Vis.\" \/>\n<meta name=\"robots\" content=\"index, follow, max-snippet:-1, max-image-preview:large, max-video-preview:-1\" \/>\n<link rel=\"canonical\" href=\"https:\/\/www.ferrycroatia.com\/it\/porto-di-lissa\/\" \/>\n<meta property=\"og:locale\" content=\"en_US\" \/>\n<meta property=\"og:type\" content=\"article\" \/>\n<meta property=\"og:title\" content=\"Porto di Vis, partenze e arrivi dei traghetti e catamarani\" \/>\n<meta property=\"og:description\" content=\"Porto di Vis informazioni, posizione e servizi disponibili. Come arrivarci, e tutti i traghetti e catamarani che partono da e fino a Vis.\" \/>\n<meta property=\"og:url\" content=\"https:\/\/www.ferrycroatia.com\/it\/porto-di-lissa\/\" \/>\n<meta property=\"og:site_name\" content=\"Traghetto Croazia\" \/>\n<meta property=\"article:modified_time\" content=\"2024-04-08T08:52:06+00:00\" \/>\n<meta property=\"og:image\" content=\"https:\/\/ferrycroatia.com\/it\/wp-content\/uploads\/2021\/02\/Vis-Port.jpg\" \/>\n<meta name=\"twitter:card\" content=\"summary_large_image\" \/>\n<meta name=\"twitter:label1\" content=\"Est. reading time\" \/>\n\t<meta name=\"twitter:data1\" content=\"2 minutes\" \/>\n<script type=\"application\/ld+json\" class=\"yoast-schema-graph\">{\"@context\":\"https:\/\/schema.org\",\"@graph\":[{\"@type\":\"WebPage\",\"@id\":\"https:\/\/www.ferrycroatia.com\/it\/porto-di-lissa\/\",\"url\":\"https:\/\/www.ferrycroatia.com\/it\/porto-di-lissa\/\",\"name\":\"Porto di Vis, partenze e arrivi dei traghetti e catamarani\",\"isPartOf\":{\"@id\":\"https:\/\/www.ferrycroatia.com\/it\/#website\"},\"datePublished\":\"2021-02-05T13:14:28+00:00\",\"dateModified\":\"2024-04-08T08:52:06+00:00\",\"description\":\"Porto di Vis informazioni, posizione e servizi disponibili. Come arrivarci, e tutti i traghetti e catamarani che partono da e fino a Vis.\",\"breadcrumb\":{\"@id\":\"https:\/\/www.ferrycroatia.com\/it\/porto-di-lissa\/#breadcrumb\"},\"inLanguage\":\"en-US\",\"potentialAction\":[{\"@type\":\"ReadAction\",\"target\":[\"https:\/\/www.ferrycroatia.com\/it\/porto-di-lissa\/\"]}]},{\"@type\":\"BreadcrumbList\",\"@id\":\"https:\/\/www.ferrycroatia.com\/it\/porto-di-lissa\/#breadcrumb\",\"itemListElement\":[{\"@type\":\"ListItem\",\"position\":1,\"name\":\"Home\",\"item\":\"https:\/\/www.ferrycroatia.com\/it\/\"},{\"@type\":\"ListItem\",\"position\":2,\"name\":\"Porto di Vis\"}]},{\"@type\":\"WebSite\",\"@id\":\"https:\/\/www.ferrycroatia.com\/it\/#website\",\"url\":\"https:\/\/www.ferrycroatia.com\/it\/\",\"name\":\"Traghetto Croazia\",\"description\":\"Info e orari per tutti i catamarani e traghetti in Croazia\",\"potentialAction\":[{\"@type\":\"SearchAction\",\"target\":{\"@type\":\"EntryPoint\",\"urlTemplate\":\"https:\/\/www.ferrycroatia.com\/it\/?s={search_term_string}\"},\"query-input\":\"required name=search_term_string\"}],\"inLanguage\":\"en-US\"}]}<\/script>\n<!-- \/ Yoast SEO plugin. -->","yoast_head_json":{"title":"Porto di Vis, partenze e arrivi dei traghetti e catamarani","description":"Porto di Vis informazioni, posizione e servizi disponibili. Come arrivarci, e tutti i traghetti e catamarani che partono da e fino a Vis.","robots":{"index":"index","follow":"follow","max-snippet":"max-snippet:-1","max-image-preview":"max-image-preview:large","max-video-preview":"max-video-preview:-1"},"canonical":"https:\/\/www.ferrycroatia.com\/it\/porto-di-lissa\/","og_locale":"en_US","og_type":"article","og_title":"Porto di Vis, partenze e arrivi dei traghetti e catamarani","og_description":"Porto di Vis informazioni, posizione e servizi disponibili. Come arrivarci, e tutti i traghetti e catamarani che partono da e fino a Vis.","og_url":"https:\/\/www.ferrycroatia.com\/it\/porto-di-lissa\/","og_site_name":"Traghetto Croazia","article_modified_time":"2024-04-08T08:52:06+00:00","og_image":[{"url":"https:\/\/ferrycroatia.com\/it\/wp-content\/uploads\/2021\/02\/Vis-Port.jpg"}],"twitter_card":"summary_large_image","twitter_misc":{"Est. reading time":"2 minutes"},"schema":{"@context":"https:\/\/schema.org","@graph":[{"@type":"WebPage","@id":"https:\/\/www.ferrycroatia.com\/it\/porto-di-lissa\/","url":"https:\/\/www.ferrycroatia.com\/it\/porto-di-lissa\/","name":"Porto di Vis, partenze e arrivi dei traghetti e catamarani","isPartOf":{"@id":"https:\/\/www.ferrycroatia.com\/it\/#website"},"datePublished":"2021-02-05T13:14:28+00:00","dateModified":"2024-04-08T08:52:06+00:00","description":"Porto di Vis informazioni, posizione e servizi disponibili. Come arrivarci, e tutti i traghetti e catamarani che partono da e fino a Vis.","breadcrumb":{"@id":"https:\/\/www.ferrycroatia.com\/it\/porto-di-lissa\/#breadcrumb"},"inLanguage":"en-US","potentialAction":[{"@type":"ReadAction","target":["https:\/\/www.ferrycroatia.com\/it\/porto-di-lissa\/"]}]},{"@type":"BreadcrumbList","@id":"https:\/\/www.ferrycroatia.com\/it\/porto-di-lissa\/#breadcrumb","itemListElement":[{"@type":"ListItem","position":1,"name":"Home","item":"https:\/\/www.ferrycroatia.com\/it\/"},{"@type":"ListItem","position":2,"name":"Porto di Vis"}]},{"@type":"WebSite","@id":"https:\/\/www.ferrycroatia.com\/it\/#website","url":"https:\/\/www.ferrycroatia.com\/it\/","name":"Traghetto Croazia","description":"Info e orari per tutti i catamarani e traghetti in Croazia","potentialAction":[{"@type":"SearchAction","target":{"@type":"EntryPoint","urlTemplate":"https:\/\/www.ferrycroatia.com\/it\/?s={search_term_string}"},"query-input":"required name=search_term_string"}],"inLanguage":"en-US"}]}},"_links":{"self":[{"href":"https:\/\/www.ferrycroatia.com\/it\/wp-json\/wp\/v2\/pages\/1808"}],"collection":[{"href":"https:\/\/www.ferrycroatia.com\/it\/wp-json\/wp\/v2\/pages"}],"about":[{"href":"https:\/\/www.ferrycroatia.com\/it\/wp-json\/wp\/v2\/types\/page"}],"author":[{"embeddable":true,"href":"https:\/\/www.ferrycroatia.com\/it\/wp-json\/wp\/v2\/users\/5"}],"replies":[{"embeddable":true,"href":"https:\/\/www.ferrycroatia.com\/it\/wp-json\/wp\/v2\/comments?post=1808"}],"version-history":[{"count":7,"href":"https:\/\/www.ferrycroatia.com\/it\/wp-json\/wp\/v2\/pages\/1808\/revisions"}],"predecessor-version":[{"id":3871,"href":"https:\/\/www.ferrycroatia.com\/it\/wp-json\/wp\/v2\/pages\/1808\/revisions\/3871"}],"wp:attachment":[{"href":"https:\/\/www.ferrycroatia.com\/it\/wp-json\/wp\/v2\/media?parent=1808"}],"curies":[{"name":"wp","href":"https:\/\/api.w.org\/{rel}","templated":true}]}}