{"id":1813,"date":"2021-02-05T13:25:42","date_gmt":"2021-02-05T13:25:42","guid":{"rendered":"https:\/\/ferrycroatia.com\/it\/?page_id=1813"},"modified":"2021-08-19T14:11:59","modified_gmt":"2021-08-19T12:11:59","slug":"porto-di-vodice","status":"publish","type":"page","link":"https:\/\/www.ferrycroatia.com\/it\/porto-di-vodice\/","title":{"rendered":"Porto di Vodice"},"content":{"rendered":"\n<p>Vodizze (Vodice) \u00e8 una <strong>piccola citt\u00e0 nella regione di Sebenico<\/strong>, situata a circa 10 km dalla citt\u00e0 di Sebenico. Il molo da cui parte la <strong>nave verso Prvic, Kaprije, Zirje e la citt\u00e0 di Sebenico<\/strong> si trova nel centro della citt\u00e0, vicino all&#8217;<strong>ACI Marina e alla passeggiata principale in riva al mare<\/strong>. La stazione principale degli autobus si trova a pochi minuti dal molo di partenza e alcuni autobus fermano sulla strada costiera principale che dista circa 700 m dal molo.<\/p>\n\n\n\n<p><span style=\"text-decoration: underline;\"><b>Arrivare da e per il terminal dei traghetti di Vodizze:<\/b><\/span><\/p>\n\n\n\n<p>Vodizze \u00e8 una piccola citt\u00e0, quindi se soggiornate l\u00ec e volete raggiungere <strong>l&#8217;isola di Prvic, Kaprije, Zirje<\/strong>, non sar\u00e0 difficile raggiungere il porto poich\u00e9 si trova nel centro della citt\u00e0. La <strong>passeggiata principale in riva al mare<\/strong> \u00e8 proprio accanto al porto. Se avete molti bagagli, potete chiamare un taxi che non vi coster\u00e0 molto poich\u00e9 \u00e8 una <strong>distanza piuttosto piccola<\/strong>, ovunque sia il vostro alloggio a Vodizze.<\/p>\n\n\n\n<p><span style=\"text-decoration: underline;\"><b>Arrivare dall&#8217;Aeroporto di Zara al porto di Vodice:<\/b><\/span><\/p>\n\n\n\n<p>L&#8217;aeroporto pi\u00f9 vicino \u00e8 l&#8217;<strong>Aeroporto di Zara situato a circa 60 km da Vodizze <\/strong>(a circa 10 km da Zara). Una volta atterrati, potete <strong>prendere un trasferimento prenotato in anticipo o prendere un taxi<\/strong> direttamente al porto di Vodizze. Ci sono anche <strong>bus navetta<\/strong> che partono dall&#8217;aeroporto verso Zara (tutti si fermano alla stazione principale degli autobus che si trova a pochi minuti dal terminal dei traghetti). Il <strong>biglietto costa circa 25 kn = 3 euro<\/strong> e il viaggio fino alla stazione principale degli autobus di Zara dura 15-20 minuti. <strong>Quando raggiungete la <a href=\"https:\/\/getbybus.com\/it\/bus-da-zara\">stazione principale degli autobus di Zara<\/a><\/strong>, dovete acquistare il biglietto per Vodizze.<\/p>\n\n\n\n<p>Se volete saperne di pi\u00f9 su come andarcene dall&#8217;Aeroporto di Zara, potete cliccare <a href=\"https:\/\/getbybus.com\/it\/blog\/autobus-aeroporto-di-zara\/\">qui<\/a>.<\/p>\n\n\n\n<p><span style=\"text-decoration: underline;\"><b>Cosa potete trovare nel porto di Vodizze:<\/b><\/span><\/p>\n\n\n\n<p>Come avete gi\u00e0 letto sopra, il porto di Vodizze <strong>si trova proprio nel centro della citt\u00e0<\/strong>, vicino alla passeggiata in riva al mare. Ovviamente la maggior parte delle strutture della citt\u00e0 si trovano nelle vicinanze: <strong>bar, ristoranti, negozi<\/strong>, ecc.<\/p>\n\n\n\n<p><span style=\"text-decoration: underline;\"><b>Indirizzo del porto di Vodizze:<\/b><\/span><\/p>\n\n\n\n<blockquote class=\"wp-block-quote\"><p>Obala Ive Juriceva Cota 1<\/p><p>22211 Vodice<\/p><p><strong>Coordinate GPS:<\/strong> 43.75613, 15.77797<\/p><\/blockquote>\n\n\n\n<figure class=\"wp-block-image\"><img decoding=\"async\" loading=\"lazy\" width=\"800\" height=\"585\" data-src=\"https:\/\/ferrycroatia.com\/it\/wp-content\/uploads\/2021\/02\/Vodicee.jpg\" alt=\"\" class=\"wp-image-1814\" data-srcset=\"https:\/\/www.ferrycroatia.com\/it\/wp-content\/uploads\/2021\/02\/Vodicee.jpg 800w, https:\/\/www.ferrycroatia.com\/it\/wp-content\/uploads\/2021\/02\/Vodicee-300x219.jpg 300w, https:\/\/www.ferrycroatia.com\/it\/wp-content\/uploads\/2021\/02\/Vodicee-768x562.jpg 768w\" sizes=\"(max-width: 800px) 100vw, 800px\" \/><\/figure>\n\n\n\n<p><span style=\"text-decoration: underline;\"><b>Elenco delle rotte:<\/b><\/span><\/p>\n\n\n\n<p>\u2192 Nave: Sebenico &#8211; Zlarin &#8211; Porto di Prvic &#8211; Sepurine &#8211; Vodizze<\/p>\n\n\n\n<ul><li><a href=\"https:\/\/www.ferrycroatia.com\/it\/vodizze-sebenico\/\">Vodizze &#8211; Sebenico<\/a><\/li><li><a href=\"https:\/\/www.ferrycroatia.com\/it\/vodizze-slarino\/\">Vodizze &#8211; Zlarin<\/a><\/li><li><a href=\"https:\/\/www.ferrycroatia.com\/it\/vodizze-provicchio\/\">Vodizze &#8211; Prvic Luka<\/a><\/li><li><a href=\"https:\/\/www.ferrycroatia.com\/it\/vodizze-sepurine\/\">Vodizze &#8211; Sepurine<\/a><\/li><\/ul>\n","protected":false},"excerpt":{"rendered":"<p>Vodizze (Vodice) \u00e8 una piccola citt\u00e0 nella regione di Sebenico, situata a circa 10 km dalla citt\u00e0 di Sebenico. Il molo da cui parte la nave verso Prvic, Kaprije, Zirje e la citt\u00e0 di Sebenico si trova nel centro della citt\u00e0, vicino all&#8217;ACI Marina e alla passeggiata principale in riva al mare. La stazione principale [&hellip;]<\/p>\n<p><a class=\"more-link\" href=\"https:\/\/www.ferrycroatia.com\/it\/porto-di-vodice\/\"> Continue reading&#8230;<\/a><\/p>\n","protected":false},"author":5,"featured_media":1815,"parent":0,"menu_order":0,"comment_status":"closed","ping_status":"closed","template":"","meta":[],"yoast_head":"<!-- This site is optimized with the Yoast SEO plugin v19.8 - https:\/\/yoast.com\/wordpress\/plugins\/seo\/ -->\n<title>Porto di Vodice, partenze e arrivi di traghetti e battelli<\/title>\n<meta name=\"description\" content=\"Porto di Vodice informazioni, posizione e servizi disponibili. Come arrivarci, e tutti i traghetti battelli che partono da e fino a Vodice.\" \/>\n<meta name=\"robots\" content=\"index, follow, max-snippet:-1, max-image-preview:large, max-video-preview:-1\" \/>\n<link rel=\"canonical\" href=\"https:\/\/www.ferrycroatia.com\/it\/porto-di-vodice\/\" \/>\n<meta property=\"og:locale\" content=\"en_US\" \/>\n<meta property=\"og:type\" content=\"article\" \/>\n<meta property=\"og:title\" content=\"Porto di Vodice, partenze e arrivi di traghetti e battelli\" \/>\n<meta property=\"og:description\" content=\"Porto di Vodice informazioni, posizione e servizi disponibili. Come arrivarci, e tutti i traghetti battelli che partono da e fino a Vodice.\" \/>\n<meta property=\"og:url\" content=\"https:\/\/www.ferrycroatia.com\/it\/porto-di-vodice\/\" \/>\n<meta property=\"og:site_name\" content=\"Traghetto Croazia\" \/>\n<meta property=\"article:modified_time\" content=\"2021-08-19T12:11:59+00:00\" \/>\n<meta property=\"og:image\" content=\"https:\/\/www.ferrycroatia.com\/it\/wp-content\/uploads\/2021\/02\/Vodice-1.jpg\" \/>\n\t<meta property=\"og:image:width\" content=\"1024\" \/>\n\t<meta property=\"og:image:height\" content=\"768\" \/>\n\t<meta property=\"og:image:type\" content=\"image\/jpeg\" \/>\n<meta name=\"twitter:card\" content=\"summary_large_image\" \/>\n<meta name=\"twitter:label1\" content=\"Est. reading time\" \/>\n\t<meta name=\"twitter:data1\" content=\"2 minutes\" \/>\n<script type=\"application\/ld+json\" class=\"yoast-schema-graph\">{\"@context\":\"https:\/\/schema.org\",\"@graph\":[{\"@type\":\"WebPage\",\"@id\":\"https:\/\/www.ferrycroatia.com\/it\/porto-di-vodice\/\",\"url\":\"https:\/\/www.ferrycroatia.com\/it\/porto-di-vodice\/\",\"name\":\"Porto di Vodice, partenze e arrivi di traghetti e battelli\",\"isPartOf\":{\"@id\":\"https:\/\/www.ferrycroatia.com\/it\/#website\"},\"datePublished\":\"2021-02-05T13:25:42+00:00\",\"dateModified\":\"2021-08-19T12:11:59+00:00\",\"description\":\"Porto di Vodice informazioni, posizione e servizi disponibili. Come arrivarci, e tutti i traghetti battelli che partono da e fino a Vodice.\",\"breadcrumb\":{\"@id\":\"https:\/\/www.ferrycroatia.com\/it\/porto-di-vodice\/#breadcrumb\"},\"inLanguage\":\"en-US\",\"potentialAction\":[{\"@type\":\"ReadAction\",\"target\":[\"https:\/\/www.ferrycroatia.com\/it\/porto-di-vodice\/\"]}]},{\"@type\":\"BreadcrumbList\",\"@id\":\"https:\/\/www.ferrycroatia.com\/it\/porto-di-vodice\/#breadcrumb\",\"itemListElement\":[{\"@type\":\"ListItem\",\"position\":1,\"name\":\"Home\",\"item\":\"https:\/\/www.ferrycroatia.com\/it\/\"},{\"@type\":\"ListItem\",\"position\":2,\"name\":\"Porto di Vodice\"}]},{\"@type\":\"WebSite\",\"@id\":\"https:\/\/www.ferrycroatia.com\/it\/#website\",\"url\":\"https:\/\/www.ferrycroatia.com\/it\/\",\"name\":\"Traghetto Croazia\",\"description\":\"Info e orari per tutti i catamarani e traghetti in Croazia\",\"potentialAction\":[{\"@type\":\"SearchAction\",\"target\":{\"@type\":\"EntryPoint\",\"urlTemplate\":\"https:\/\/www.ferrycroatia.com\/it\/?s={search_term_string}\"},\"query-input\":\"required name=search_term_string\"}],\"inLanguage\":\"en-US\"}]}<\/script>\n<!-- \/ Yoast SEO plugin. -->","yoast_head_json":{"title":"Porto di Vodice, partenze e arrivi di traghetti e battelli","description":"Porto di Vodice informazioni, posizione e servizi disponibili. Come arrivarci, e tutti i traghetti battelli che partono da e fino a Vodice.","robots":{"index":"index","follow":"follow","max-snippet":"max-snippet:-1","max-image-preview":"max-image-preview:large","max-video-preview":"max-video-preview:-1"},"canonical":"https:\/\/www.ferrycroatia.com\/it\/porto-di-vodice\/","og_locale":"en_US","og_type":"article","og_title":"Porto di Vodice, partenze e arrivi di traghetti e battelli","og_description":"Porto di Vodice informazioni, posizione e servizi disponibili. Come arrivarci, e tutti i traghetti battelli che partono da e fino a Vodice.","og_url":"https:\/\/www.ferrycroatia.com\/it\/porto-di-vodice\/","og_site_name":"Traghetto Croazia","article_modified_time":"2021-08-19T12:11:59+00:00","og_image":[{"width":1024,"height":768,"url":"https:\/\/www.ferrycroatia.com\/it\/wp-content\/uploads\/2021\/02\/Vodice-1.jpg","type":"image\/jpeg"}],"twitter_card":"summary_large_image","twitter_misc":{"Est. reading time":"2 minutes"},"schema":{"@context":"https:\/\/schema.org","@graph":[{"@type":"WebPage","@id":"https:\/\/www.ferrycroatia.com\/it\/porto-di-vodice\/","url":"https:\/\/www.ferrycroatia.com\/it\/porto-di-vodice\/","name":"Porto di Vodice, partenze e arrivi di traghetti e battelli","isPartOf":{"@id":"https:\/\/www.ferrycroatia.com\/it\/#website"},"datePublished":"2021-02-05T13:25:42+00:00","dateModified":"2021-08-19T12:11:59+00:00","description":"Porto di Vodice informazioni, posizione e servizi disponibili. Come arrivarci, e tutti i traghetti battelli che partono da e fino a Vodice.","breadcrumb":{"@id":"https:\/\/www.ferrycroatia.com\/it\/porto-di-vodice\/#breadcrumb"},"inLanguage":"en-US","potentialAction":[{"@type":"ReadAction","target":["https:\/\/www.ferrycroatia.com\/it\/porto-di-vodice\/"]}]},{"@type":"BreadcrumbList","@id":"https:\/\/www.ferrycroatia.com\/it\/porto-di-vodice\/#breadcrumb","itemListElement":[{"@type":"ListItem","position":1,"name":"Home","item":"https:\/\/www.ferrycroatia.com\/it\/"},{"@type":"ListItem","position":2,"name":"Porto di Vodice"}]},{"@type":"WebSite","@id":"https:\/\/www.ferrycroatia.com\/it\/#website","url":"https:\/\/www.ferrycroatia.com\/it\/","name":"Traghetto Croazia","description":"Info e orari per tutti i catamarani e traghetti in Croazia","potentialAction":[{"@type":"SearchAction","target":{"@type":"EntryPoint","urlTemplate":"https:\/\/www.ferrycroatia.com\/it\/?s={search_term_string}"},"query-input":"required name=search_term_string"}],"inLanguage":"en-US"}]}},"_links":{"self":[{"href":"https:\/\/www.ferrycroatia.com\/it\/wp-json\/wp\/v2\/pages\/1813"}],"collection":[{"href":"https:\/\/www.ferrycroatia.com\/it\/wp-json\/wp\/v2\/pages"}],"about":[{"href":"https:\/\/www.ferrycroatia.com\/it\/wp-json\/wp\/v2\/types\/page"}],"author":[{"embeddable":true,"href":"https:\/\/www.ferrycroatia.com\/it\/wp-json\/wp\/v2\/users\/5"}],"replies":[{"embeddable":true,"href":"https:\/\/www.ferrycroatia.com\/it\/wp-json\/wp\/v2\/comments?post=1813"}],"version-history":[{"count":4,"href":"https:\/\/www.ferrycroatia.com\/it\/wp-json\/wp\/v2\/pages\/1813\/revisions"}],"predecessor-version":[{"id":3175,"href":"https:\/\/www.ferrycroatia.com\/it\/wp-json\/wp\/v2\/pages\/1813\/revisions\/3175"}],"wp:featuredmedia":[{"embeddable":true,"href":"https:\/\/www.ferrycroatia.com\/it\/wp-json\/wp\/v2\/media\/1815"}],"wp:attachment":[{"href":"https:\/\/www.ferrycroatia.com\/it\/wp-json\/wp\/v2\/media?parent=1813"}],"curies":[{"name":"wp","href":"https:\/\/api.w.org\/{rel}","templated":true}]}}