{"id":1817,"date":"2021-02-05T13:47:22","date_gmt":"2021-02-05T13:47:22","guid":{"rendered":"https:\/\/ferrycroatia.com\/it\/?page_id=1817"},"modified":"2021-08-19T14:14:03","modified_gmt":"2021-08-19T12:14:03","slug":"porto-di-zara","status":"publish","type":"page","link":"https:\/\/www.ferrycroatia.com\/it\/porto-di-zara\/","title":{"rendered":"Porto di Zara"},"content":{"rendered":"\n<p>Zara \u00e8 una citt\u00e0 storica nella Dalmazia centrale molto popolare tra i turisti perch\u00e9 \u00e8 perfettamente<strong> collegata a quasi tutte le isole dell&#8217;arcipelago di Zara<\/strong>; esiste anche un collegamento con Ancona in Italia. La maggior parte dei collegamenti in traghetto sono ora gestiti dal <strong>terminal dei traghetti di Gazenica<\/strong>, situato a sud-est della citt\u00e0 vecchia di Zara e del suo porto principale dei traghetti. C&#8217;\u00e8 un edificio dell&#8217;autorit\u00e0 portuale nel porto, ma senza molte strutture di servizio.<\/p>\n\n\n\n<p>Tuttavia, ci sono alcuni collegamenti in catamarano e una linea di traghetti per l&#8217;Italia gestiti dal <strong>vecchio porto di Zara<\/strong>.<\/p>\n\n\n\n<p>La stazione principale degli autobus si trova <strong>tra il terminal dei traghetti di Gazenica<\/strong> e il centro storico (3,5 km da Gazenica e 2 km dal centro storico).<\/p>\n\n\n\n<div id=\"ez-toc-container\" class=\"ez-toc-v2_0_62 counter-hierarchy ez-toc-counter ez-toc-grey ez-toc-container-direction\">\n<div class=\"ez-toc-title-container\">\n<p class=\"ez-toc-title \" >Table of Contents<\/p>\n<span class=\"ez-toc-title-toggle\"><a href=\"#\" class=\"ez-toc-pull-right ez-toc-btn ez-toc-btn-xs ez-toc-btn-default ez-toc-toggle\" aria-label=\"Toggle Table of Content\"><span class=\"ez-toc-js-icon-con\"><span class=\"\"><span class=\"eztoc-hide\" style=\"display:none;\">Toggle<\/span><span class=\"ez-toc-icon-toggle-span\"><svg style=\"fill: #070c63;color:#070c63\" xmlns=\"http:\/\/www.w3.org\/2000\/svg\" class=\"list-377408\" width=\"20px\" height=\"20px\" viewBox=\"0 0 24 24\" fill=\"none\"><path d=\"M6 6H4v2h2V6zm14 0H8v2h12V6zM4 11h2v2H4v-2zm16 0H8v2h12v-2zM4 16h2v2H4v-2zm16 0H8v2h12v-2z\" fill=\"currentColor\"><\/path><\/svg><svg style=\"fill: #070c63;color:#070c63\" class=\"arrow-unsorted-368013\" xmlns=\"http:\/\/www.w3.org\/2000\/svg\" width=\"10px\" height=\"10px\" viewBox=\"0 0 24 24\" version=\"1.2\" baseProfile=\"tiny\"><path d=\"M18.2 9.3l-6.2-6.3-6.2 6.3c-.2.2-.3.4-.3.7s.1.5.3.7c.2.2.4.3.7.3h11c.3 0 .5-.1.7-.3.2-.2.3-.5.3-.7s-.1-.5-.3-.7zM5.8 14.7l6.2 6.3 6.2-6.3c.2-.2.3-.5.3-.7s-.1-.5-.3-.7c-.2-.2-.4-.3-.7-.3h-11c-.3 0-.5.1-.7.3-.2.2-.3.5-.3.7s.1.5.3.7z\"\/><\/svg><\/span><\/span><\/span><\/a><\/span><\/div>\n<nav><ul class='ez-toc-list ez-toc-list-level-1 eztoc-toggle-hide-by-default' ><li class='ez-toc-page-1 ez-toc-heading-level-2'><a class=\"ez-toc-link ez-toc-heading-1\" href=\"https:\/\/www.ferrycroatia.com\/it\/porto-di-zara\/#Arrivare_da_e_per_i_porti_di_Zara\" title=\"Arrivare da e per i porti di Zara:\">Arrivare da e per i porti di Zara:<\/a><\/li><li class='ez-toc-page-1 ez-toc-heading-level-2'><a class=\"ez-toc-link ez-toc-heading-2\" href=\"https:\/\/www.ferrycroatia.com\/it\/porto-di-zara\/#Arrivare_dallAeroporto_di_Zara_ai_porti\" title=\"Arrivare dall&#8217;Aeroporto di Zara ai porti:\">Arrivare dall&#8217;Aeroporto di Zara ai porti:<\/a><\/li><li class='ez-toc-page-1 ez-toc-heading-level-2'><a class=\"ez-toc-link ez-toc-heading-3\" href=\"https:\/\/www.ferrycroatia.com\/it\/porto-di-zara\/#Andare_da_altre_destinazioni_in_Croazia_e_in_Europa_al_terminal_dei_traghetti_porto_dei_catamarani_di_Zara\" title=\"Andare da altre destinazioni in Croazia e in Europa al terminal dei traghetti \/ porto dei catamarani di Zara:\">Andare da altre destinazioni in Croazia e in Europa al terminal dei traghetti \/ porto dei catamarani di Zara:<\/a><\/li><li class='ez-toc-page-1 ez-toc-heading-level-2'><a class=\"ez-toc-link ez-toc-heading-4\" href=\"https:\/\/www.ferrycroatia.com\/it\/porto-di-zara\/#Al_terminal_dei_traghetti_porto_dei_catamarani\" title=\"Al terminal dei traghetti \/ porto dei catamarani:\">Al terminal dei traghetti \/ porto dei catamarani:<\/a><\/li><li class='ez-toc-page-1 ez-toc-heading-level-2'><a class=\"ez-toc-link ez-toc-heading-5\" href=\"https:\/\/www.ferrycroatia.com\/it\/porto-di-zara\/#Posizione_del_terminal_dei_traghetti_porto_dei_catamarani_di_Zara\" title=\"Posizione del terminal dei traghetti \/ porto dei catamarani di Zara:\">Posizione del terminal dei traghetti \/ porto dei catamarani di Zara:<\/a><\/li><li class='ez-toc-page-1 ez-toc-heading-level-2'><a class=\"ez-toc-link ez-toc-heading-6\" href=\"https:\/\/www.ferrycroatia.com\/it\/porto-di-zara\/#Elenco_delle_rotte_di_traghetti_e_catamarani_da_Zara\" title=\"Elenco delle rotte di traghetti e catamarani da Zara:\">Elenco delle rotte di traghetti e catamarani da Zara:<\/a><ul class='ez-toc-list-level-3' ><li class='ez-toc-heading-level-3'><a class=\"ez-toc-link ez-toc-heading-7\" href=\"https:\/\/www.ferrycroatia.com\/it\/porto-di-zara\/#Traghetti_da_Zara\" title=\"Traghetti da Zara\">Traghetti da Zara<\/a><\/li><li class='ez-toc-page-1 ez-toc-heading-level-3'><a class=\"ez-toc-link ez-toc-heading-8\" href=\"https:\/\/www.ferrycroatia.com\/it\/porto-di-zara\/#Catamarani_da_Zara\" title=\"Catamarani da Zara\">Catamarani da Zara<\/a><\/li><li class='ez-toc-page-1 ez-toc-heading-level-3'><a class=\"ez-toc-link ez-toc-heading-9\" href=\"https:\/\/www.ferrycroatia.com\/it\/porto-di-zara\/#Navi_da_Zara\" title=\"Navi da Zara\">Navi da Zara<\/a><\/li><\/ul><\/li><li class='ez-toc-page-1 ez-toc-heading-level-2'><a class=\"ez-toc-link ez-toc-heading-10\" href=\"https:\/\/www.ferrycroatia.com\/it\/porto-di-zara\/#Orari_delle_partenze_da_Zara_in_ordine_alfabetico\" title=\"Orari delle partenze da Zara in ordine alfabetico:\">Orari delle partenze da Zara in ordine alfabetico:<\/a><\/li><\/ul><\/nav><\/div>\n<h2><span class=\"ez-toc-section\" id=\"Arrivare_da_e_per_i_porti_di_Zara\"><\/span><b>Arrivare da e per i porti di Zara:<\/b><span class=\"ez-toc-section-end\"><\/span><\/h2>\n\n\n\n<p>Se alloggia a Zara e se vuole<strong> raggiungere le isole di <a href=\"https:\/\/www.ferrycroatia.com\/it\/isola-di-ugliano\/\">Ugliano<\/a>, <a href=\"https:\/\/www.ferrycroatia.com\/it\/isola-lunga\/\">Isola Lunga<\/a>, <a href=\"https:\/\/www.ferrycroatia.com\/it\/isola-di-eso\/\">Iz<\/a>, <a href=\"https:\/\/www.ferrycroatia.com\/it\/isola-di-melada\/\">Molat<\/a><\/strong> e cos\u00ec via, ecco come arrivare al terminal dei traghetti e all&#8217;altro porto vicino al centro da diverse parti della citt\u00e0:<\/p>\n\n\n\n<p>Se alloggia nel centro di Zara, <strong>il porto dei catamarani si trova a pochi minuti dalla maggior parte dei siti storici<\/strong>, quindi pu\u00f2 raggiungerlo facilmente a piedi. Tuttavia, se vuole raggiungere il terminal dei traghetti Gazenica, deve prima prendere l&#8217;autobus numero 2 o 4 fino alla stazione principale degli autobus di Zara e da l\u00ec prendere l&#8217;autobus numero 9 per il terminal dei traghetti di Gazenica.<\/p>\n\n\n\n<p>Se <strong>alloggia a Diklo o Borik<\/strong>, deve prendere l&#8217;autobus numero 8 per la stazione principale degli autobus e da l\u00ec prendere i numeri 2 o 4 per raggiungere il porto dei catamarani in centro o l&#8217;autobus numero 9 per raggiungere il terminal dei traghetti in Gazenica.<\/p>\n\n\n\n<p>Il biglietto dell&#8217;autobus costa circa 10 kune (dunque, poco pi\u00f9 di un euro) e gli autobus viaggiano dalla mattina presto alla sera tardi.<\/p>\n\n\n\n<p>Da tutte e tre le parti della citt\u00e0 sopra menzionate pu\u00f2 anche prendere un taxi che non Le coster\u00e0 molto dato che si tratta di una distanza piuttosto breve.<\/p>\n\n\n\n<p>Se <strong>alloggia fuori Zara<\/strong>, ad esempio a Petrcane (12 chilometri da Zara), ci sono linee regolari di autobus che la collegano con la stazione principale degli autobus di Zara. Il biglietto costa solo pochi euro.<\/p>\n\n\n\n<h2><span class=\"ez-toc-section\" id=\"Arrivare_dallAeroporto_di_Zara_ai_porti\"><\/span><b>Arrivare dall&#8217;Aeroporto di Zara ai porti:<\/b><span class=\"ez-toc-section-end\"><\/span><\/h2>\n\n\n\n<p><strong>L&#8217;Aeroporto di Zara &#8211; Zemunik<\/strong> dista circa 10 km dal terminal dei traghetti di Gazenica e 12 km dal porto dei catamarani. Una volta atterrato, <a href=\"https:\/\/getbytransfer.com\/it\/zara-aeroporto-zara\">pu\u00f2 prendere un trasferimento prenotato in anticipo<\/a> (che La coster\u00e0 circa 20 euro) o prendere un taxi.<\/p>\n\n\n\n<p><strong>Ci sono anche bus navetta che partono dall&#8217;Aeroporto verso Zara<\/strong> verso la stazione principale degli autobus. Da l\u00ec, prenda i numeri 2 o 4 per raggiungere il porto dei catamarani in centro o l&#8217;autobus numero 9 per raggiungere il terminal dei traghetti di Gazenica. Il biglietto per il bus navetta costa circa 25 kune = 3 euro e il viaggio fino alla stazione principale degli autobus di Zara dura 15 &#8211; 20 minuti.<\/p>\n\n\n\n<p>Se vuole saperne di pi\u00f9 sul trasporto dall&#8217;aeroporto al terminal dei traghetti, pu\u00f2 fare clic su questo link: <a href=\"https:\/\/getbybus.com\/it\/blog\/autobus-aeroporto-di-zara\/\">https:\/\/getbybus.com\/it\/blog\/autobus-aeroporto-di-zara\/<\/a><\/p>\n\n\n\n<h2><span class=\"ez-toc-section\" id=\"Andare_da_altre_destinazioni_in_Croazia_e_in_Europa_al_terminal_dei_traghetti_porto_dei_catamarani_di_Zara\"><\/span><b>Andare da altre destinazioni in Croazia e in Europa al terminal dei traghetti \/ porto dei catamarani di Zara:<\/b><span class=\"ez-toc-section-end\"><\/span><\/h2>\n\n\n\n<p>Zara \u00e8 molto <strong>ben collegata da linee di autobus regolari o stagionali a molte destinazioni croate<\/strong> e persino ad alcune destinazioni europee. Come menzionato in precedenza, la stazione principale degli autobus si trova tra il porto dei catamarani (2 km) e il terminal dei traghetti di Gazenica (3,5 km). Faccia clic su questo <a href=\"https:\/\/getbybus.com\/it\/bus-da-zara\">link<\/a> per vedere la posizione esatta.<\/p>\n\n\n\n<p>Potrebbe anche considerare di viaggiare in macchina e pu\u00f2 scegliere sia l&#8217;autostrada che la strada costiera. Quando entra nella citt\u00e0 di Zara, <strong>segua semplicemente le indicazioni per il terminal dei traghetti di Gazenica<\/strong> o il porto dei catamarani (situato proprio nel centro), e li trover\u00e0 senza problemi.<\/p>\n\n\n\n<h2><span class=\"ez-toc-section\" id=\"Al_terminal_dei_traghetti_porto_dei_catamarani\"><\/span>Al terminal dei traghetti \/ porto dei catamarani:<span class=\"ez-toc-section-end\"><\/span><\/h2>\n\n\n\n<p>Il porto vicino al centro di Zara si trova su una penisola dove si trova il centro storico della citt\u00e0, quindi <strong>la maggior parte dei luoghi storici si trovano nelle vicinanze<\/strong>, cos\u00ec come i altri servizi come bar, ristoranti, negozi, un ufficio postale, una biglietteria, i bancomat, ecc.<\/p>\n\n\n\n<p>Al terminal dei traghetti Gazenica non trover\u00e0 tuttavia molti servizi.<\/p>\n\n\n\n<h2><span class=\"ez-toc-section\" id=\"Posizione_del_terminal_dei_traghetti_porto_dei_catamarani_di_Zara\"><\/span>Posizione del terminal dei traghetti \/ porto dei catamarani di Zara:<span class=\"ez-toc-section-end\"><\/span><\/h2>\n\n\n\n<p>Longitudine: 15.258944\/15.224668<\/p>\n\n\n\n<p>Latitudine: 44.091249\/44.118073<\/p>\n\n\n\n<p>Gazenica Zara\/Liburnska obala &#8211; Zara<\/p>\n\n\n\n<figure class=\"wp-block-image alignnone size-full wp-image-1821\"><img decoding=\"async\" loading=\"lazy\" width=\"800\" height=\"533\" data-src=\"https:\/\/ferrycroatia.com\/it\/wp-content\/uploads\/2021\/02\/Zadar-ferry-ports.jpg\" alt=\"\" class=\"wp-image-1821\" data-srcset=\"https:\/\/www.ferrycroatia.com\/it\/wp-content\/uploads\/2021\/02\/Zadar-ferry-ports.jpg 800w, https:\/\/www.ferrycroatia.com\/it\/wp-content\/uploads\/2021\/02\/Zadar-ferry-ports-300x200.jpg 300w, https:\/\/www.ferrycroatia.com\/it\/wp-content\/uploads\/2021\/02\/Zadar-ferry-ports-768x512.jpg 768w\" sizes=\"(max-width: 800px) 100vw, 800px\" \/><figcaption>Posizione dei porti di Zara<\/figcaption><\/figure>\n\n\n\n<h2><span class=\"ez-toc-section\" id=\"Elenco_delle_rotte_di_traghetti_e_catamarani_da_Zara\"><\/span><b>Elenco delle rotte di traghetti e catamarani da Zara:<\/b><span class=\"ez-toc-section-end\"><\/span><\/h2>\n\n\n\n<h3><span class=\"ez-toc-section\" id=\"Traghetti_da_Zara\"><\/span><b>Traghetti da Zara<\/b><span class=\"ez-toc-section-end\"><\/span><\/h3>\n\n\n\n<p>\u2192 Zara (Gazenica) &#8211; Ist &#8211; Olib &#8211; Silba &#8211; Premuda &#8211; Lussinpiccolo<\/p>\n\n\n\n<p>\u2192 Zara (Gazenica) &#8211; Preko (Ugliano)<\/p>\n\n\n\n<p>\u2192 Zara (Gazenica) &#8211; Rivanj &#8211; Sestrunj &#8211; Zverinac &#8211; Molat<\/p>\n\n\n\n<p>\u2192 Zara (Gazenica) &#8211; Brbinj (Isola Lunga)<\/p>\n\n\n\n<p>\u2192 Zara (Gazenica) &#8211; Brsanj (Iz) &#8211; Rava &#8211; Mala Rava<\/p>\n\n\n\n<p>\u2192 Zara &#8211; Ancona<\/p>\n\n\n\n<h3><span class=\"ez-toc-section\" id=\"Catamarani_da_Zara\"><\/span><b>Catamarani da Zara<\/b><span class=\"ez-toc-section-end\"><\/span><\/h3>\n\n\n\n<p>\u2192 Zara &#8211; Molat &#8211; Brgulje &#8211; Zapuntel &#8211; Ist<\/p>\n\n\n\n<p>\u2192 Zara &#8211; Rivanj &#8211; Sestrunj &#8211; Zverinac &#8211; Bozava &#8211; Brbinj<\/p>\n\n\n\n<p>\u2192 Zara &#8211; Sali (Isola Lunga) &#8211; Zaglav (Isola Lunga)<\/p>\n\n\n\n<p>\u2192 Zara &#8211; Iz &#8211; Rava<\/p>\n\n\n\n<p>\u2192 Zara &#8211; Silba &#8211; Ilovik &#8211; Lussinpiccolo- Susak &#8211; Unije &#8211; Pola<\/p>\n\n\n\n<p>\u2192 Zara &#8211; Premuda &#8211; Silba &#8211; Olib<\/p>\n\n\n\n<h3><span class=\"ez-toc-section\" id=\"Navi_da_Zara\"><\/span><b>Navi da Zara<\/b><span class=\"ez-toc-section-end\"><\/span><\/h3>\n\n\n\n<p>\u2192 Zara &#8211; Mali Iz- Veli Iz &#8211; Mala Rava- Rava (catamarano)<\/p>\n\n\n\n<p>\u2192 Zara\u2013 Preko (Ugliano)<\/p>\n\n\n\n<h2><span class=\"ez-toc-section\" id=\"Orari_delle_partenze_da_Zara_in_ordine_alfabetico\"><\/span><b>Orari delle partenze da Zara in ordine alfabetico:<\/b><span class=\"ez-toc-section-end\"><\/span><\/h2>\n\n\n\n<figure class=\"wp-block-table\"><table><tbody><tr><td><a href=\"https:\/\/www.ferrycroatia.com\/it\/zara-ancona\/\">Zara &#8211; Ancona<\/a><\/td><td><a href=\"https:\/\/www.ferrycroatia.com\/it\/zara-bozava\/\">Zara &#8211; Bozava<\/a><\/td><td><a href=\"https:\/\/www.ferrycroatia.com\/it\/zara-birbigno\/\">Zara &#8211; Brbinj (Isola Lunga)<\/a><\/td><\/tr><tr><td><a href=\"https:\/\/www.ferrycroatia.com\/it\/zara-berguglie\/\">Zara &#8211; Brgulje<\/a><\/td><td><a href=\"https:\/\/www.ferrycroatia.com\/it\/zara-brsanj\/\">Zara &#8211; Brsanj (Iz)<\/a><\/td><td><a href=\"https:\/\/www.ferrycroatia.com\/it\/zara-asinello\/\">Zara &#8211; Ilovik<\/a><\/td><\/tr><tr><td><a href=\"https:\/\/www.ferrycroatia.com\/it\/zara-isto\/\">Zara &#8211; Ist<\/a><\/td><td><a href=\"https:\/\/www.ferrycroatia.com\/it\/zara-veli-iz\/\">Zara &#8211; Veli Iz<\/a><\/td><td><a href=\"https:\/\/www.ferrycroatia.com\/it\/zara-rava-piccola\/\">Zara &#8211; Mala Rava<\/a><\/td><\/tr><tr><td><a href=\"https:\/\/www.ferrycroatia.com\/it\/zara-lussinpiccolo\/\">Zara &#8211; Lussinpiccolo<\/a><\/td><td><a href=\"https:\/\/www.ferrycroatia.com\/it\/zara-melada\/\">Zara &#8211; Molat<\/a><\/td><td><a href=\"https:\/\/www.ferrycroatia.com\/it\/zara-olib\/\">Zara &#8211; Olib<\/a><\/td><\/tr><tr><td><a href=\"https:\/\/www.ferrycroatia.com\/it\/zara-preko\/\">Zara &#8211; Preko (Ugliano)<\/a><\/td><td><a href=\"https:\/\/www.ferrycroatia.com\/it\/zara-premuda\/\">Zara &#8211; Premuda<\/a><\/td><td><a href=\"https:\/\/www.ferrycroatia.com\/it\/zara-pola\/\">Zara &#8211; Pola<\/a><\/td><\/tr><tr><td><a href=\"https:\/\/www.ferrycroatia.com\/it\/zara-rava\/\">Zara &#8211; Rava<\/a><\/td><td><a href=\"https:\/\/www.ferrycroatia.com\/it\/zara-rivani\/\">Zara &#8211; Rivanj<\/a><\/td><td><a href=\"https:\/\/www.ferrycroatia.com\/it\/zara-sali\/\">Zara &#8211; Sali (Isola Lunga)<\/a><\/td><\/tr><tr><td><a href=\"https:\/\/www.ferrycroatia.com\/it\/zara-selve\/\">Zara &#8211; Silba<\/a><\/td><td><a href=\"https:\/\/www.ferrycroatia.com\/it\/zara-sansego\/\">Zara &#8211; Susak<\/a><\/td><td><a href=\"https:\/\/www.ferrycroatia.com\/it\/zara-unie\/\">Zara &#8211; Unije<\/a><\/td><\/tr><tr><td><a href=\"https:\/\/www.ferrycroatia.com\/it\/zara-spalato\/\">Zara &#8211; Spalato<\/a><\/td><td><a href=\"https:\/\/www.ferrycroatia.com\/it\/zara-zapuntel\/\">Zara &#8211; Zapuntel<\/a><\/td><td><a href=\"https:\/\/www.ferrycroatia.com\/it\/zara-sferinaz\/\">Zara &#8211; Zverinac<\/a><\/td><\/tr><tr><td><a href=\"https:\/\/www.ferrycroatia.com\/it\/zara-fiume\/\">Zara &#8211; Fiume<\/a><\/td><td><a href=\"https:\/\/www.ferrycroatia.com\/it\/zara-loparo\/\">Zara &#8211; Lopar (Arbe)<\/a><\/td><td><a href=\"https:\/\/www.ferrycroatia.com\/it\/zara-veglia\/\">Zara &#8211; la citt\u00e0 di Krk<\/a><\/td><\/tr><\/tbody><\/table><\/figure>\n","protected":false},"excerpt":{"rendered":"<p>Zara \u00e8 una citt\u00e0 storica nella Dalmazia centrale molto popolare tra i turisti perch\u00e9 \u00e8 perfettamente collegata a quasi tutte le isole dell&#8217;arcipelago di Zara; esiste anche un collegamento con Ancona in Italia. La maggior parte dei collegamenti in traghetto sono ora gestiti dal terminal dei traghetti di Gazenica, situato a sud-est della citt\u00e0 vecchia [&hellip;]<\/p>\n<p><a class=\"more-link\" href=\"https:\/\/www.ferrycroatia.com\/it\/porto-di-zara\/\"> Continue reading&#8230;<\/a><\/p>\n","protected":false},"author":5,"featured_media":1819,"parent":0,"menu_order":0,"comment_status":"closed","ping_status":"closed","template":"","meta":[],"yoast_head":"<!-- This site is optimized with the Yoast SEO plugin v19.8 - https:\/\/yoast.com\/wordpress\/plugins\/seo\/ -->\n<title>Porto di Zara, partenze dei traghetti e catamarani<\/title>\n<meta name=\"description\" content=\"Porto di Zara informazioni, posizione e servizi disponibili. Come arrivarci, e tutti i traghetti e catamarani che partono da e fino a Zara.\" \/>\n<meta name=\"robots\" content=\"index, follow, max-snippet:-1, max-image-preview:large, max-video-preview:-1\" \/>\n<link rel=\"canonical\" href=\"https:\/\/www.ferrycroatia.com\/it\/porto-di-zara\/\" \/>\n<meta property=\"og:locale\" content=\"en_US\" \/>\n<meta property=\"og:type\" content=\"article\" \/>\n<meta property=\"og:title\" content=\"Porto di Zara, partenze dei traghetti e catamarani\" \/>\n<meta property=\"og:description\" content=\"Porto di Zara informazioni, posizione e servizi disponibili. Come arrivarci, e tutti i traghetti e catamarani che partono da e fino a Zara.\" \/>\n<meta property=\"og:url\" content=\"https:\/\/www.ferrycroatia.com\/it\/porto-di-zara\/\" \/>\n<meta property=\"og:site_name\" content=\"Traghetto Croazia\" \/>\n<meta property=\"article:modified_time\" content=\"2021-08-19T12:14:03+00:00\" \/>\n<meta property=\"og:image\" content=\"https:\/\/www.ferrycroatia.com\/it\/wp-content\/uploads\/2021\/02\/Zadar-ferry-terminal.jpg\" \/>\n\t<meta property=\"og:image:width\" content=\"1024\" \/>\n\t<meta property=\"og:image:height\" content=\"576\" \/>\n\t<meta property=\"og:image:type\" content=\"image\/jpeg\" \/>\n<meta name=\"twitter:card\" content=\"summary_large_image\" \/>\n<meta name=\"twitter:label1\" content=\"Est. reading time\" \/>\n\t<meta name=\"twitter:data1\" content=\"5 minutes\" \/>\n<script type=\"application\/ld+json\" class=\"yoast-schema-graph\">{\"@context\":\"https:\/\/schema.org\",\"@graph\":[{\"@type\":\"WebPage\",\"@id\":\"https:\/\/www.ferrycroatia.com\/it\/porto-di-zara\/\",\"url\":\"https:\/\/www.ferrycroatia.com\/it\/porto-di-zara\/\",\"name\":\"Porto di Zara, partenze dei traghetti e catamarani\",\"isPartOf\":{\"@id\":\"https:\/\/www.ferrycroatia.com\/it\/#website\"},\"datePublished\":\"2021-02-05T13:47:22+00:00\",\"dateModified\":\"2021-08-19T12:14:03+00:00\",\"description\":\"Porto di Zara informazioni, posizione e servizi disponibili. Come arrivarci, e tutti i traghetti e catamarani che partono da e fino a Zara.\",\"breadcrumb\":{\"@id\":\"https:\/\/www.ferrycroatia.com\/it\/porto-di-zara\/#breadcrumb\"},\"inLanguage\":\"en-US\",\"potentialAction\":[{\"@type\":\"ReadAction\",\"target\":[\"https:\/\/www.ferrycroatia.com\/it\/porto-di-zara\/\"]}]},{\"@type\":\"BreadcrumbList\",\"@id\":\"https:\/\/www.ferrycroatia.com\/it\/porto-di-zara\/#breadcrumb\",\"itemListElement\":[{\"@type\":\"ListItem\",\"position\":1,\"name\":\"Home\",\"item\":\"https:\/\/www.ferrycroatia.com\/it\/\"},{\"@type\":\"ListItem\",\"position\":2,\"name\":\"Porto di Zara\"}]},{\"@type\":\"WebSite\",\"@id\":\"https:\/\/www.ferrycroatia.com\/it\/#website\",\"url\":\"https:\/\/www.ferrycroatia.com\/it\/\",\"name\":\"Traghetto Croazia\",\"description\":\"Info e orari per tutti i catamarani e traghetti in Croazia\",\"potentialAction\":[{\"@type\":\"SearchAction\",\"target\":{\"@type\":\"EntryPoint\",\"urlTemplate\":\"https:\/\/www.ferrycroatia.com\/it\/?s={search_term_string}\"},\"query-input\":\"required name=search_term_string\"}],\"inLanguage\":\"en-US\"}]}<\/script>\n<!-- \/ Yoast SEO plugin. -->","yoast_head_json":{"title":"Porto di Zara, partenze dei traghetti e catamarani","description":"Porto di Zara informazioni, posizione e servizi disponibili. Come arrivarci, e tutti i traghetti e catamarani che partono da e fino a Zara.","robots":{"index":"index","follow":"follow","max-snippet":"max-snippet:-1","max-image-preview":"max-image-preview:large","max-video-preview":"max-video-preview:-1"},"canonical":"https:\/\/www.ferrycroatia.com\/it\/porto-di-zara\/","og_locale":"en_US","og_type":"article","og_title":"Porto di Zara, partenze dei traghetti e catamarani","og_description":"Porto di Zara informazioni, posizione e servizi disponibili. Come arrivarci, e tutti i traghetti e catamarani che partono da e fino a Zara.","og_url":"https:\/\/www.ferrycroatia.com\/it\/porto-di-zara\/","og_site_name":"Traghetto Croazia","article_modified_time":"2021-08-19T12:14:03+00:00","og_image":[{"width":1024,"height":576,"url":"https:\/\/www.ferrycroatia.com\/it\/wp-content\/uploads\/2021\/02\/Zadar-ferry-terminal.jpg","type":"image\/jpeg"}],"twitter_card":"summary_large_image","twitter_misc":{"Est. reading time":"5 minutes"},"schema":{"@context":"https:\/\/schema.org","@graph":[{"@type":"WebPage","@id":"https:\/\/www.ferrycroatia.com\/it\/porto-di-zara\/","url":"https:\/\/www.ferrycroatia.com\/it\/porto-di-zara\/","name":"Porto di Zara, partenze dei traghetti e catamarani","isPartOf":{"@id":"https:\/\/www.ferrycroatia.com\/it\/#website"},"datePublished":"2021-02-05T13:47:22+00:00","dateModified":"2021-08-19T12:14:03+00:00","description":"Porto di Zara informazioni, posizione e servizi disponibili. Come arrivarci, e tutti i traghetti e catamarani che partono da e fino a Zara.","breadcrumb":{"@id":"https:\/\/www.ferrycroatia.com\/it\/porto-di-zara\/#breadcrumb"},"inLanguage":"en-US","potentialAction":[{"@type":"ReadAction","target":["https:\/\/www.ferrycroatia.com\/it\/porto-di-zara\/"]}]},{"@type":"BreadcrumbList","@id":"https:\/\/www.ferrycroatia.com\/it\/porto-di-zara\/#breadcrumb","itemListElement":[{"@type":"ListItem","position":1,"name":"Home","item":"https:\/\/www.ferrycroatia.com\/it\/"},{"@type":"ListItem","position":2,"name":"Porto di Zara"}]},{"@type":"WebSite","@id":"https:\/\/www.ferrycroatia.com\/it\/#website","url":"https:\/\/www.ferrycroatia.com\/it\/","name":"Traghetto Croazia","description":"Info e orari per tutti i catamarani e traghetti in Croazia","potentialAction":[{"@type":"SearchAction","target":{"@type":"EntryPoint","urlTemplate":"https:\/\/www.ferrycroatia.com\/it\/?s={search_term_string}"},"query-input":"required name=search_term_string"}],"inLanguage":"en-US"}]}},"_links":{"self":[{"href":"https:\/\/www.ferrycroatia.com\/it\/wp-json\/wp\/v2\/pages\/1817"}],"collection":[{"href":"https:\/\/www.ferrycroatia.com\/it\/wp-json\/wp\/v2\/pages"}],"about":[{"href":"https:\/\/www.ferrycroatia.com\/it\/wp-json\/wp\/v2\/types\/page"}],"author":[{"embeddable":true,"href":"https:\/\/www.ferrycroatia.com\/it\/wp-json\/wp\/v2\/users\/5"}],"replies":[{"embeddable":true,"href":"https:\/\/www.ferrycroatia.com\/it\/wp-json\/wp\/v2\/comments?post=1817"}],"version-history":[{"count":10,"href":"https:\/\/www.ferrycroatia.com\/it\/wp-json\/wp\/v2\/pages\/1817\/revisions"}],"predecessor-version":[{"id":3179,"href":"https:\/\/www.ferrycroatia.com\/it\/wp-json\/wp\/v2\/pages\/1817\/revisions\/3179"}],"wp:featuredmedia":[{"embeddable":true,"href":"https:\/\/www.ferrycroatia.com\/it\/wp-json\/wp\/v2\/media\/1819"}],"wp:attachment":[{"href":"https:\/\/www.ferrycroatia.com\/it\/wp-json\/wp\/v2\/media?parent=1817"}],"curies":[{"name":"wp","href":"https:\/\/api.w.org\/{rel}","templated":true}]}}