{"id":1826,"date":"2021-02-05T13:57:04","date_gmt":"2021-02-05T13:57:04","guid":{"rendered":"https:\/\/ferrycroatia.com\/it\/?page_id=1826"},"modified":"2021-08-19T14:12:48","modified_gmt":"2021-08-19T12:12:48","slug":"porto-di-zaglava","status":"publish","type":"page","link":"https:\/\/www.ferrycroatia.com\/it\/porto-di-zaglava\/","title":{"rendered":"Porto di Zaglav"},"content":{"rendered":"\n<p><strong>Zaglav \u00e8 una piccola citt\u00e0 sul lato nord-est di Isola Lunga<\/strong>, un po&#8217; a ovest dalla citt\u00e0 di Sale. Il molo da cui parte il catamarano si trova proprio nel centro della citt\u00e0, vicino alla passeggiata principale in riva al mare, ed \u00e8 collegato da linee regolari di catamarani con la citt\u00e0 di Sale su Isola Lunga, <strong>con Brsanj sull&#8217;isola di Eso e con Zara<\/strong> &#8211; il porto vicino al centro.<\/p>\n\n\n\n<p><span style=\"text-decoration: underline;\"><b>Andare e tornare dal porto dei catamarani a Zaglav:<\/b><\/span><\/p>\n\n\n\n<p>Il tempo di viaggio da Zara \u00e8 di circa 1 ora (la <a href=\"https:\/\/www.ferrycroatia.com\/it\/porto-di-zara\/\">partenza del catamarano dal molo del centro storico<\/a>). <strong>Se viaggia dall&#8217;Aeroporto di Zara a Zaglav<\/strong>, in casi ottimali si deve impiegare circa 2,30 ore per raggiungere l&#8217;isola. <a href=\"https:\/\/getbybus.com\/it\/blog\/autobus-aeroporto-di-zara\/\">Ecco come arrivare dall&#8217;aeroporto al centro storico<\/a>.<\/p>\n\n\n\n<p>Dato che Zaglav \u00e8 una piccola citt\u00e0 insulare, non importa dove si trova il Suo alloggio, il molo da cui partono i catamarani \u00e8 facilmente raggiungibile a piedi.<\/p>\n\n\n\n<p><span style=\"text-decoration: underline;\"><b>Cosa pu\u00f2 trovare nel porto dei catamarani di Zaglav:<\/b><\/span><\/p>\n\n\n\n<p>Zaglav \u00e8 una citt\u00e0 davvero piccola, quindi non pu\u00f2 trovare molti servizi l\u00ec, ma \u00e8 perfetto se vuole godersi una vacanza tranquilla e serena.<\/p>\n\n\n\n<p><span style=\"text-decoration: underline;\"><b>Indirizzo del porto dei catamarani di Zaglav:<\/b><\/span><\/p>\n\n\n\n<ul><li aria-level=\"1\">Coordinate GPS: 43.949580, 15.143986<\/li><li aria-level=\"1\">23281 Zaglav (Dugi Otok)<\/li><\/ul>\n\n\n\n<figure class=\"wp-block-image\"><img decoding=\"async\" loading=\"lazy\" width=\"1024\" height=\"620\" data-src=\"https:\/\/ferrycroatia.com\/it\/wp-content\/uploads\/2021\/02\/Zaglav-catamaran-port.jpg\" alt=\"\" class=\"wp-image-1827\" data-srcset=\"https:\/\/www.ferrycroatia.com\/it\/wp-content\/uploads\/2021\/02\/Zaglav-catamaran-port.jpg 1024w, https:\/\/www.ferrycroatia.com\/it\/wp-content\/uploads\/2021\/02\/Zaglav-catamaran-port-300x182.jpg 300w, https:\/\/www.ferrycroatia.com\/it\/wp-content\/uploads\/2021\/02\/Zaglav-catamaran-port-768x465.jpg 768w\" sizes=\"(max-width: 1024px) 100vw, 1024px\" \/><\/figure>\n\n\n\n<p><span style=\"text-decoration: underline;\"><b>Elenco dei percorsi in catamarano da e per Zaglav:<\/b><\/span><\/p>\n\n\n\n<p>\u2192 Catamarano: Zara &#8211; Sale (Isola Lunga) &#8211; Zaglav (Isola Lunga) &#8211; Brsanj (Eso)<\/p>\n\n\n\n<p>\u2192 Catamarano: Zara &#8211; Sale (Isola Lunga) &#8211; Zaglav (Isola Lunga)<\/p>\n\n\n\n<ul><li aria-level=\"1\">Zaglav &#8211; Zara<\/li><li aria-level=\"1\">Zaglav &#8211; Sale<\/li><li aria-level=\"1\">Zaglav &#8211; Brsanj<\/li><\/ul>\n","protected":false},"excerpt":{"rendered":"<p>Zaglav \u00e8 una piccola citt\u00e0 sul lato nord-est di Isola Lunga, un po&#8217; a ovest dalla citt\u00e0 di Sale. Il molo da cui parte il catamarano si trova proprio nel centro della citt\u00e0, vicino alla passeggiata principale in riva al mare, ed \u00e8 collegato da linee regolari di catamarani con la citt\u00e0 di Sale su [&hellip;]<\/p>\n<p><a class=\"more-link\" href=\"https:\/\/www.ferrycroatia.com\/it\/porto-di-zaglava\/\"> Continue reading&#8230;<\/a><\/p>\n","protected":false},"author":5,"featured_media":0,"parent":0,"menu_order":0,"comment_status":"closed","ping_status":"closed","template":"","meta":[],"yoast_head":"<!-- This site is optimized with the Yoast SEO plugin v19.8 - https:\/\/yoast.com\/wordpress\/plugins\/seo\/ -->\n<title>Porto di Zaglav, partenze di catamarani e traghetti veloci<\/title>\n<meta name=\"description\" content=\"Porto di Zaglav informazioni, posizione e servizi disponibili. Come arrivarci, e tutti i traghetti veloci e catamarani che partono da e fino a Dugi Otok.\" \/>\n<meta name=\"robots\" content=\"index, follow, max-snippet:-1, max-image-preview:large, max-video-preview:-1\" \/>\n<link rel=\"canonical\" href=\"https:\/\/www.ferrycroatia.com\/it\/porto-di-zaglava\/\" \/>\n<meta property=\"og:locale\" content=\"en_US\" \/>\n<meta property=\"og:type\" content=\"article\" \/>\n<meta property=\"og:title\" content=\"Porto di Zaglav, partenze di catamarani e traghetti veloci\" \/>\n<meta property=\"og:description\" content=\"Porto di Zaglav informazioni, posizione e servizi disponibili. Come arrivarci, e tutti i traghetti veloci e catamarani che partono da e fino a Dugi Otok.\" \/>\n<meta property=\"og:url\" content=\"https:\/\/www.ferrycroatia.com\/it\/porto-di-zaglava\/\" \/>\n<meta property=\"og:site_name\" content=\"Traghetto Croazia\" \/>\n<meta property=\"article:modified_time\" content=\"2021-08-19T12:12:48+00:00\" \/>\n<meta property=\"og:image\" content=\"https:\/\/ferrycroatia.com\/it\/wp-content\/uploads\/2021\/02\/Zaglav-catamaran-port.jpg\" \/>\n<meta name=\"twitter:card\" content=\"summary_large_image\" \/>\n<meta name=\"twitter:label1\" content=\"Est. reading time\" \/>\n\t<meta name=\"twitter:data1\" content=\"2 minutes\" \/>\n<script type=\"application\/ld+json\" class=\"yoast-schema-graph\">{\"@context\":\"https:\/\/schema.org\",\"@graph\":[{\"@type\":\"WebPage\",\"@id\":\"https:\/\/www.ferrycroatia.com\/it\/porto-di-zaglava\/\",\"url\":\"https:\/\/www.ferrycroatia.com\/it\/porto-di-zaglava\/\",\"name\":\"Porto di Zaglav, partenze di catamarani e traghetti veloci\",\"isPartOf\":{\"@id\":\"https:\/\/www.ferrycroatia.com\/it\/#website\"},\"datePublished\":\"2021-02-05T13:57:04+00:00\",\"dateModified\":\"2021-08-19T12:12:48+00:00\",\"description\":\"Porto di Zaglav informazioni, posizione e servizi disponibili. Come arrivarci, e tutti i traghetti veloci e catamarani che partono da e fino a Dugi Otok.\",\"breadcrumb\":{\"@id\":\"https:\/\/www.ferrycroatia.com\/it\/porto-di-zaglava\/#breadcrumb\"},\"inLanguage\":\"en-US\",\"potentialAction\":[{\"@type\":\"ReadAction\",\"target\":[\"https:\/\/www.ferrycroatia.com\/it\/porto-di-zaglava\/\"]}]},{\"@type\":\"BreadcrumbList\",\"@id\":\"https:\/\/www.ferrycroatia.com\/it\/porto-di-zaglava\/#breadcrumb\",\"itemListElement\":[{\"@type\":\"ListItem\",\"position\":1,\"name\":\"Home\",\"item\":\"https:\/\/www.ferrycroatia.com\/it\/\"},{\"@type\":\"ListItem\",\"position\":2,\"name\":\"Porto di Zaglav\"}]},{\"@type\":\"WebSite\",\"@id\":\"https:\/\/www.ferrycroatia.com\/it\/#website\",\"url\":\"https:\/\/www.ferrycroatia.com\/it\/\",\"name\":\"Traghetto Croazia\",\"description\":\"Info e orari per tutti i catamarani e traghetti in Croazia\",\"potentialAction\":[{\"@type\":\"SearchAction\",\"target\":{\"@type\":\"EntryPoint\",\"urlTemplate\":\"https:\/\/www.ferrycroatia.com\/it\/?s={search_term_string}\"},\"query-input\":\"required name=search_term_string\"}],\"inLanguage\":\"en-US\"}]}<\/script>\n<!-- \/ Yoast SEO plugin. -->","yoast_head_json":{"title":"Porto di Zaglav, partenze di catamarani e traghetti veloci","description":"Porto di Zaglav informazioni, posizione e servizi disponibili. Come arrivarci, e tutti i traghetti veloci e catamarani che partono da e fino a Dugi Otok.","robots":{"index":"index","follow":"follow","max-snippet":"max-snippet:-1","max-image-preview":"max-image-preview:large","max-video-preview":"max-video-preview:-1"},"canonical":"https:\/\/www.ferrycroatia.com\/it\/porto-di-zaglava\/","og_locale":"en_US","og_type":"article","og_title":"Porto di Zaglav, partenze di catamarani e traghetti veloci","og_description":"Porto di Zaglav informazioni, posizione e servizi disponibili. Come arrivarci, e tutti i traghetti veloci e catamarani che partono da e fino a Dugi Otok.","og_url":"https:\/\/www.ferrycroatia.com\/it\/porto-di-zaglava\/","og_site_name":"Traghetto Croazia","article_modified_time":"2021-08-19T12:12:48+00:00","og_image":[{"url":"https:\/\/ferrycroatia.com\/it\/wp-content\/uploads\/2021\/02\/Zaglav-catamaran-port.jpg"}],"twitter_card":"summary_large_image","twitter_misc":{"Est. reading time":"2 minutes"},"schema":{"@context":"https:\/\/schema.org","@graph":[{"@type":"WebPage","@id":"https:\/\/www.ferrycroatia.com\/it\/porto-di-zaglava\/","url":"https:\/\/www.ferrycroatia.com\/it\/porto-di-zaglava\/","name":"Porto di Zaglav, partenze di catamarani e traghetti veloci","isPartOf":{"@id":"https:\/\/www.ferrycroatia.com\/it\/#website"},"datePublished":"2021-02-05T13:57:04+00:00","dateModified":"2021-08-19T12:12:48+00:00","description":"Porto di Zaglav informazioni, posizione e servizi disponibili. Come arrivarci, e tutti i traghetti veloci e catamarani che partono da e fino a Dugi Otok.","breadcrumb":{"@id":"https:\/\/www.ferrycroatia.com\/it\/porto-di-zaglava\/#breadcrumb"},"inLanguage":"en-US","potentialAction":[{"@type":"ReadAction","target":["https:\/\/www.ferrycroatia.com\/it\/porto-di-zaglava\/"]}]},{"@type":"BreadcrumbList","@id":"https:\/\/www.ferrycroatia.com\/it\/porto-di-zaglava\/#breadcrumb","itemListElement":[{"@type":"ListItem","position":1,"name":"Home","item":"https:\/\/www.ferrycroatia.com\/it\/"},{"@type":"ListItem","position":2,"name":"Porto di Zaglav"}]},{"@type":"WebSite","@id":"https:\/\/www.ferrycroatia.com\/it\/#website","url":"https:\/\/www.ferrycroatia.com\/it\/","name":"Traghetto Croazia","description":"Info e orari per tutti i catamarani e traghetti in Croazia","potentialAction":[{"@type":"SearchAction","target":{"@type":"EntryPoint","urlTemplate":"https:\/\/www.ferrycroatia.com\/it\/?s={search_term_string}"},"query-input":"required name=search_term_string"}],"inLanguage":"en-US"}]}},"_links":{"self":[{"href":"https:\/\/www.ferrycroatia.com\/it\/wp-json\/wp\/v2\/pages\/1826"}],"collection":[{"href":"https:\/\/www.ferrycroatia.com\/it\/wp-json\/wp\/v2\/pages"}],"about":[{"href":"https:\/\/www.ferrycroatia.com\/it\/wp-json\/wp\/v2\/types\/page"}],"author":[{"embeddable":true,"href":"https:\/\/www.ferrycroatia.com\/it\/wp-json\/wp\/v2\/users\/5"}],"replies":[{"embeddable":true,"href":"https:\/\/www.ferrycroatia.com\/it\/wp-json\/wp\/v2\/comments?post=1826"}],"version-history":[{"count":8,"href":"https:\/\/www.ferrycroatia.com\/it\/wp-json\/wp\/v2\/pages\/1826\/revisions"}],"predecessor-version":[{"id":3177,"href":"https:\/\/www.ferrycroatia.com\/it\/wp-json\/wp\/v2\/pages\/1826\/revisions\/3177"}],"wp:attachment":[{"href":"https:\/\/www.ferrycroatia.com\/it\/wp-json\/wp\/v2\/media?parent=1826"}],"curies":[{"name":"wp","href":"https:\/\/api.w.org\/{rel}","templated":true}]}}