{"id":658,"date":"2021-01-28T09:04:36","date_gmt":"2021-01-28T09:04:36","guid":{"rendered":"https:\/\/ferrycroatia.com\/it\/?page_id=658"},"modified":"2021-07-29T15:51:35","modified_gmt":"2021-07-29T13:51:35","slug":"bura-line","status":"publish","type":"page","link":"https:\/\/www.ferrycroatia.com\/it\/bura-line\/","title":{"rendered":"Bura Line"},"content":{"rendered":"\n<p><strong>Bura Line \u00e8 una piccola azienda a conduzione familiare<\/strong> fondata nel 2004 con sede a Slatine sull&#8217;isola di Ciovo.<\/p>\n\n\n\n<p>Il servizio principale fornito da questa azienda \u00e8 una linea di imbarcazioni <strong>Spalato &#8211; Slatine &#8211; Trogir<\/strong> (e viceversa), che collega Spalato con <a href=\"https:\/\/www.ferrycroatia.com\/it\/porto-di-slatine-ciovo\/\">il porto di Slatine<\/a> nella parte orientale dell&#8217;isola di Ciovo e con Trogir. Oltre a ci\u00f2, l&#8217;azienda offre <strong>escursioni in barca e tour<\/strong> nella zona di Spalato. Anche se Spalato e Trogir sono ben collegate con altri mezzi di trasporto, prendere la <strong>linea dell\u2019imbarcazione 616<\/strong> significa che pu\u00f2 godere di una bella vista panoramica della baia di Kastela e di Spalato arrivando al <a href=\"https:\/\/www.ferrycroatia.com\/it\/porto-di-spalato\/\">porto di Spalato<\/a>.<\/p>\n\n\n\n<p>L&#8217;azienda ha a disposizione <strong>quattro navi e un motoscafo<\/strong>, tutti riconoscibili dall\u2019insegna <i>BURA LINE<\/i> scritta ai lati. Le navi possono ospitare<strong> tra 50 e 140 passeggeri<\/strong>.<\/p>\n\n\n\n<h2>Bura Line &#8211; DOMANDE FREQUENTI<\/h2>\n\n\n\n<div class=\"schema-faq wp-block-yoast-faq-block\"><div class=\"schema-faq-section\" id=\"faq-question-1625816358735\"><strong class=\"schema-faq-question\"><strong>Dove si trova il punto di arrivo \/ partenza?<\/strong><\/strong> <p class=\"schema-faq-answer\">A Spalato, le barche di Bura Line arrivano al primo molo del porto dei traghetti di Spalato, a Gat Svetog Nikole, l&#8217;indirizzo \u00e8 Obala Lazareta 1. A Trogir, le barche arrivano proprio accanto al ponte di Ciovo, sul lato dell&#8217;isola di Ciovo.<\/p> <\/div> <div class=\"schema-faq-section\" id=\"faq-question-1625816366223\"><strong class=\"schema-faq-question\"><strong>Dove posso acquistare i biglietti per la rotta di Bura Line?<\/strong><\/strong> <p class=\"schema-faq-answer\">I biglietti possono essere acquistati<strong> a bordo<\/strong>, nei <strong>punti di vendita nei punti di attracco di Trogir, Spalato e Slatine<\/strong> o semplicemente sul nostro sito <a href=\"https:\/\/www.ferrycroatia.com\/it\/\">FerryCroatia<\/a>. Deve assicurarsi di arrivare al punto di partenza in tempo, soprattutto durante l&#8217;estate, quando pu\u00f2 esserci un numero significativo di persone che si imbarcano sulle barche. Inoltre, Le consigliamo di avere l&#8217;esatta somma di denaro al momento del pagamento del biglietto.<\/p> <\/div> <div class=\"schema-faq-section\" id=\"faq-question-1625816374308\"><strong class=\"schema-faq-question\"><strong>Quanti bagagli posso portare a bordo?<\/strong><\/strong> <p class=\"schema-faq-answer\">Bura Line non fornisce le informazioni esatte sulla quantit\u00e0 di bagagli che pu\u00f2 portare, ma pu\u00f2 sicuramente portare a bordo borse e valigie di dimensioni normali. Inoltre, il bagaglio \u00e8 gratuito.<\/p> <\/div> <div class=\"schema-faq-section\" id=\"faq-question-1625816381344\"><strong class=\"schema-faq-question\"><strong>Posso portare a bordo il mio animale domestico?<\/strong><\/strong> <p class=\"schema-faq-answer\">S\u00ec, pu\u00f2 portare a bordo il Suo animale domestico. Ma per ogni evenienza, Le consigliamo di inviare un&#8217;e-mail a Bura Line.<\/p> <\/div> <div class=\"schema-faq-section\" id=\"faq-question-1625816388614\"><strong class=\"schema-faq-question\"><strong>Posso portare la mia bicicletta a bordo?<\/strong><\/strong> <p class=\"schema-faq-answer\">Proprio come con gli animali domestici, le biciclette sono ammesse a bordo. Ma considerando che la flotta di Bura Line include barche di medie e piccole dimensioni solo per il trasporto passeggeri, Le consigliamo di contattare direttamente la compagnia in relazione a questa domanda.<\/p> <\/div> <\/div>\n","protected":false},"excerpt":{"rendered":"<p>Bura Line \u00e8 una piccola azienda a conduzione familiare fondata nel 2004 con sede a Slatine sull&#8217;isola di Ciovo. Il servizio principale fornito da questa azienda \u00e8 una linea di imbarcazioni Spalato &#8211; Slatine &#8211; Trogir (e viceversa), che collega Spalato con il porto di Slatine nella parte orientale dell&#8217;isola di Ciovo e con Trogir. [&hellip;]<\/p>\n<p><a class=\"more-link\" href=\"https:\/\/www.ferrycroatia.com\/it\/bura-line\/\"> Continue reading&#8230;<\/a><\/p>\n","protected":false},"author":5,"featured_media":0,"parent":0,"menu_order":0,"comment_status":"closed","ping_status":"closed","template":"","meta":[],"yoast_head":"<!-- This site is optimized with the Yoast SEO plugin v19.8 - https:\/\/yoast.com\/wordpress\/plugins\/seo\/ -->\n<title>Bura Line, compagnia di traghetti Croazia, orari e prezzi<\/title>\n<meta name=\"description\" content=\"Bura Line \u00e8 una compagnia di traghetti con la sede a Slatine. Scopri di pi\u00f9 sulla compagnia, vedi le tratte traghetti, l&#039;orario e i prezzi dei biglietti.\" \/>\n<meta name=\"robots\" content=\"index, follow, max-snippet:-1, max-image-preview:large, max-video-preview:-1\" \/>\n<link rel=\"canonical\" href=\"https:\/\/www.ferrycroatia.com\/it\/bura-line\/\" \/>\n<meta property=\"og:locale\" content=\"en_US\" \/>\n<meta property=\"og:type\" content=\"article\" \/>\n<meta property=\"og:title\" content=\"Bura Line, compagnia di traghetti Croazia, orari e prezzi\" \/>\n<meta property=\"og:description\" content=\"Bura Line \u00e8 una compagnia di traghetti con la sede a Slatine. Scopri di pi\u00f9 sulla compagnia, vedi le tratte traghetti, l&#039;orario e i prezzi dei biglietti.\" \/>\n<meta property=\"og:url\" content=\"https:\/\/www.ferrycroatia.com\/it\/bura-line\/\" \/>\n<meta property=\"og:site_name\" content=\"Traghetto Croazia\" \/>\n<meta property=\"article:modified_time\" content=\"2021-07-29T13:51:35+00:00\" \/>\n<meta name=\"twitter:card\" content=\"summary_large_image\" \/>\n<meta name=\"twitter:label1\" content=\"Est. reading time\" \/>\n\t<meta name=\"twitter:data1\" content=\"2 minutes\" \/>\n<script type=\"application\/ld+json\" class=\"yoast-schema-graph\">{\"@context\":\"https:\/\/schema.org\",\"@graph\":[{\"@type\":[\"WebPage\",\"FAQPage\"],\"@id\":\"https:\/\/www.ferrycroatia.com\/it\/bura-line\/\",\"url\":\"https:\/\/www.ferrycroatia.com\/it\/bura-line\/\",\"name\":\"Bura Line, compagnia di traghetti Croazia, orari e prezzi\",\"isPartOf\":{\"@id\":\"https:\/\/www.ferrycroatia.com\/it\/#website\"},\"datePublished\":\"2021-01-28T09:04:36+00:00\",\"dateModified\":\"2021-07-29T13:51:35+00:00\",\"description\":\"Bura Line \u00e8 una compagnia di traghetti con la sede a Slatine. Scopri di pi\u00f9 sulla compagnia, vedi le tratte traghetti, l'orario e i prezzi dei biglietti.\",\"breadcrumb\":{\"@id\":\"https:\/\/www.ferrycroatia.com\/it\/bura-line\/#breadcrumb\"},\"mainEntity\":[{\"@id\":\"https:\/\/www.ferrycroatia.com\/it\/bura-line\/#faq-question-1625816358735\"},{\"@id\":\"https:\/\/www.ferrycroatia.com\/it\/bura-line\/#faq-question-1625816366223\"},{\"@id\":\"https:\/\/www.ferrycroatia.com\/it\/bura-line\/#faq-question-1625816374308\"},{\"@id\":\"https:\/\/www.ferrycroatia.com\/it\/bura-line\/#faq-question-1625816381344\"},{\"@id\":\"https:\/\/www.ferrycroatia.com\/it\/bura-line\/#faq-question-1625816388614\"}],\"inLanguage\":\"en-US\",\"potentialAction\":[{\"@type\":\"ReadAction\",\"target\":[\"https:\/\/www.ferrycroatia.com\/it\/bura-line\/\"]}]},{\"@type\":\"BreadcrumbList\",\"@id\":\"https:\/\/www.ferrycroatia.com\/it\/bura-line\/#breadcrumb\",\"itemListElement\":[{\"@type\":\"ListItem\",\"position\":1,\"name\":\"Home\",\"item\":\"https:\/\/www.ferrycroatia.com\/it\/\"},{\"@type\":\"ListItem\",\"position\":2,\"name\":\"Bura Line\"}]},{\"@type\":\"WebSite\",\"@id\":\"https:\/\/www.ferrycroatia.com\/it\/#website\",\"url\":\"https:\/\/www.ferrycroatia.com\/it\/\",\"name\":\"Traghetto Croazia\",\"description\":\"Info e orari per tutti i catamarani e traghetti in Croazia\",\"potentialAction\":[{\"@type\":\"SearchAction\",\"target\":{\"@type\":\"EntryPoint\",\"urlTemplate\":\"https:\/\/www.ferrycroatia.com\/it\/?s={search_term_string}\"},\"query-input\":\"required name=search_term_string\"}],\"inLanguage\":\"en-US\"},{\"@type\":\"Question\",\"@id\":\"https:\/\/www.ferrycroatia.com\/it\/bura-line\/#faq-question-1625816358735\",\"position\":1,\"url\":\"https:\/\/www.ferrycroatia.com\/it\/bura-line\/#faq-question-1625816358735\",\"name\":\"Dove si trova il punto di arrivo \/ partenza?\",\"answerCount\":1,\"acceptedAnswer\":{\"@type\":\"Answer\",\"text\":\"A Spalato, le barche di Bura Line arrivano al primo molo del porto dei traghetti di Spalato, a Gat Svetog Nikole, l'indirizzo \u00e8 Obala Lazareta 1. A Trogir, le barche arrivano proprio accanto al ponte di Ciovo, sul lato dell'isola di Ciovo.\",\"inLanguage\":\"en-US\"},\"inLanguage\":\"en-US\"},{\"@type\":\"Question\",\"@id\":\"https:\/\/www.ferrycroatia.com\/it\/bura-line\/#faq-question-1625816366223\",\"position\":2,\"url\":\"https:\/\/www.ferrycroatia.com\/it\/bura-line\/#faq-question-1625816366223\",\"name\":\"Dove posso acquistare i biglietti per la rotta di Bura Line?\",\"answerCount\":1,\"acceptedAnswer\":{\"@type\":\"Answer\",\"text\":\"I biglietti possono essere acquistati<strong> a bordo<\/strong>, nei <strong>punti di vendita nei punti di attracco di Trogir, Spalato e Slatine<\/strong> o semplicemente sul nostro sito <a href=\\\"https:\/\/www.ferrycroatia.com\/it\/\\\">FerryCroatia<\/a>. Deve assicurarsi di arrivare al punto di partenza in tempo, soprattutto durante l'estate, quando pu\u00f2 esserci un numero significativo di persone che si imbarcano sulle barche. Inoltre, Le consigliamo di avere l'esatta somma di denaro al momento del pagamento del biglietto.\",\"inLanguage\":\"en-US\"},\"inLanguage\":\"en-US\"},{\"@type\":\"Question\",\"@id\":\"https:\/\/www.ferrycroatia.com\/it\/bura-line\/#faq-question-1625816374308\",\"position\":3,\"url\":\"https:\/\/www.ferrycroatia.com\/it\/bura-line\/#faq-question-1625816374308\",\"name\":\"Quanti bagagli posso portare a bordo?\",\"answerCount\":1,\"acceptedAnswer\":{\"@type\":\"Answer\",\"text\":\"Bura Line non fornisce le informazioni esatte sulla quantit\u00e0 di bagagli che pu\u00f2 portare, ma pu\u00f2 sicuramente portare a bordo borse e valigie di dimensioni normali. Inoltre, il bagaglio \u00e8 gratuito.\",\"inLanguage\":\"en-US\"},\"inLanguage\":\"en-US\"},{\"@type\":\"Question\",\"@id\":\"https:\/\/www.ferrycroatia.com\/it\/bura-line\/#faq-question-1625816381344\",\"position\":4,\"url\":\"https:\/\/www.ferrycroatia.com\/it\/bura-line\/#faq-question-1625816381344\",\"name\":\"Posso portare a bordo il mio animale domestico?\",\"answerCount\":1,\"acceptedAnswer\":{\"@type\":\"Answer\",\"text\":\"S\u00ec, pu\u00f2 portare a bordo il Suo animale domestico. Ma per ogni evenienza, Le consigliamo di inviare un'e-mail a Bura Line.\",\"inLanguage\":\"en-US\"},\"inLanguage\":\"en-US\"},{\"@type\":\"Question\",\"@id\":\"https:\/\/www.ferrycroatia.com\/it\/bura-line\/#faq-question-1625816388614\",\"position\":5,\"url\":\"https:\/\/www.ferrycroatia.com\/it\/bura-line\/#faq-question-1625816388614\",\"name\":\"Posso portare la mia bicicletta a bordo?\",\"answerCount\":1,\"acceptedAnswer\":{\"@type\":\"Answer\",\"text\":\"Proprio come con gli animali domestici, le biciclette sono ammesse a bordo. Ma considerando che la flotta di Bura Line include barche di medie e piccole dimensioni solo per il trasporto passeggeri, Le consigliamo di contattare direttamente la compagnia in relazione a questa domanda.\",\"inLanguage\":\"en-US\"},\"inLanguage\":\"en-US\"}]}<\/script>\n<!-- \/ Yoast SEO plugin. -->","yoast_head_json":{"title":"Bura Line, compagnia di traghetti Croazia, orari e prezzi","description":"Bura Line \u00e8 una compagnia di traghetti con la sede a Slatine. Scopri di pi\u00f9 sulla compagnia, vedi le tratte traghetti, l'orario e i prezzi dei biglietti.","robots":{"index":"index","follow":"follow","max-snippet":"max-snippet:-1","max-image-preview":"max-image-preview:large","max-video-preview":"max-video-preview:-1"},"canonical":"https:\/\/www.ferrycroatia.com\/it\/bura-line\/","og_locale":"en_US","og_type":"article","og_title":"Bura Line, compagnia di traghetti Croazia, orari e prezzi","og_description":"Bura Line \u00e8 una compagnia di traghetti con la sede a Slatine. Scopri di pi\u00f9 sulla compagnia, vedi le tratte traghetti, l'orario e i prezzi dei biglietti.","og_url":"https:\/\/www.ferrycroatia.com\/it\/bura-line\/","og_site_name":"Traghetto Croazia","article_modified_time":"2021-07-29T13:51:35+00:00","twitter_card":"summary_large_image","twitter_misc":{"Est. reading time":"2 minutes"},"schema":{"@context":"https:\/\/schema.org","@graph":[{"@type":["WebPage","FAQPage"],"@id":"https:\/\/www.ferrycroatia.com\/it\/bura-line\/","url":"https:\/\/www.ferrycroatia.com\/it\/bura-line\/","name":"Bura Line, compagnia di traghetti Croazia, orari e prezzi","isPartOf":{"@id":"https:\/\/www.ferrycroatia.com\/it\/#website"},"datePublished":"2021-01-28T09:04:36+00:00","dateModified":"2021-07-29T13:51:35+00:00","description":"Bura Line \u00e8 una compagnia di traghetti con la sede a Slatine. Scopri di pi\u00f9 sulla compagnia, vedi le tratte traghetti, l'orario e i prezzi dei biglietti.","breadcrumb":{"@id":"https:\/\/www.ferrycroatia.com\/it\/bura-line\/#breadcrumb"},"mainEntity":[{"@id":"https:\/\/www.ferrycroatia.com\/it\/bura-line\/#faq-question-1625816358735"},{"@id":"https:\/\/www.ferrycroatia.com\/it\/bura-line\/#faq-question-1625816366223"},{"@id":"https:\/\/www.ferrycroatia.com\/it\/bura-line\/#faq-question-1625816374308"},{"@id":"https:\/\/www.ferrycroatia.com\/it\/bura-line\/#faq-question-1625816381344"},{"@id":"https:\/\/www.ferrycroatia.com\/it\/bura-line\/#faq-question-1625816388614"}],"inLanguage":"en-US","potentialAction":[{"@type":"ReadAction","target":["https:\/\/www.ferrycroatia.com\/it\/bura-line\/"]}]},{"@type":"BreadcrumbList","@id":"https:\/\/www.ferrycroatia.com\/it\/bura-line\/#breadcrumb","itemListElement":[{"@type":"ListItem","position":1,"name":"Home","item":"https:\/\/www.ferrycroatia.com\/it\/"},{"@type":"ListItem","position":2,"name":"Bura Line"}]},{"@type":"WebSite","@id":"https:\/\/www.ferrycroatia.com\/it\/#website","url":"https:\/\/www.ferrycroatia.com\/it\/","name":"Traghetto Croazia","description":"Info e orari per tutti i catamarani e traghetti in Croazia","potentialAction":[{"@type":"SearchAction","target":{"@type":"EntryPoint","urlTemplate":"https:\/\/www.ferrycroatia.com\/it\/?s={search_term_string}"},"query-input":"required name=search_term_string"}],"inLanguage":"en-US"},{"@type":"Question","@id":"https:\/\/www.ferrycroatia.com\/it\/bura-line\/#faq-question-1625816358735","position":1,"url":"https:\/\/www.ferrycroatia.com\/it\/bura-line\/#faq-question-1625816358735","name":"Dove si trova il punto di arrivo \/ partenza?","answerCount":1,"acceptedAnswer":{"@type":"Answer","text":"A Spalato, le barche di Bura Line arrivano al primo molo del porto dei traghetti di Spalato, a Gat Svetog Nikole, l'indirizzo \u00e8 Obala Lazareta 1. A Trogir, le barche arrivano proprio accanto al ponte di Ciovo, sul lato dell'isola di Ciovo.","inLanguage":"en-US"},"inLanguage":"en-US"},{"@type":"Question","@id":"https:\/\/www.ferrycroatia.com\/it\/bura-line\/#faq-question-1625816366223","position":2,"url":"https:\/\/www.ferrycroatia.com\/it\/bura-line\/#faq-question-1625816366223","name":"Dove posso acquistare i biglietti per la rotta di Bura Line?","answerCount":1,"acceptedAnswer":{"@type":"Answer","text":"I biglietti possono essere acquistati<strong> a bordo<\/strong>, nei <strong>punti di vendita nei punti di attracco di Trogir, Spalato e Slatine<\/strong> o semplicemente sul nostro sito <a href=\"https:\/\/www.ferrycroatia.com\/it\/\">FerryCroatia<\/a>. Deve assicurarsi di arrivare al punto di partenza in tempo, soprattutto durante l'estate, quando pu\u00f2 esserci un numero significativo di persone che si imbarcano sulle barche. Inoltre, Le consigliamo di avere l'esatta somma di denaro al momento del pagamento del biglietto.","inLanguage":"en-US"},"inLanguage":"en-US"},{"@type":"Question","@id":"https:\/\/www.ferrycroatia.com\/it\/bura-line\/#faq-question-1625816374308","position":3,"url":"https:\/\/www.ferrycroatia.com\/it\/bura-line\/#faq-question-1625816374308","name":"Quanti bagagli posso portare a bordo?","answerCount":1,"acceptedAnswer":{"@type":"Answer","text":"Bura Line non fornisce le informazioni esatte sulla quantit\u00e0 di bagagli che pu\u00f2 portare, ma pu\u00f2 sicuramente portare a bordo borse e valigie di dimensioni normali. Inoltre, il bagaglio \u00e8 gratuito.","inLanguage":"en-US"},"inLanguage":"en-US"},{"@type":"Question","@id":"https:\/\/www.ferrycroatia.com\/it\/bura-line\/#faq-question-1625816381344","position":4,"url":"https:\/\/www.ferrycroatia.com\/it\/bura-line\/#faq-question-1625816381344","name":"Posso portare a bordo il mio animale domestico?","answerCount":1,"acceptedAnswer":{"@type":"Answer","text":"S\u00ec, pu\u00f2 portare a bordo il Suo animale domestico. Ma per ogni evenienza, Le consigliamo di inviare un'e-mail a Bura Line.","inLanguage":"en-US"},"inLanguage":"en-US"},{"@type":"Question","@id":"https:\/\/www.ferrycroatia.com\/it\/bura-line\/#faq-question-1625816388614","position":5,"url":"https:\/\/www.ferrycroatia.com\/it\/bura-line\/#faq-question-1625816388614","name":"Posso portare la mia bicicletta a bordo?","answerCount":1,"acceptedAnswer":{"@type":"Answer","text":"Proprio come con gli animali domestici, le biciclette sono ammesse a bordo. Ma considerando che la flotta di Bura Line include barche di medie e piccole dimensioni solo per il trasporto passeggeri, Le consigliamo di contattare direttamente la compagnia in relazione a questa domanda.","inLanguage":"en-US"},"inLanguage":"en-US"}]}},"_links":{"self":[{"href":"https:\/\/www.ferrycroatia.com\/it\/wp-json\/wp\/v2\/pages\/658"}],"collection":[{"href":"https:\/\/www.ferrycroatia.com\/it\/wp-json\/wp\/v2\/pages"}],"about":[{"href":"https:\/\/www.ferrycroatia.com\/it\/wp-json\/wp\/v2\/types\/page"}],"author":[{"embeddable":true,"href":"https:\/\/www.ferrycroatia.com\/it\/wp-json\/wp\/v2\/users\/5"}],"replies":[{"embeddable":true,"href":"https:\/\/www.ferrycroatia.com\/it\/wp-json\/wp\/v2\/comments?post=658"}],"version-history":[{"count":5,"href":"https:\/\/www.ferrycroatia.com\/it\/wp-json\/wp\/v2\/pages\/658\/revisions"}],"predecessor-version":[{"id":3100,"href":"https:\/\/www.ferrycroatia.com\/it\/wp-json\/wp\/v2\/pages\/658\/revisions\/3100"}],"wp:attachment":[{"href":"https:\/\/www.ferrycroatia.com\/it\/wp-json\/wp\/v2\/media?parent=658"}],"curies":[{"name":"wp","href":"https:\/\/api.w.org\/{rel}","templated":true}]}}