{"id":660,"date":"2021-01-28T09:14:37","date_gmt":"2021-01-28T09:14:37","guid":{"rendered":"https:\/\/ferrycroatia.com\/it\/?page_id=660"},"modified":"2021-07-27T10:48:36","modified_gmt":"2021-07-27T08:48:36","slug":"catamaran-line","status":"publish","type":"page","link":"https:\/\/www.ferrycroatia.com\/it\/catamaran-line\/","title":{"rendered":"Catamaran Line"},"content":{"rendered":"\n<p><strong>Catamaran Line d.o.o.<\/strong> \u00e8 una compagnia di traghetti \/ catamarani relativamente nuova, fondata nel 2017 con sede a Spalato. Oltre al trasporto catamarani si organizzano anche<strong> escursioni e trasferimenti con imbarcazione<\/strong>, entrambi su richiesta. Di recente, l\u2019azienda offre anche due linee regolari di catamarani: <strong>Pola &#8211; Unie &#8211; Sansego &#8211; Lussinpiccolo &#8211; Asinello &#8211; Silba &#8211; Zara<\/strong> e <strong>Spalato Aeroporto &#8211; Spalato<\/strong>.<\/p>\n\n\n\n<p><strong>La linea di catamarano dall&#8217;Aeroporto di Spalato a Spalato<\/strong> \u00e8 particolarmente interessante, perch\u00e9 pu\u00f2 essere utilizzata come alternativa ad altri mezzi di trasporto per Spalato. Oltre al viaggio rapido verso la citt\u00e0, i passeggeri possono godere di <strong>una bella vista al loro arrivo <a href=\"https:\/\/www.ferrycroatia.com\/it\/porto-di-spalato\/\">al porto di Spalato<\/a><\/strong>. Per quanto riguarda <strong>la linea di catamarano 9141<\/strong>, essa collega <a href=\"https:\/\/www.ferrycroatia.com\/it\/porto-di-pola\/\">Pola<\/a> con <a href=\"https:\/\/www.ferrycroatia.com\/it\/porto-di-zara\/\">Zara<\/a>, ma anche con altre isole come <a href=\"https:\/\/www.ferrycroatia.com\/it\/isola-di-lussino\/\">Lussino<\/a>, Sansego e Asinello.<\/p>\n\n\n\n<p>La flotta di Catamaran Line d.o.o. comprende <strong>tre catamarani<\/strong>: \u201cFOR\u201d, \u201cKomiza\u201d e \u201cBisovo\u201d, in grado di imbarcare rispettivamente 145, 159 e 325 passeggeri.<\/p>\n\n\n\n<h2>Catamaran Line &#8211; DOMANDE FREQUENTI<\/h2>\n\n\n\n<div class=\"schema-faq wp-block-yoast-faq-block\"><div class=\"schema-faq-section\" id=\"faq-question-1625816421447\"><strong class=\"schema-faq-question\"><strong>Dove posso acquistare i biglietti per le rotte di Catamaran Line?<\/strong><\/strong> <p class=\"schema-faq-answer\">Ci sono punti di vendita a Pola, Mali Losinj e Zara. Ci sono tre punti a Pola per acquistare i biglietti, tutti situati vicino al porto di Pola. Anche i punti di vendita a Mali Losinj e Zara sono proprio accanto ai porti. Inoltre, pu\u00f2 sempre <strong>acquistare il Suo biglietto online<\/strong> e risparmiare tempo. Per la linea dall&#8217;Aeroporto di Spalato a Spalato, \u00e8 possibile acquistare il biglietto a bordo, presso il punto di vendita vicino a Riva o online.<\/p> <\/div> <div class=\"schema-faq-section\" id=\"faq-question-1625816433454\"><strong class=\"schema-faq-question\"><strong>Devo acquistare un biglietto separato per i bambini piccoli che viaggiano con me?<\/strong><\/strong> <p class=\"schema-faq-answer\">Il viaggio per i bambini da 1 a 3 anni<strong> \u00e8 gratuito<\/strong>. Ai bambini fino a 1 anno non verr\u00e0 emesso un biglietto di viaggio, mentre quelli fino a 3 anni riceveranno un biglietto di viaggio.<\/p> <\/div> <div class=\"schema-faq-section\" id=\"faq-question-1625816437917\"><strong class=\"schema-faq-question\"><strong>Devo stampare i biglietti prima dell\u2019imbarco sul catamarano?<\/strong><\/strong> <p class=\"schema-faq-answer\">Se acquista il \u200b\u200bSuo biglietto online, ricever\u00e0 un&#8217;e-mail di conferma dei biglietti acquistati. Dopodich\u00e9, dovr\u00e0 <strong>utilizzare la conferma stampata per ritirare i biglietti<\/strong> nei punti di vendita precedentemente menzionati o direttamente al catamarano, dove Le verr\u00e0 data una carta di viaggio.<\/p> <\/div> <div class=\"schema-faq-section\" id=\"faq-question-1625816445975\"><strong class=\"schema-faq-question\"><strong>Quanti bagagli posso portare a bordo?<\/strong><\/strong> <p class=\"schema-faq-answer\">Ogni passeggero pu\u00f2 portare gratuitamente<strong> fino a 20 kg<\/strong> di bagaglio a mano. I bagagli fino a 100 kg vengono trasportati secondo il listino prezzi per il trasporto dei bagagli. Per quanto riguarda la linea Aeroporto di Spalato &#8211; Spalato, il bagaglio<strong> \u00e8 gratuito<\/strong> indipendentemente dalle sue dimensioni.<\/p> <\/div> <div class=\"schema-faq-section\" id=\"faq-question-1625816453653\"><strong class=\"schema-faq-question\"><strong>Posso portare a bordo il mio animale domestico?<\/strong><\/strong> <p class=\"schema-faq-answer\">Ecco un estratto dalle restrizioni di Catamaran Line sugli animali domestici:<br\/><br\/><em>Laddove le barche soddisfino le condizioni tecniche (canili) per il trasporto di animali domestici a bordo, il trasporto di un animale domestico in un canile verr\u00e0 addebitato al 50% del prezzo del biglietto a persona.<\/em><br\/><br\/><em>Gli ANIMALI DOMESTICI sono ammessi a bordo di un traghetto solo se non rappresentano un pericolo o arrecano disturbo ai passeggeri o all&#8217;imbarcazione e non sono ammessi nelle aree passeggeri che sono chiuse. I proprietari si assumono il rischio del viaggio e la responsabilit\u00e0 per eventuali danni. I cani devono avere la museruola (tranne i cani guida) e devono essere al guinzaglio; i gatti nei trasportini; e gli uccelli nelle gabbie. Cani e gatti devono avere adeguati documenti di vaccinazione. Il catamarano Bisovo include un apposito contenitore per gli animali domestici. Gli animali non sono ammessi a bordo dei catamarani Broc e Komiza, ad eccezione dei cani guida per non vedenti.<\/em><\/p> <\/div> <\/div>\n","protected":false},"excerpt":{"rendered":"<p>Catamaran Line d.o.o. \u00e8 una compagnia di traghetti \/ catamarani relativamente nuova, fondata nel 2017 con sede a Spalato. Oltre al trasporto catamarani si organizzano anche escursioni e trasferimenti con imbarcazione, entrambi su richiesta. Di recente, l\u2019azienda offre anche due linee regolari di catamarani: Pola &#8211; Unie &#8211; Sansego &#8211; Lussinpiccolo &#8211; Asinello &#8211; Silba [&hellip;]<\/p>\n<p><a class=\"more-link\" href=\"https:\/\/www.ferrycroatia.com\/it\/catamaran-line\/\"> Continue reading&#8230;<\/a><\/p>\n","protected":false},"author":5,"featured_media":0,"parent":0,"menu_order":0,"comment_status":"closed","ping_status":"closed","template":"","meta":[],"yoast_head":"<!-- This site is optimized with the Yoast SEO plugin v19.8 - https:\/\/yoast.com\/wordpress\/plugins\/seo\/ -->\n<title>Catamaran Line, compagnia di traghetti, orari e prezzi<\/title>\n<meta name=\"description\" content=\"Catamaran Line \u00e8 una compagnia di traghetti con la sede a Spalato. Scopri di pi\u00f9 sulla compagnia, vedi le tratte traghetti, l&#039;orario e i prezzi dei biglietti.\" \/>\n<meta name=\"robots\" content=\"index, follow, max-snippet:-1, max-image-preview:large, max-video-preview:-1\" \/>\n<link rel=\"canonical\" href=\"https:\/\/www.ferrycroatia.com\/it\/catamaran-line\/\" \/>\n<meta property=\"og:locale\" content=\"en_US\" \/>\n<meta property=\"og:type\" content=\"article\" \/>\n<meta property=\"og:title\" content=\"Catamaran Line, compagnia di traghetti, orari e prezzi\" \/>\n<meta property=\"og:description\" content=\"Catamaran Line \u00e8 una compagnia di traghetti con la sede a Spalato. Scopri di pi\u00f9 sulla compagnia, vedi le tratte traghetti, l&#039;orario e i prezzi dei biglietti.\" \/>\n<meta property=\"og:url\" content=\"https:\/\/www.ferrycroatia.com\/it\/catamaran-line\/\" \/>\n<meta property=\"og:site_name\" content=\"Traghetto Croazia\" \/>\n<meta property=\"article:modified_time\" content=\"2021-07-27T08:48:36+00:00\" \/>\n<meta name=\"twitter:card\" content=\"summary_large_image\" \/>\n<meta name=\"twitter:label1\" content=\"Est. reading time\" \/>\n\t<meta name=\"twitter:data1\" content=\"3 minutes\" \/>\n<script type=\"application\/ld+json\" class=\"yoast-schema-graph\">{\"@context\":\"https:\/\/schema.org\",\"@graph\":[{\"@type\":[\"WebPage\",\"FAQPage\"],\"@id\":\"https:\/\/www.ferrycroatia.com\/it\/catamaran-line\/\",\"url\":\"https:\/\/www.ferrycroatia.com\/it\/catamaran-line\/\",\"name\":\"Catamaran Line, compagnia di traghetti, orari e prezzi\",\"isPartOf\":{\"@id\":\"https:\/\/www.ferrycroatia.com\/it\/#website\"},\"datePublished\":\"2021-01-28T09:14:37+00:00\",\"dateModified\":\"2021-07-27T08:48:36+00:00\",\"description\":\"Catamaran Line \u00e8 una compagnia di traghetti con la sede a Spalato. Scopri di pi\u00f9 sulla compagnia, vedi le tratte traghetti, l'orario e i prezzi dei biglietti.\",\"breadcrumb\":{\"@id\":\"https:\/\/www.ferrycroatia.com\/it\/catamaran-line\/#breadcrumb\"},\"mainEntity\":[{\"@id\":\"https:\/\/www.ferrycroatia.com\/it\/catamaran-line\/#faq-question-1625816421447\"},{\"@id\":\"https:\/\/www.ferrycroatia.com\/it\/catamaran-line\/#faq-question-1625816433454\"},{\"@id\":\"https:\/\/www.ferrycroatia.com\/it\/catamaran-line\/#faq-question-1625816437917\"},{\"@id\":\"https:\/\/www.ferrycroatia.com\/it\/catamaran-line\/#faq-question-1625816445975\"},{\"@id\":\"https:\/\/www.ferrycroatia.com\/it\/catamaran-line\/#faq-question-1625816453653\"}],\"inLanguage\":\"en-US\",\"potentialAction\":[{\"@type\":\"ReadAction\",\"target\":[\"https:\/\/www.ferrycroatia.com\/it\/catamaran-line\/\"]}]},{\"@type\":\"BreadcrumbList\",\"@id\":\"https:\/\/www.ferrycroatia.com\/it\/catamaran-line\/#breadcrumb\",\"itemListElement\":[{\"@type\":\"ListItem\",\"position\":1,\"name\":\"Home\",\"item\":\"https:\/\/www.ferrycroatia.com\/it\/\"},{\"@type\":\"ListItem\",\"position\":2,\"name\":\"Catamaran Line\"}]},{\"@type\":\"WebSite\",\"@id\":\"https:\/\/www.ferrycroatia.com\/it\/#website\",\"url\":\"https:\/\/www.ferrycroatia.com\/it\/\",\"name\":\"Traghetto Croazia\",\"description\":\"Info e orari per tutti i catamarani e traghetti in Croazia\",\"potentialAction\":[{\"@type\":\"SearchAction\",\"target\":{\"@type\":\"EntryPoint\",\"urlTemplate\":\"https:\/\/www.ferrycroatia.com\/it\/?s={search_term_string}\"},\"query-input\":\"required name=search_term_string\"}],\"inLanguage\":\"en-US\"},{\"@type\":\"Question\",\"@id\":\"https:\/\/www.ferrycroatia.com\/it\/catamaran-line\/#faq-question-1625816421447\",\"position\":1,\"url\":\"https:\/\/www.ferrycroatia.com\/it\/catamaran-line\/#faq-question-1625816421447\",\"name\":\"Dove posso acquistare i biglietti per le rotte di Catamaran Line?\",\"answerCount\":1,\"acceptedAnswer\":{\"@type\":\"Answer\",\"text\":\"Ci sono punti di vendita a Pola, Mali Losinj e Zara. Ci sono tre punti a Pola per acquistare i biglietti, tutti situati vicino al porto di Pola. Anche i punti di vendita a Mali Losinj e Zara sono proprio accanto ai porti. Inoltre, pu\u00f2 sempre <strong>acquistare il Suo biglietto online<\/strong> e risparmiare tempo. Per la linea dall'Aeroporto di Spalato a Spalato, \u00e8 possibile acquistare il biglietto a bordo, presso il punto di vendita vicino a Riva o online.\",\"inLanguage\":\"en-US\"},\"inLanguage\":\"en-US\"},{\"@type\":\"Question\",\"@id\":\"https:\/\/www.ferrycroatia.com\/it\/catamaran-line\/#faq-question-1625816433454\",\"position\":2,\"url\":\"https:\/\/www.ferrycroatia.com\/it\/catamaran-line\/#faq-question-1625816433454\",\"name\":\"Devo acquistare un biglietto separato per i bambini piccoli che viaggiano con me?\",\"answerCount\":1,\"acceptedAnswer\":{\"@type\":\"Answer\",\"text\":\"Il viaggio per i bambini da 1 a 3 anni<strong> \u00e8 gratuito<\/strong>. Ai bambini fino a 1 anno non verr\u00e0 emesso un biglietto di viaggio, mentre quelli fino a 3 anni riceveranno un biglietto di viaggio.\",\"inLanguage\":\"en-US\"},\"inLanguage\":\"en-US\"},{\"@type\":\"Question\",\"@id\":\"https:\/\/www.ferrycroatia.com\/it\/catamaran-line\/#faq-question-1625816437917\",\"position\":3,\"url\":\"https:\/\/www.ferrycroatia.com\/it\/catamaran-line\/#faq-question-1625816437917\",\"name\":\"Devo stampare i biglietti prima dell\u2019imbarco sul catamarano?\",\"answerCount\":1,\"acceptedAnswer\":{\"@type\":\"Answer\",\"text\":\"Se acquista il \u200b\u200bSuo biglietto online, ricever\u00e0 un'e-mail di conferma dei biglietti acquistati. Dopodich\u00e9, dovr\u00e0 <strong>utilizzare la conferma stampata per ritirare i biglietti<\/strong> nei punti di vendita precedentemente menzionati o direttamente al catamarano, dove Le verr\u00e0 data una carta di viaggio.\",\"inLanguage\":\"en-US\"},\"inLanguage\":\"en-US\"},{\"@type\":\"Question\",\"@id\":\"https:\/\/www.ferrycroatia.com\/it\/catamaran-line\/#faq-question-1625816445975\",\"position\":4,\"url\":\"https:\/\/www.ferrycroatia.com\/it\/catamaran-line\/#faq-question-1625816445975\",\"name\":\"Quanti bagagli posso portare a bordo?\",\"answerCount\":1,\"acceptedAnswer\":{\"@type\":\"Answer\",\"text\":\"Ogni passeggero pu\u00f2 portare gratuitamente<strong> fino a 20 kg<\/strong> di bagaglio a mano. I bagagli fino a 100 kg vengono trasportati secondo il listino prezzi per il trasporto dei bagagli. Per quanto riguarda la linea Aeroporto di Spalato - Spalato, il bagaglio<strong> \u00e8 gratuito<\/strong> indipendentemente dalle sue dimensioni.\",\"inLanguage\":\"en-US\"},\"inLanguage\":\"en-US\"},{\"@type\":\"Question\",\"@id\":\"https:\/\/www.ferrycroatia.com\/it\/catamaran-line\/#faq-question-1625816453653\",\"position\":5,\"url\":\"https:\/\/www.ferrycroatia.com\/it\/catamaran-line\/#faq-question-1625816453653\",\"name\":\"Posso portare a bordo il mio animale domestico?\",\"answerCount\":1,\"acceptedAnswer\":{\"@type\":\"Answer\",\"text\":\"Ecco un estratto dalle restrizioni di Catamaran Line sugli animali domestici:<br\/><br\/><em>Laddove le barche soddisfino le condizioni tecniche (canili) per il trasporto di animali domestici a bordo, il trasporto di un animale domestico in un canile verr\u00e0 addebitato al 50% del prezzo del biglietto a persona.<\/em><br\/><br\/><em>Gli ANIMALI DOMESTICI sono ammessi a bordo di un traghetto solo se non rappresentano un pericolo o arrecano disturbo ai passeggeri o all'imbarcazione e non sono ammessi nelle aree passeggeri che sono chiuse. I proprietari si assumono il rischio del viaggio e la responsabilit\u00e0 per eventuali danni. I cani devono avere la museruola (tranne i cani guida) e devono essere al guinzaglio; i gatti nei trasportini; e gli uccelli nelle gabbie. Cani e gatti devono avere adeguati documenti di vaccinazione. Il catamarano Bisovo include un apposito contenitore per gli animali domestici. Gli animali non sono ammessi a bordo dei catamarani Broc e Komiza, ad eccezione dei cani guida per non vedenti.<\/em>\",\"inLanguage\":\"en-US\"},\"inLanguage\":\"en-US\"}]}<\/script>\n<!-- \/ Yoast SEO plugin. -->","yoast_head_json":{"title":"Catamaran Line, compagnia di traghetti, orari e prezzi","description":"Catamaran Line \u00e8 una compagnia di traghetti con la sede a Spalato. Scopri di pi\u00f9 sulla compagnia, vedi le tratte traghetti, l'orario e i prezzi dei biglietti.","robots":{"index":"index","follow":"follow","max-snippet":"max-snippet:-1","max-image-preview":"max-image-preview:large","max-video-preview":"max-video-preview:-1"},"canonical":"https:\/\/www.ferrycroatia.com\/it\/catamaran-line\/","og_locale":"en_US","og_type":"article","og_title":"Catamaran Line, compagnia di traghetti, orari e prezzi","og_description":"Catamaran Line \u00e8 una compagnia di traghetti con la sede a Spalato. Scopri di pi\u00f9 sulla compagnia, vedi le tratte traghetti, l'orario e i prezzi dei biglietti.","og_url":"https:\/\/www.ferrycroatia.com\/it\/catamaran-line\/","og_site_name":"Traghetto Croazia","article_modified_time":"2021-07-27T08:48:36+00:00","twitter_card":"summary_large_image","twitter_misc":{"Est. reading time":"3 minutes"},"schema":{"@context":"https:\/\/schema.org","@graph":[{"@type":["WebPage","FAQPage"],"@id":"https:\/\/www.ferrycroatia.com\/it\/catamaran-line\/","url":"https:\/\/www.ferrycroatia.com\/it\/catamaran-line\/","name":"Catamaran Line, compagnia di traghetti, orari e prezzi","isPartOf":{"@id":"https:\/\/www.ferrycroatia.com\/it\/#website"},"datePublished":"2021-01-28T09:14:37+00:00","dateModified":"2021-07-27T08:48:36+00:00","description":"Catamaran Line \u00e8 una compagnia di traghetti con la sede a Spalato. Scopri di pi\u00f9 sulla compagnia, vedi le tratte traghetti, l'orario e i prezzi dei biglietti.","breadcrumb":{"@id":"https:\/\/www.ferrycroatia.com\/it\/catamaran-line\/#breadcrumb"},"mainEntity":[{"@id":"https:\/\/www.ferrycroatia.com\/it\/catamaran-line\/#faq-question-1625816421447"},{"@id":"https:\/\/www.ferrycroatia.com\/it\/catamaran-line\/#faq-question-1625816433454"},{"@id":"https:\/\/www.ferrycroatia.com\/it\/catamaran-line\/#faq-question-1625816437917"},{"@id":"https:\/\/www.ferrycroatia.com\/it\/catamaran-line\/#faq-question-1625816445975"},{"@id":"https:\/\/www.ferrycroatia.com\/it\/catamaran-line\/#faq-question-1625816453653"}],"inLanguage":"en-US","potentialAction":[{"@type":"ReadAction","target":["https:\/\/www.ferrycroatia.com\/it\/catamaran-line\/"]}]},{"@type":"BreadcrumbList","@id":"https:\/\/www.ferrycroatia.com\/it\/catamaran-line\/#breadcrumb","itemListElement":[{"@type":"ListItem","position":1,"name":"Home","item":"https:\/\/www.ferrycroatia.com\/it\/"},{"@type":"ListItem","position":2,"name":"Catamaran Line"}]},{"@type":"WebSite","@id":"https:\/\/www.ferrycroatia.com\/it\/#website","url":"https:\/\/www.ferrycroatia.com\/it\/","name":"Traghetto Croazia","description":"Info e orari per tutti i catamarani e traghetti in Croazia","potentialAction":[{"@type":"SearchAction","target":{"@type":"EntryPoint","urlTemplate":"https:\/\/www.ferrycroatia.com\/it\/?s={search_term_string}"},"query-input":"required name=search_term_string"}],"inLanguage":"en-US"},{"@type":"Question","@id":"https:\/\/www.ferrycroatia.com\/it\/catamaran-line\/#faq-question-1625816421447","position":1,"url":"https:\/\/www.ferrycroatia.com\/it\/catamaran-line\/#faq-question-1625816421447","name":"Dove posso acquistare i biglietti per le rotte di Catamaran Line?","answerCount":1,"acceptedAnswer":{"@type":"Answer","text":"Ci sono punti di vendita a Pola, Mali Losinj e Zara. Ci sono tre punti a Pola per acquistare i biglietti, tutti situati vicino al porto di Pola. Anche i punti di vendita a Mali Losinj e Zara sono proprio accanto ai porti. Inoltre, pu\u00f2 sempre <strong>acquistare il Suo biglietto online<\/strong> e risparmiare tempo. Per la linea dall'Aeroporto di Spalato a Spalato, \u00e8 possibile acquistare il biglietto a bordo, presso il punto di vendita vicino a Riva o online.","inLanguage":"en-US"},"inLanguage":"en-US"},{"@type":"Question","@id":"https:\/\/www.ferrycroatia.com\/it\/catamaran-line\/#faq-question-1625816433454","position":2,"url":"https:\/\/www.ferrycroatia.com\/it\/catamaran-line\/#faq-question-1625816433454","name":"Devo acquistare un biglietto separato per i bambini piccoli che viaggiano con me?","answerCount":1,"acceptedAnswer":{"@type":"Answer","text":"Il viaggio per i bambini da 1 a 3 anni<strong> \u00e8 gratuito<\/strong>. Ai bambini fino a 1 anno non verr\u00e0 emesso un biglietto di viaggio, mentre quelli fino a 3 anni riceveranno un biglietto di viaggio.","inLanguage":"en-US"},"inLanguage":"en-US"},{"@type":"Question","@id":"https:\/\/www.ferrycroatia.com\/it\/catamaran-line\/#faq-question-1625816437917","position":3,"url":"https:\/\/www.ferrycroatia.com\/it\/catamaran-line\/#faq-question-1625816437917","name":"Devo stampare i biglietti prima dell\u2019imbarco sul catamarano?","answerCount":1,"acceptedAnswer":{"@type":"Answer","text":"Se acquista il \u200b\u200bSuo biglietto online, ricever\u00e0 un'e-mail di conferma dei biglietti acquistati. Dopodich\u00e9, dovr\u00e0 <strong>utilizzare la conferma stampata per ritirare i biglietti<\/strong> nei punti di vendita precedentemente menzionati o direttamente al catamarano, dove Le verr\u00e0 data una carta di viaggio.","inLanguage":"en-US"},"inLanguage":"en-US"},{"@type":"Question","@id":"https:\/\/www.ferrycroatia.com\/it\/catamaran-line\/#faq-question-1625816445975","position":4,"url":"https:\/\/www.ferrycroatia.com\/it\/catamaran-line\/#faq-question-1625816445975","name":"Quanti bagagli posso portare a bordo?","answerCount":1,"acceptedAnswer":{"@type":"Answer","text":"Ogni passeggero pu\u00f2 portare gratuitamente<strong> fino a 20 kg<\/strong> di bagaglio a mano. I bagagli fino a 100 kg vengono trasportati secondo il listino prezzi per il trasporto dei bagagli. Per quanto riguarda la linea Aeroporto di Spalato - Spalato, il bagaglio<strong> \u00e8 gratuito<\/strong> indipendentemente dalle sue dimensioni.","inLanguage":"en-US"},"inLanguage":"en-US"},{"@type":"Question","@id":"https:\/\/www.ferrycroatia.com\/it\/catamaran-line\/#faq-question-1625816453653","position":5,"url":"https:\/\/www.ferrycroatia.com\/it\/catamaran-line\/#faq-question-1625816453653","name":"Posso portare a bordo il mio animale domestico?","answerCount":1,"acceptedAnswer":{"@type":"Answer","text":"Ecco un estratto dalle restrizioni di Catamaran Line sugli animali domestici:<br\/><br\/><em>Laddove le barche soddisfino le condizioni tecniche (canili) per il trasporto di animali domestici a bordo, il trasporto di un animale domestico in un canile verr\u00e0 addebitato al 50% del prezzo del biglietto a persona.<\/em><br\/><br\/><em>Gli ANIMALI DOMESTICI sono ammessi a bordo di un traghetto solo se non rappresentano un pericolo o arrecano disturbo ai passeggeri o all'imbarcazione e non sono ammessi nelle aree passeggeri che sono chiuse. I proprietari si assumono il rischio del viaggio e la responsabilit\u00e0 per eventuali danni. I cani devono avere la museruola (tranne i cani guida) e devono essere al guinzaglio; i gatti nei trasportini; e gli uccelli nelle gabbie. Cani e gatti devono avere adeguati documenti di vaccinazione. Il catamarano Bisovo include un apposito contenitore per gli animali domestici. Gli animali non sono ammessi a bordo dei catamarani Broc e Komiza, ad eccezione dei cani guida per non vedenti.<\/em>","inLanguage":"en-US"},"inLanguage":"en-US"}]}},"_links":{"self":[{"href":"https:\/\/www.ferrycroatia.com\/it\/wp-json\/wp\/v2\/pages\/660"}],"collection":[{"href":"https:\/\/www.ferrycroatia.com\/it\/wp-json\/wp\/v2\/pages"}],"about":[{"href":"https:\/\/www.ferrycroatia.com\/it\/wp-json\/wp\/v2\/types\/page"}],"author":[{"embeddable":true,"href":"https:\/\/www.ferrycroatia.com\/it\/wp-json\/wp\/v2\/users\/5"}],"replies":[{"embeddable":true,"href":"https:\/\/www.ferrycroatia.com\/it\/wp-json\/wp\/v2\/comments?post=660"}],"version-history":[{"count":3,"href":"https:\/\/www.ferrycroatia.com\/it\/wp-json\/wp\/v2\/pages\/660\/revisions"}],"predecessor-version":[{"id":2978,"href":"https:\/\/www.ferrycroatia.com\/it\/wp-json\/wp\/v2\/pages\/660\/revisions\/2978"}],"wp:attachment":[{"href":"https:\/\/www.ferrycroatia.com\/it\/wp-json\/wp\/v2\/media?parent=660"}],"curies":[{"name":"wp","href":"https:\/\/api.w.org\/{rel}","templated":true}]}}