{"id":662,"date":"2021-01-28T09:36:58","date_gmt":"2021-01-28T09:36:58","guid":{"rendered":"https:\/\/ferrycroatia.com\/it\/?page_id=662"},"modified":"2022-07-21T10:34:41","modified_gmt":"2022-07-21T08:34:41","slug":"tp-line","status":"publish","type":"page","link":"https:\/\/www.ferrycroatia.com\/it\/tp-line\/","title":{"rendered":"TP Line"},"content":{"rendered":"\n<p><strong>TP Line d.o.o. \u00e8 una compagnia di traghetti da Zadar<\/strong>, da non confondere con la compagnia <a href=\"https:\/\/www.ferrycroatia.com\/it\/gv-line-zadar\/\">G&amp;V Line Iadera d.o.o.<\/a>, che \u00e8 una compagnia di traghetti da Zara. Precedentemente conosciuta come G&amp;V line d.o.o. ha una flotta di 6 traghetti ad alta velocit\u00e0 per soli passeggeri, che operano tra Spalato, Dubrovnik, Makarska e le isole di <a href=\"https:\/\/www.ferrycroatia.com\/it\/isola-di-brazza\/\">Brac<\/a>, <a href=\"https:\/\/www.ferrycroatia.com\/it\/isola-di-lesina\/\">Hvar<\/a>, <a href=\"https:\/\/www.ferrycroatia.com\/it\/isola-di-curzola\/\">Korcula<\/a>, <a href=\"https:\/\/www.ferrycroatia.com\/it\/isola-di-meleda\/\">Mljet<\/a> e <a href=\"https:\/\/www.ferrycroatia.com\/it\/isola-di-lissa\/\">Vis<\/a>.<\/p>\n\n\n\n<p>Le rotte pi\u00f9 brevi e pi\u00f9 frequenti che operano sono Spalato &#8211; Hvar e Ragusa &#8211; Luka Sipanska &#8211; Sobra (Meleda) o Polace (Meleda) almeno una volta al giorno. Le partenze<strong> che collegano Ragusa con <\/strong>Curzola e Ubli (Lagosta) sono meno frequenti. Pu\u00f2 vedere un elenco delle combinazioni di viaggio di seguito o utilizzare il modulo di ricerca sopra per trovare la partenza per una data specifica.<\/p>\n\n\n\n<h2>TP line d.o.o. &#8211; DOMANDE FREQUENTI<\/h2>\n\n\n\n<div class=\"schema-faq wp-block-yoast-faq-block\"><div class=\"schema-faq-section\" id=\"faq-question-1625816510582\"><strong class=\"schema-faq-question\"><strong>Dove posso acquistare i biglietti per il traghetto veloce di TP line?<\/strong><\/strong> <p class=\"schema-faq-answer\">I biglietti <strong>vengono venduti solo sulla barca il giorno della partenza<\/strong>, non \u00e8 possibile prenotare o acquistare i biglietti in anticipo.<\/p> <\/div> <div class=\"schema-faq-section\" id=\"faq-question-1625816519513\"><strong class=\"schema-faq-question\"><strong>Quanti bagagli posso portare?<\/strong><\/strong> <p class=\"schema-faq-answer\">Fino a <strong>20 kg di bagaglio<\/strong> sono ammessi gratuitamente per ogni passeggero.<\/p> <\/div> <div class=\"schema-faq-section\" id=\"faq-question-1625816524254\"><strong class=\"schema-faq-question\"><strong>Posso portare una bicicletta sul catamarano?<\/strong><\/strong> <p class=\"schema-faq-answer\">No, non \u00e8 possibile portare la bicicletta sui catamarani di TP line.<\/p> <\/div> <div class=\"schema-faq-section\" id=\"faq-question-1625816538561\"><strong class=\"schema-faq-question\"><strong>Posso portare il mio animale domestico sul catamarano?<\/strong><\/strong> <p class=\"schema-faq-answer\">S\u00ec, pu\u00f2 farlo se segue i termini di TP line d.o.o.<br\/><br\/><em>&#8220;Gli animali domestici sono ammessi solo se non rappresentano una minaccia o un disturbo per gli altri passeggeri o per la nave. Non sono ammessi nelle aree passeggeri che sono chiuse e devono essere trasportati in apposite borse trasportino o gabbie. I cani devono indossare la museruola (tranne i cani guida per i non vedenti), i gatti devono essere in trasportini, gli uccelli in gabbia. Sia per i cani che per i gatti, i proprietari devono mostrare documenti di vaccinazione e altri certificati di salute. Il proprietario si assume la totale responsabilit\u00e0 dell&#8217;alimentazione del suo animale domestico. Il proprietario si assume il rischio e la responsabilit\u00e0 per eventuali danni causati dai propri animali. La compagnia di navigazione non si assume alcuna responsabilit\u00e0 per eventuali lesioni agli animali durante il viaggio. &#8220;<\/em><\/p> <\/div> <div class=\"schema-faq-section\" id=\"faq-question-1625816549258\"><strong class=\"schema-faq-question\"><strong>Quanto prima devo essere al porto?<\/strong><\/strong> <p class=\"schema-faq-answer\">Lei dovrebbe essere al porto <strong>circa 30 minuti prima della partenza<\/strong>, poich\u00e9 \u00e8 quando inizia l&#8217;imbarco sul catamarano.<\/p> <\/div> <\/div>\n\n\n\n<h2>Percorsi popolari da TP Line d.o.o<\/h2>\n\n\n\n<p>Da Spalato:<\/p>\n\n\n\n<figure class=\"wp-block-table\"><table class=\"has-fixed-layout\"><tbody><tr><td><a href=\"https:\/\/www.ferrycroatia.com\/it\/spalato-lesina\/\">Spalato &#8211; Hvar<\/a><\/td><td><a href=\"https:\/\/www.ferrycroatia.com\/it\/ragusa-spalato\/\">Spalato &#8211; Milna &#8211; Hvar &#8211; Korcula &#8211; Mljet &#8211; Ragusa<\/a><\/td><\/tr><\/tbody><\/table><\/figure>\n\n\n\n<p>Da Ragusa:<\/p>\n\n\n\n<figure class=\"wp-block-table\"><table><tbody><tr><td><a href=\"https:\/\/www.ferrycroatia.com\/it\/ragusa-curzola\/\">Ragusa &#8211; Curzola<\/a><\/td><td><a href=\"https:\/\/www.ferrycroatia.com\/it\/ragusa-ubli\/\">Ragusa &#8211; Ubli (Lagosta)<\/a><\/td><td><a href=\"https:\/\/www.ferrycroatia.com\/it\/ragusa-porto-giuppana\/\">Ragusa &#8211; Luka Sipanska<\/a><\/td><\/tr><tr><td><a href=\"https:\/\/www.ferrycroatia.com\/it\/ragusa-sobra\/\">Ragusa &#8211; Sobra (Meleda)<\/a><\/td><td><a href=\"https:\/\/www.ferrycroatia.com\/it\/curzola-sobra\/\">Curzola &#8211; Sobra (Meleda)<\/a><\/td><td><a href=\"https:\/\/www.ferrycroatia.com\/it\/curzola-ubli\/\">Curzola &#8211; Ubli (Lagosta)<\/a><\/td><\/tr><\/tbody><\/table><\/figure>\n\n\n\n<p>Da Makarska<\/p>\n\n\n\n<figure class=\"wp-block-table\"><table><tbody><tr><td class=\"has-text-align-center\" data-align=\"center\"><a href=\"https:\/\/www.ferrycroatia.com\/en\/makarska-split\/\">Makarska &#8211; Bol (Brazza) &#8211; Hvar &#8211; Vis &#8211; Spalato<\/a><\/td><\/tr><\/tbody><\/table><\/figure>\n","protected":false},"excerpt":{"rendered":"<p>TP Line d.o.o. \u00e8 una compagnia di traghetti da Zadar, da non confondere con la compagnia G&amp;V Line Iadera d.o.o., che \u00e8 una compagnia di traghetti da Zara. Precedentemente conosciuta come G&amp;V line d.o.o. ha una flotta di 6 traghetti ad alta velocit\u00e0 per soli passeggeri, che operano tra Spalato, Dubrovnik, Makarska e le isole [&hellip;]<\/p>\n<p><a class=\"more-link\" href=\"https:\/\/www.ferrycroatia.com\/it\/tp-line\/\"> Continue reading&#8230;<\/a><\/p>\n","protected":false},"author":5,"featured_media":0,"parent":0,"menu_order":0,"comment_status":"closed","ping_status":"closed","template":"","meta":[],"yoast_head":"<!-- This site is optimized with the Yoast SEO plugin v19.8 - https:\/\/yoast.com\/wordpress\/plugins\/seo\/ -->\n<title>TP Line Zadar, compagnia di traghetti, orari e prezzi<\/title>\n<meta name=\"description\" content=\"TP Line \u00e8 una compagnia di traghetti con la sede a Zadar. Scopri di pi\u00f9 sulla compagnia, vedi le tratte traghetti, l&#039;orario e i prezzi dei biglietti.\" \/>\n<meta name=\"robots\" content=\"index, follow, max-snippet:-1, max-image-preview:large, max-video-preview:-1\" \/>\n<link rel=\"canonical\" href=\"https:\/\/www.ferrycroatia.com\/it\/tp-line\/\" \/>\n<meta property=\"og:locale\" content=\"en_US\" \/>\n<meta property=\"og:type\" content=\"article\" \/>\n<meta property=\"og:title\" content=\"TP Line Zadar, compagnia di traghetti, orari e prezzi\" \/>\n<meta property=\"og:description\" content=\"TP Line \u00e8 una compagnia di traghetti con la sede a Zadar. Scopri di pi\u00f9 sulla compagnia, vedi le tratte traghetti, l&#039;orario e i prezzi dei biglietti.\" \/>\n<meta property=\"og:url\" content=\"https:\/\/www.ferrycroatia.com\/it\/tp-line\/\" \/>\n<meta property=\"og:site_name\" content=\"Traghetto Croazia\" \/>\n<meta property=\"article:modified_time\" content=\"2022-07-21T08:34:41+00:00\" \/>\n<meta name=\"twitter:card\" content=\"summary_large_image\" \/>\n<meta name=\"twitter:label1\" content=\"Est. reading time\" \/>\n\t<meta name=\"twitter:data1\" content=\"2 minutes\" \/>\n<script type=\"application\/ld+json\" class=\"yoast-schema-graph\">{\"@context\":\"https:\/\/schema.org\",\"@graph\":[{\"@type\":[\"WebPage\",\"FAQPage\"],\"@id\":\"https:\/\/www.ferrycroatia.com\/it\/tp-line\/\",\"url\":\"https:\/\/www.ferrycroatia.com\/it\/tp-line\/\",\"name\":\"TP Line Zadar, compagnia di traghetti, orari e prezzi\",\"isPartOf\":{\"@id\":\"https:\/\/www.ferrycroatia.com\/it\/#website\"},\"datePublished\":\"2021-01-28T09:36:58+00:00\",\"dateModified\":\"2022-07-21T08:34:41+00:00\",\"description\":\"TP Line \u00e8 una compagnia di traghetti con la sede a Zadar. Scopri di pi\u00f9 sulla compagnia, vedi le tratte traghetti, l'orario e i prezzi dei biglietti.\",\"breadcrumb\":{\"@id\":\"https:\/\/www.ferrycroatia.com\/it\/tp-line\/#breadcrumb\"},\"mainEntity\":[{\"@id\":\"https:\/\/www.ferrycroatia.com\/it\/tp-line\/#faq-question-1625816510582\"},{\"@id\":\"https:\/\/www.ferrycroatia.com\/it\/tp-line\/#faq-question-1625816519513\"},{\"@id\":\"https:\/\/www.ferrycroatia.com\/it\/tp-line\/#faq-question-1625816524254\"},{\"@id\":\"https:\/\/www.ferrycroatia.com\/it\/tp-line\/#faq-question-1625816538561\"},{\"@id\":\"https:\/\/www.ferrycroatia.com\/it\/tp-line\/#faq-question-1625816549258\"}],\"inLanguage\":\"en-US\",\"potentialAction\":[{\"@type\":\"ReadAction\",\"target\":[\"https:\/\/www.ferrycroatia.com\/it\/tp-line\/\"]}]},{\"@type\":\"BreadcrumbList\",\"@id\":\"https:\/\/www.ferrycroatia.com\/it\/tp-line\/#breadcrumb\",\"itemListElement\":[{\"@type\":\"ListItem\",\"position\":1,\"name\":\"Home\",\"item\":\"https:\/\/www.ferrycroatia.com\/it\/\"},{\"@type\":\"ListItem\",\"position\":2,\"name\":\"TP Line\"}]},{\"@type\":\"WebSite\",\"@id\":\"https:\/\/www.ferrycroatia.com\/it\/#website\",\"url\":\"https:\/\/www.ferrycroatia.com\/it\/\",\"name\":\"Traghetto Croazia\",\"description\":\"Info e orari per tutti i catamarani e traghetti in Croazia\",\"potentialAction\":[{\"@type\":\"SearchAction\",\"target\":{\"@type\":\"EntryPoint\",\"urlTemplate\":\"https:\/\/www.ferrycroatia.com\/it\/?s={search_term_string}\"},\"query-input\":\"required name=search_term_string\"}],\"inLanguage\":\"en-US\"},{\"@type\":\"Question\",\"@id\":\"https:\/\/www.ferrycroatia.com\/it\/tp-line\/#faq-question-1625816510582\",\"position\":1,\"url\":\"https:\/\/www.ferrycroatia.com\/it\/tp-line\/#faq-question-1625816510582\",\"name\":\"Dove posso acquistare i biglietti per il traghetto veloce di TP line?\",\"answerCount\":1,\"acceptedAnswer\":{\"@type\":\"Answer\",\"text\":\"I biglietti <strong>vengono venduti solo sulla barca il giorno della partenza<\/strong>, non \u00e8 possibile prenotare o acquistare i biglietti in anticipo.\",\"inLanguage\":\"en-US\"},\"inLanguage\":\"en-US\"},{\"@type\":\"Question\",\"@id\":\"https:\/\/www.ferrycroatia.com\/it\/tp-line\/#faq-question-1625816519513\",\"position\":2,\"url\":\"https:\/\/www.ferrycroatia.com\/it\/tp-line\/#faq-question-1625816519513\",\"name\":\"Quanti bagagli posso portare?\",\"answerCount\":1,\"acceptedAnswer\":{\"@type\":\"Answer\",\"text\":\"Fino a <strong>20 kg di bagaglio<\/strong> sono ammessi gratuitamente per ogni passeggero.\",\"inLanguage\":\"en-US\"},\"inLanguage\":\"en-US\"},{\"@type\":\"Question\",\"@id\":\"https:\/\/www.ferrycroatia.com\/it\/tp-line\/#faq-question-1625816524254\",\"position\":3,\"url\":\"https:\/\/www.ferrycroatia.com\/it\/tp-line\/#faq-question-1625816524254\",\"name\":\"Posso portare una bicicletta sul catamarano?\",\"answerCount\":1,\"acceptedAnswer\":{\"@type\":\"Answer\",\"text\":\"No, non \u00e8 possibile portare la bicicletta sui catamarani di TP line.\",\"inLanguage\":\"en-US\"},\"inLanguage\":\"en-US\"},{\"@type\":\"Question\",\"@id\":\"https:\/\/www.ferrycroatia.com\/it\/tp-line\/#faq-question-1625816538561\",\"position\":4,\"url\":\"https:\/\/www.ferrycroatia.com\/it\/tp-line\/#faq-question-1625816538561\",\"name\":\"Posso portare il mio animale domestico sul catamarano?\",\"answerCount\":1,\"acceptedAnswer\":{\"@type\":\"Answer\",\"text\":\"S\u00ec, pu\u00f2 farlo se segue i termini di TP line d.o.o.<br\/><br\/><em>\\\"Gli animali domestici sono ammessi solo se non rappresentano una minaccia o un disturbo per gli altri passeggeri o per la nave. Non sono ammessi nelle aree passeggeri che sono chiuse e devono essere trasportati in apposite borse trasportino o gabbie. I cani devono indossare la museruola (tranne i cani guida per i non vedenti), i gatti devono essere in trasportini, gli uccelli in gabbia. Sia per i cani che per i gatti, i proprietari devono mostrare documenti di vaccinazione e altri certificati di salute. Il proprietario si assume la totale responsabilit\u00e0 dell'alimentazione del suo animale domestico. Il proprietario si assume il rischio e la responsabilit\u00e0 per eventuali danni causati dai propri animali. La compagnia di navigazione non si assume alcuna responsabilit\u00e0 per eventuali lesioni agli animali durante il viaggio. \\\"<\/em>\",\"inLanguage\":\"en-US\"},\"inLanguage\":\"en-US\"},{\"@type\":\"Question\",\"@id\":\"https:\/\/www.ferrycroatia.com\/it\/tp-line\/#faq-question-1625816549258\",\"position\":5,\"url\":\"https:\/\/www.ferrycroatia.com\/it\/tp-line\/#faq-question-1625816549258\",\"name\":\"Quanto prima devo essere al porto?\",\"answerCount\":1,\"acceptedAnswer\":{\"@type\":\"Answer\",\"text\":\"Lei dovrebbe essere al porto <strong>circa 30 minuti prima della partenza<\/strong>, poich\u00e9 \u00e8 quando inizia l'imbarco sul catamarano.\",\"inLanguage\":\"en-US\"},\"inLanguage\":\"en-US\"}]}<\/script>\n<!-- \/ Yoast SEO plugin. -->","yoast_head_json":{"title":"TP Line Zadar, compagnia di traghetti, orari e prezzi","description":"TP Line \u00e8 una compagnia di traghetti con la sede a Zadar. Scopri di pi\u00f9 sulla compagnia, vedi le tratte traghetti, l'orario e i prezzi dei biglietti.","robots":{"index":"index","follow":"follow","max-snippet":"max-snippet:-1","max-image-preview":"max-image-preview:large","max-video-preview":"max-video-preview:-1"},"canonical":"https:\/\/www.ferrycroatia.com\/it\/tp-line\/","og_locale":"en_US","og_type":"article","og_title":"TP Line Zadar, compagnia di traghetti, orari e prezzi","og_description":"TP Line \u00e8 una compagnia di traghetti con la sede a Zadar. Scopri di pi\u00f9 sulla compagnia, vedi le tratte traghetti, l'orario e i prezzi dei biglietti.","og_url":"https:\/\/www.ferrycroatia.com\/it\/tp-line\/","og_site_name":"Traghetto Croazia","article_modified_time":"2022-07-21T08:34:41+00:00","twitter_card":"summary_large_image","twitter_misc":{"Est. reading time":"2 minutes"},"schema":{"@context":"https:\/\/schema.org","@graph":[{"@type":["WebPage","FAQPage"],"@id":"https:\/\/www.ferrycroatia.com\/it\/tp-line\/","url":"https:\/\/www.ferrycroatia.com\/it\/tp-line\/","name":"TP Line Zadar, compagnia di traghetti, orari e prezzi","isPartOf":{"@id":"https:\/\/www.ferrycroatia.com\/it\/#website"},"datePublished":"2021-01-28T09:36:58+00:00","dateModified":"2022-07-21T08:34:41+00:00","description":"TP Line \u00e8 una compagnia di traghetti con la sede a Zadar. Scopri di pi\u00f9 sulla compagnia, vedi le tratte traghetti, l'orario e i prezzi dei biglietti.","breadcrumb":{"@id":"https:\/\/www.ferrycroatia.com\/it\/tp-line\/#breadcrumb"},"mainEntity":[{"@id":"https:\/\/www.ferrycroatia.com\/it\/tp-line\/#faq-question-1625816510582"},{"@id":"https:\/\/www.ferrycroatia.com\/it\/tp-line\/#faq-question-1625816519513"},{"@id":"https:\/\/www.ferrycroatia.com\/it\/tp-line\/#faq-question-1625816524254"},{"@id":"https:\/\/www.ferrycroatia.com\/it\/tp-line\/#faq-question-1625816538561"},{"@id":"https:\/\/www.ferrycroatia.com\/it\/tp-line\/#faq-question-1625816549258"}],"inLanguage":"en-US","potentialAction":[{"@type":"ReadAction","target":["https:\/\/www.ferrycroatia.com\/it\/tp-line\/"]}]},{"@type":"BreadcrumbList","@id":"https:\/\/www.ferrycroatia.com\/it\/tp-line\/#breadcrumb","itemListElement":[{"@type":"ListItem","position":1,"name":"Home","item":"https:\/\/www.ferrycroatia.com\/it\/"},{"@type":"ListItem","position":2,"name":"TP Line"}]},{"@type":"WebSite","@id":"https:\/\/www.ferrycroatia.com\/it\/#website","url":"https:\/\/www.ferrycroatia.com\/it\/","name":"Traghetto Croazia","description":"Info e orari per tutti i catamarani e traghetti in Croazia","potentialAction":[{"@type":"SearchAction","target":{"@type":"EntryPoint","urlTemplate":"https:\/\/www.ferrycroatia.com\/it\/?s={search_term_string}"},"query-input":"required name=search_term_string"}],"inLanguage":"en-US"},{"@type":"Question","@id":"https:\/\/www.ferrycroatia.com\/it\/tp-line\/#faq-question-1625816510582","position":1,"url":"https:\/\/www.ferrycroatia.com\/it\/tp-line\/#faq-question-1625816510582","name":"Dove posso acquistare i biglietti per il traghetto veloce di TP line?","answerCount":1,"acceptedAnswer":{"@type":"Answer","text":"I biglietti <strong>vengono venduti solo sulla barca il giorno della partenza<\/strong>, non \u00e8 possibile prenotare o acquistare i biglietti in anticipo.","inLanguage":"en-US"},"inLanguage":"en-US"},{"@type":"Question","@id":"https:\/\/www.ferrycroatia.com\/it\/tp-line\/#faq-question-1625816519513","position":2,"url":"https:\/\/www.ferrycroatia.com\/it\/tp-line\/#faq-question-1625816519513","name":"Quanti bagagli posso portare?","answerCount":1,"acceptedAnswer":{"@type":"Answer","text":"Fino a <strong>20 kg di bagaglio<\/strong> sono ammessi gratuitamente per ogni passeggero.","inLanguage":"en-US"},"inLanguage":"en-US"},{"@type":"Question","@id":"https:\/\/www.ferrycroatia.com\/it\/tp-line\/#faq-question-1625816524254","position":3,"url":"https:\/\/www.ferrycroatia.com\/it\/tp-line\/#faq-question-1625816524254","name":"Posso portare una bicicletta sul catamarano?","answerCount":1,"acceptedAnswer":{"@type":"Answer","text":"No, non \u00e8 possibile portare la bicicletta sui catamarani di TP line.","inLanguage":"en-US"},"inLanguage":"en-US"},{"@type":"Question","@id":"https:\/\/www.ferrycroatia.com\/it\/tp-line\/#faq-question-1625816538561","position":4,"url":"https:\/\/www.ferrycroatia.com\/it\/tp-line\/#faq-question-1625816538561","name":"Posso portare il mio animale domestico sul catamarano?","answerCount":1,"acceptedAnswer":{"@type":"Answer","text":"S\u00ec, pu\u00f2 farlo se segue i termini di TP line d.o.o.<br\/><br\/><em>\"Gli animali domestici sono ammessi solo se non rappresentano una minaccia o un disturbo per gli altri passeggeri o per la nave. Non sono ammessi nelle aree passeggeri che sono chiuse e devono essere trasportati in apposite borse trasportino o gabbie. I cani devono indossare la museruola (tranne i cani guida per i non vedenti), i gatti devono essere in trasportini, gli uccelli in gabbia. Sia per i cani che per i gatti, i proprietari devono mostrare documenti di vaccinazione e altri certificati di salute. Il proprietario si assume la totale responsabilit\u00e0 dell'alimentazione del suo animale domestico. Il proprietario si assume il rischio e la responsabilit\u00e0 per eventuali danni causati dai propri animali. La compagnia di navigazione non si assume alcuna responsabilit\u00e0 per eventuali lesioni agli animali durante il viaggio. \"<\/em>","inLanguage":"en-US"},"inLanguage":"en-US"},{"@type":"Question","@id":"https:\/\/www.ferrycroatia.com\/it\/tp-line\/#faq-question-1625816549258","position":5,"url":"https:\/\/www.ferrycroatia.com\/it\/tp-line\/#faq-question-1625816549258","name":"Quanto prima devo essere al porto?","answerCount":1,"acceptedAnswer":{"@type":"Answer","text":"Lei dovrebbe essere al porto <strong>circa 30 minuti prima della partenza<\/strong>, poich\u00e9 \u00e8 quando inizia l'imbarco sul catamarano.","inLanguage":"en-US"},"inLanguage":"en-US"}]}},"_links":{"self":[{"href":"https:\/\/www.ferrycroatia.com\/it\/wp-json\/wp\/v2\/pages\/662"}],"collection":[{"href":"https:\/\/www.ferrycroatia.com\/it\/wp-json\/wp\/v2\/pages"}],"about":[{"href":"https:\/\/www.ferrycroatia.com\/it\/wp-json\/wp\/v2\/types\/page"}],"author":[{"embeddable":true,"href":"https:\/\/www.ferrycroatia.com\/it\/wp-json\/wp\/v2\/users\/5"}],"replies":[{"embeddable":true,"href":"https:\/\/www.ferrycroatia.com\/it\/wp-json\/wp\/v2\/comments?post=662"}],"version-history":[{"count":8,"href":"https:\/\/www.ferrycroatia.com\/it\/wp-json\/wp\/v2\/pages\/662\/revisions"}],"predecessor-version":[{"id":3318,"href":"https:\/\/www.ferrycroatia.com\/it\/wp-json\/wp\/v2\/pages\/662\/revisions\/3318"}],"wp:attachment":[{"href":"https:\/\/www.ferrycroatia.com\/it\/wp-json\/wp\/v2\/media?parent=662"}],"curies":[{"name":"wp","href":"https:\/\/api.w.org\/{rel}","templated":true}]}}