{"id":664,"date":"2021-01-28T09:50:13","date_gmt":"2021-01-28T09:50:13","guid":{"rendered":"https:\/\/ferrycroatia.com\/it\/?page_id=664"},"modified":"2021-07-27T10:50:45","modified_gmt":"2021-07-27T08:50:45","slug":"gv-line-zadar","status":"publish","type":"page","link":"https:\/\/www.ferrycroatia.com\/it\/gv-line-zadar\/","title":{"rendered":"G&#038;V Line Zadar"},"content":{"rendered":"\n<p><strong>G&amp;V Line Iadera d.o.o<\/strong> \u00e8 una compagnia di traghetti con sede a Zara. La compagnia gestisce principalmente rotte di traghetti e navi ad alta velocit\u00e0 verso molte delle <strong>piccole isole dell&#8217;arcipelago di Zara<\/strong>, come <a href=\"https:\/\/www.ferrycroatia.com\/it\/isola-di-eso\/\">l&#8217;isola di Eso<\/a>, nonch\u00e9 verso <a href=\"https:\/\/www.ferrycroatia.com\/it\/porto-di-fiume\/\">Fiume<\/a>, <a href=\"https:\/\/www.ferrycroatia.com\/it\/isola-di-arbe\/\">Arbe<\/a> e <a href=\"https:\/\/www.ferrycroatia.com\/it\/porto-di-zara\/\">Zara<\/a>. Le attuali rotte di navigazione in programma sono le seguenti:<\/p>\n\n\n\n<ul><li>Linea di nave n. 405: Rava &#8211; Eso &#8211; Zara<\/li><li>Linea di nave n. 406: Zara &#8211; Sali &#8211; Zaglav<\/li><li>Linea di catamarano&nbsp; n. 9406: Zara &#8211; Sali &#8211; Zaglav<\/li><li>Linea di catamarano: Fiume &#8211; Veglia &#8211; Lopar (Arbe) &#8211; Selve &#8211; Zara<\/li><\/ul>\n\n\n\n<p>La <strong>flotta di G&amp;V Line Iadera<\/strong> \u00e8 attualmente composta da 3 navi, il catamarano veloce Antonija, la motonave Anamarija e il traghetto veloce Melita, le navi possono trasportare da 180 a 250 passeggeri con bagagli.<\/p>\n\n\n\n<h2>G&amp;V Line Iadera &#8211; DOMANDE FREQUENTI<\/h2>\n\n\n\n<div class=\"schema-faq wp-block-yoast-faq-block\"><div class=\"schema-faq-section\" id=\"faq-question-1625816598786\"><strong class=\"schema-faq-question\"><strong>Dove posso acquistare i biglietti per le linee di G&amp;V Line Iadera?<\/strong><\/strong> <p class=\"schema-faq-answer\">Pu\u00f2 acquistare i biglietti online. A Zara si trova anche una biglietteria vicino a dove parte il catamarano. Su altre destinazioni i biglietti possono essere acquistati tramite agenti di vendita o dall&#8217;equipaggio prima dell&#8217;imbarco, ma tiene presente che in questo caso accettano solo pagamenti in contanti (solo in Kuna croata, HRK).<\/p> <\/div> <div class=\"schema-faq-section\" id=\"faq-question-1625816606015\"><strong class=\"schema-faq-question\"><strong>Ci sono posti a sedere all&#8217;aperto sulle navi?<\/strong><\/strong> <p class=\"schema-faq-answer\">Solo sulla motonave Anamarija, le altre navi viaggiano troppo velocemente.<\/p> <\/div> <div class=\"schema-faq-section\" id=\"faq-question-1625816612567\"><strong class=\"schema-faq-question\"><strong>Quanto tempo prima della partenza devo essere al porto?<\/strong><\/strong> <p class=\"schema-faq-answer\">La raccomandazione \u00e8 almeno 30 minuti prima della partenza.<\/p> <\/div> <div class=\"schema-faq-section\" id=\"faq-question-1625816622660\"><strong class=\"schema-faq-question\"><strong>Posso prenotare posti uno accanto all&#8217;altro sulle navi G&amp;V Line Iadera?<\/strong><\/strong> <p class=\"schema-faq-answer\">No, sulle navi ci sono posti a sedere libero, quindi se viaggia in famiglia o in gruppo, dovrebbe arrivare presto per aspettare in fila per l&#8217;imbarco per assicurarsi i posti.<\/p> <\/div> <div class=\"schema-faq-section\" id=\"faq-question-1625816627238\"><strong class=\"schema-faq-question\"><strong>Quanti bagagli posso portare a bordo?<\/strong><\/strong> <p class=\"schema-faq-answer\">Il bagaglio \u00e8 limitato a 1 bagaglio a mano e 1 borsa \/ valigia pi\u00f9 grande fino a 20 kg.<\/p> <\/div> <div class=\"schema-faq-section\" id=\"faq-question-1625816638707\"><strong class=\"schema-faq-question\"><strong>Posso portare il mio animale domestico sul catamarano?<\/strong><\/strong> <p class=\"schema-faq-answer\">Ecco un estratto dai termini di G&amp;V Line Iadera relativi agli animali domestici:<br\/><br\/><em>Gli animali fino a 7 chili possono rimanere nella sala passeggeri, solo con il loro proprietario in ogni momento, e non sui sedili ma accanto al sedile del proprietario. La capacit\u00e0 per il trasporto di animali domestici (cani) di peso superiore a 7 chili \u00e8 limitata a un massimo di 2 per viaggio. Il trasporto degli animali deve essere pagato sulla nave all&#8217;imbarco (pagamento: solo contanti \/ valuta: Kuna croata).<\/em><\/p> <\/div> <div class=\"schema-faq-section\" id=\"faq-question-1625816649262\"><strong class=\"schema-faq-question\"><strong>Posso portare la mia bicicletta sul catamarano?<\/strong><\/strong> <p class=\"schema-faq-answer\">S\u00ec, pu\u00f2, ma tiene presente che lo spazio per le biciclette \u00e8 limitato (massimo 20 biciclette per l&#8217;intero catamarano). Dovr\u00e0 pagare un extra per il trasporto delle biciclette, il pagamento viene effettuato al momento dell&#8217;imbarco, in Kuna croata.<\/p> <\/div> <div class=\"schema-faq-section\" id=\"faq-question-1625816662870\"><strong class=\"schema-faq-question\">Posso comprare bevande e snack a bordo?<\/strong> <p class=\"schema-faq-answer\">S\u00ec, ma solo sulle navi Antonija e Anamarija.<\/p> <\/div> <div class=\"schema-faq-section\" id=\"faq-question-1625816671813\"><strong class=\"schema-faq-question\">Ho acquistato un biglietto online sul sito G&amp;V Line Iadera, ma il biglietto ha la data di viaggio sbagliata, cosa devo fare?<\/strong> <p class=\"schema-faq-answer\">Pu\u00f2 controllare le condizioni per modificare un biglietto <a href=\"https:\/\/www.gv-zadar.com\/terms-and-conditions-of-purchase\/\">qui<\/a>.<\/p> <\/div> <\/div>\n\n\n\n<h2>Percorsi popolari di G&amp;V Line Iadera<\/h2>\n\n\n\n<figure class=\"wp-block-table\"><table><tbody><tr><td><a href=\"https:\/\/www.ferrycroatia.com\/it\/zara-fiume\/\">Zara &#8211; Fiume<\/a><\/td><td><a href=\"https:\/\/www.ferrycroatia.com\/it\/zara-loparo\/\">Zara &#8211; Lopar (Arbe)<\/a><\/td><td><a href=\"https:\/\/www.ferrycroatia.com\/it\/zara-veglia\/\">Zara &#8211; Veglia<\/a><\/td><\/tr><tr><td><a href=\"https:\/\/www.ferrycroatia.com\/it\/zara-rava\/\">Zara &#8211; Rava<\/a><\/td><td><a href=\"https:\/\/www.ferrycroatia.com\/it\/zara-sali\/\">Zara &#8211; Sali (Isola Lunga)<\/a><\/td><td>Zara &#8211; Zaglav (Isola Lunga)<\/td><\/tr><tr><td><a href=\"https:\/\/www.ferrycroatia.com\/it\/zara-selve\/\">Zara &#8211; Selve<\/a><\/td><td><a href=\"https:\/\/www.ferrycroatia.com\/it\/zara-veli-iz\/\">Zara &#8211; Eso Grande<\/a><\/td><td><a href=\"https:\/\/www.ferrycroatia.com\/it\/fiume-loparo\/\">Fiume &#8211; Loparo (Arbe)<\/a><\/td><\/tr><\/tbody><\/table><\/figure>\n","protected":false},"excerpt":{"rendered":"<p>G&amp;V Line Iadera d.o.o \u00e8 una compagnia di traghetti con sede a Zara. La compagnia gestisce principalmente rotte di traghetti e navi ad alta velocit\u00e0 verso molte delle piccole isole dell&#8217;arcipelago di Zara, come l&#8217;isola di Eso, nonch\u00e9 verso Fiume, Arbe e Zara. Le attuali rotte di navigazione in programma sono le seguenti: Linea di [&hellip;]<\/p>\n<p><a class=\"more-link\" href=\"https:\/\/www.ferrycroatia.com\/it\/gv-line-zadar\/\"> Continue reading&#8230;<\/a><\/p>\n","protected":false},"author":5,"featured_media":0,"parent":0,"menu_order":0,"comment_status":"closed","ping_status":"closed","template":"","meta":[],"yoast_head":"<!-- This site is optimized with the Yoast SEO plugin v19.8 - https:\/\/yoast.com\/wordpress\/plugins\/seo\/ -->\n<title>G&amp;V Line Iadera Zadar, compagnia di traghetti, orari e prezzi<\/title>\n<meta name=\"description\" content=\"G&amp;V Line Iadera \u00e8 una compagnia di traghetti con la sede a Zadar. Scopri di pi\u00f9 sulla compagnia, vedi le tratte traghetti, l&#039;orario e i prezzi dei biglietti.\" \/>\n<meta name=\"robots\" content=\"index, follow, max-snippet:-1, max-image-preview:large, max-video-preview:-1\" \/>\n<link rel=\"canonical\" href=\"https:\/\/www.ferrycroatia.com\/it\/gv-line-zadar\/\" \/>\n<meta property=\"og:locale\" content=\"en_US\" \/>\n<meta property=\"og:type\" content=\"article\" \/>\n<meta property=\"og:title\" content=\"G&amp;V Line Iadera Zadar, compagnia di traghetti, orari e prezzi\" \/>\n<meta property=\"og:description\" content=\"G&amp;V Line Iadera \u00e8 una compagnia di traghetti con la sede a Zadar. Scopri di pi\u00f9 sulla compagnia, vedi le tratte traghetti, l&#039;orario e i prezzi dei biglietti.\" \/>\n<meta property=\"og:url\" content=\"https:\/\/www.ferrycroatia.com\/it\/gv-line-zadar\/\" \/>\n<meta property=\"og:site_name\" content=\"Traghetto Croazia\" \/>\n<meta property=\"article:modified_time\" content=\"2021-07-27T08:50:45+00:00\" \/>\n<meta name=\"twitter:card\" content=\"summary_large_image\" \/>\n<meta name=\"twitter:label1\" content=\"Est. reading time\" \/>\n\t<meta name=\"twitter:data1\" content=\"3 minutes\" \/>\n<script type=\"application\/ld+json\" class=\"yoast-schema-graph\">{\"@context\":\"https:\/\/schema.org\",\"@graph\":[{\"@type\":[\"WebPage\",\"FAQPage\"],\"@id\":\"https:\/\/www.ferrycroatia.com\/it\/gv-line-zadar\/\",\"url\":\"https:\/\/www.ferrycroatia.com\/it\/gv-line-zadar\/\",\"name\":\"G&V Line Iadera Zadar, compagnia di traghetti, orari e prezzi\",\"isPartOf\":{\"@id\":\"https:\/\/www.ferrycroatia.com\/it\/#website\"},\"datePublished\":\"2021-01-28T09:50:13+00:00\",\"dateModified\":\"2021-07-27T08:50:45+00:00\",\"description\":\"G&V Line Iadera \u00e8 una compagnia di traghetti con la sede a Zadar. Scopri di pi\u00f9 sulla compagnia, vedi le tratte traghetti, l'orario e i prezzi dei biglietti.\",\"breadcrumb\":{\"@id\":\"https:\/\/www.ferrycroatia.com\/it\/gv-line-zadar\/#breadcrumb\"},\"mainEntity\":[{\"@id\":\"https:\/\/www.ferrycroatia.com\/it\/gv-line-zadar\/#faq-question-1625816598786\"},{\"@id\":\"https:\/\/www.ferrycroatia.com\/it\/gv-line-zadar\/#faq-question-1625816606015\"},{\"@id\":\"https:\/\/www.ferrycroatia.com\/it\/gv-line-zadar\/#faq-question-1625816612567\"},{\"@id\":\"https:\/\/www.ferrycroatia.com\/it\/gv-line-zadar\/#faq-question-1625816622660\"},{\"@id\":\"https:\/\/www.ferrycroatia.com\/it\/gv-line-zadar\/#faq-question-1625816627238\"},{\"@id\":\"https:\/\/www.ferrycroatia.com\/it\/gv-line-zadar\/#faq-question-1625816638707\"},{\"@id\":\"https:\/\/www.ferrycroatia.com\/it\/gv-line-zadar\/#faq-question-1625816649262\"},{\"@id\":\"https:\/\/www.ferrycroatia.com\/it\/gv-line-zadar\/#faq-question-1625816662870\"},{\"@id\":\"https:\/\/www.ferrycroatia.com\/it\/gv-line-zadar\/#faq-question-1625816671813\"}],\"inLanguage\":\"en-US\",\"potentialAction\":[{\"@type\":\"ReadAction\",\"target\":[\"https:\/\/www.ferrycroatia.com\/it\/gv-line-zadar\/\"]}]},{\"@type\":\"BreadcrumbList\",\"@id\":\"https:\/\/www.ferrycroatia.com\/it\/gv-line-zadar\/#breadcrumb\",\"itemListElement\":[{\"@type\":\"ListItem\",\"position\":1,\"name\":\"Home\",\"item\":\"https:\/\/www.ferrycroatia.com\/it\/\"},{\"@type\":\"ListItem\",\"position\":2,\"name\":\"G&#038;V Line Zadar\"}]},{\"@type\":\"WebSite\",\"@id\":\"https:\/\/www.ferrycroatia.com\/it\/#website\",\"url\":\"https:\/\/www.ferrycroatia.com\/it\/\",\"name\":\"Traghetto Croazia\",\"description\":\"Info e orari per tutti i catamarani e traghetti in Croazia\",\"potentialAction\":[{\"@type\":\"SearchAction\",\"target\":{\"@type\":\"EntryPoint\",\"urlTemplate\":\"https:\/\/www.ferrycroatia.com\/it\/?s={search_term_string}\"},\"query-input\":\"required name=search_term_string\"}],\"inLanguage\":\"en-US\"},{\"@type\":\"Question\",\"@id\":\"https:\/\/www.ferrycroatia.com\/it\/gv-line-zadar\/#faq-question-1625816598786\",\"position\":1,\"url\":\"https:\/\/www.ferrycroatia.com\/it\/gv-line-zadar\/#faq-question-1625816598786\",\"name\":\"Dove posso acquistare i biglietti per le linee di G&amp;V Line Iadera?\",\"answerCount\":1,\"acceptedAnswer\":{\"@type\":\"Answer\",\"text\":\"Pu\u00f2 acquistare i biglietti online. A Zara si trova anche una biglietteria vicino a dove parte il catamarano. Su altre destinazioni i biglietti possono essere acquistati tramite agenti di vendita o dall'equipaggio prima dell'imbarco, ma tiene presente che in questo caso accettano solo pagamenti in contanti (solo in Kuna croata, HRK).\",\"inLanguage\":\"en-US\"},\"inLanguage\":\"en-US\"},{\"@type\":\"Question\",\"@id\":\"https:\/\/www.ferrycroatia.com\/it\/gv-line-zadar\/#faq-question-1625816606015\",\"position\":2,\"url\":\"https:\/\/www.ferrycroatia.com\/it\/gv-line-zadar\/#faq-question-1625816606015\",\"name\":\"Ci sono posti a sedere all'aperto sulle navi?\",\"answerCount\":1,\"acceptedAnswer\":{\"@type\":\"Answer\",\"text\":\"Solo sulla motonave Anamarija, le altre navi viaggiano troppo velocemente.\",\"inLanguage\":\"en-US\"},\"inLanguage\":\"en-US\"},{\"@type\":\"Question\",\"@id\":\"https:\/\/www.ferrycroatia.com\/it\/gv-line-zadar\/#faq-question-1625816612567\",\"position\":3,\"url\":\"https:\/\/www.ferrycroatia.com\/it\/gv-line-zadar\/#faq-question-1625816612567\",\"name\":\"Quanto tempo prima della partenza devo essere al porto?\",\"answerCount\":1,\"acceptedAnswer\":{\"@type\":\"Answer\",\"text\":\"La raccomandazione \u00e8 almeno 30 minuti prima della partenza.\",\"inLanguage\":\"en-US\"},\"inLanguage\":\"en-US\"},{\"@type\":\"Question\",\"@id\":\"https:\/\/www.ferrycroatia.com\/it\/gv-line-zadar\/#faq-question-1625816622660\",\"position\":4,\"url\":\"https:\/\/www.ferrycroatia.com\/it\/gv-line-zadar\/#faq-question-1625816622660\",\"name\":\"Posso prenotare posti uno accanto all'altro sulle navi G&amp;V Line Iadera?\",\"answerCount\":1,\"acceptedAnswer\":{\"@type\":\"Answer\",\"text\":\"No, sulle navi ci sono posti a sedere libero, quindi se viaggia in famiglia o in gruppo, dovrebbe arrivare presto per aspettare in fila per l'imbarco per assicurarsi i posti.\",\"inLanguage\":\"en-US\"},\"inLanguage\":\"en-US\"},{\"@type\":\"Question\",\"@id\":\"https:\/\/www.ferrycroatia.com\/it\/gv-line-zadar\/#faq-question-1625816627238\",\"position\":5,\"url\":\"https:\/\/www.ferrycroatia.com\/it\/gv-line-zadar\/#faq-question-1625816627238\",\"name\":\"Quanti bagagli posso portare a bordo?\",\"answerCount\":1,\"acceptedAnswer\":{\"@type\":\"Answer\",\"text\":\"Il bagaglio \u00e8 limitato a 1 bagaglio a mano e 1 borsa \/ valigia pi\u00f9 grande fino a 20 kg.\",\"inLanguage\":\"en-US\"},\"inLanguage\":\"en-US\"},{\"@type\":\"Question\",\"@id\":\"https:\/\/www.ferrycroatia.com\/it\/gv-line-zadar\/#faq-question-1625816638707\",\"position\":6,\"url\":\"https:\/\/www.ferrycroatia.com\/it\/gv-line-zadar\/#faq-question-1625816638707\",\"name\":\"Posso portare il mio animale domestico sul catamarano?\",\"answerCount\":1,\"acceptedAnswer\":{\"@type\":\"Answer\",\"text\":\"Ecco un estratto dai termini di G&amp;V Line Iadera relativi agli animali domestici:<br\/><br\/><em>Gli animali fino a 7 chili possono rimanere nella sala passeggeri, solo con il loro proprietario in ogni momento, e non sui sedili ma accanto al sedile del proprietario. La capacit\u00e0 per il trasporto di animali domestici (cani) di peso superiore a 7 chili \u00e8 limitata a un massimo di 2 per viaggio. Il trasporto degli animali deve essere pagato sulla nave all'imbarco (pagamento: solo contanti \/ valuta: Kuna croata).<\/em>\",\"inLanguage\":\"en-US\"},\"inLanguage\":\"en-US\"},{\"@type\":\"Question\",\"@id\":\"https:\/\/www.ferrycroatia.com\/it\/gv-line-zadar\/#faq-question-1625816649262\",\"position\":7,\"url\":\"https:\/\/www.ferrycroatia.com\/it\/gv-line-zadar\/#faq-question-1625816649262\",\"name\":\"Posso portare la mia bicicletta sul catamarano?\",\"answerCount\":1,\"acceptedAnswer\":{\"@type\":\"Answer\",\"text\":\"S\u00ec, pu\u00f2, ma tiene presente che lo spazio per le biciclette \u00e8 limitato (massimo 20 biciclette per l'intero catamarano). Dovr\u00e0 pagare un extra per il trasporto delle biciclette, il pagamento viene effettuato al momento dell'imbarco, in Kuna croata.\",\"inLanguage\":\"en-US\"},\"inLanguage\":\"en-US\"},{\"@type\":\"Question\",\"@id\":\"https:\/\/www.ferrycroatia.com\/it\/gv-line-zadar\/#faq-question-1625816662870\",\"position\":8,\"url\":\"https:\/\/www.ferrycroatia.com\/it\/gv-line-zadar\/#faq-question-1625816662870\",\"name\":\"Posso comprare bevande e snack a bordo?\",\"answerCount\":1,\"acceptedAnswer\":{\"@type\":\"Answer\",\"text\":\"S\u00ec, ma solo sulle navi Antonija e Anamarija.\",\"inLanguage\":\"en-US\"},\"inLanguage\":\"en-US\"},{\"@type\":\"Question\",\"@id\":\"https:\/\/www.ferrycroatia.com\/it\/gv-line-zadar\/#faq-question-1625816671813\",\"position\":9,\"url\":\"https:\/\/www.ferrycroatia.com\/it\/gv-line-zadar\/#faq-question-1625816671813\",\"name\":\"Ho acquistato un biglietto online sul sito G&amp;V Line Iadera, ma il biglietto ha la data di viaggio sbagliata, cosa devo fare?\",\"answerCount\":1,\"acceptedAnswer\":{\"@type\":\"Answer\",\"text\":\"Pu\u00f2 controllare le condizioni per modificare un biglietto <a href=\\\"https:\/\/www.gv-zadar.com\/terms-and-conditions-of-purchase\/\\\">qui<\/a>.\",\"inLanguage\":\"en-US\"},\"inLanguage\":\"en-US\"}]}<\/script>\n<!-- \/ Yoast SEO plugin. -->","yoast_head_json":{"title":"G&V Line Iadera Zadar, compagnia di traghetti, orari e prezzi","description":"G&V Line Iadera \u00e8 una compagnia di traghetti con la sede a Zadar. Scopri di pi\u00f9 sulla compagnia, vedi le tratte traghetti, l'orario e i prezzi dei biglietti.","robots":{"index":"index","follow":"follow","max-snippet":"max-snippet:-1","max-image-preview":"max-image-preview:large","max-video-preview":"max-video-preview:-1"},"canonical":"https:\/\/www.ferrycroatia.com\/it\/gv-line-zadar\/","og_locale":"en_US","og_type":"article","og_title":"G&V Line Iadera Zadar, compagnia di traghetti, orari e prezzi","og_description":"G&V Line Iadera \u00e8 una compagnia di traghetti con la sede a Zadar. Scopri di pi\u00f9 sulla compagnia, vedi le tratte traghetti, l'orario e i prezzi dei biglietti.","og_url":"https:\/\/www.ferrycroatia.com\/it\/gv-line-zadar\/","og_site_name":"Traghetto Croazia","article_modified_time":"2021-07-27T08:50:45+00:00","twitter_card":"summary_large_image","twitter_misc":{"Est. reading time":"3 minutes"},"schema":{"@context":"https:\/\/schema.org","@graph":[{"@type":["WebPage","FAQPage"],"@id":"https:\/\/www.ferrycroatia.com\/it\/gv-line-zadar\/","url":"https:\/\/www.ferrycroatia.com\/it\/gv-line-zadar\/","name":"G&V Line Iadera Zadar, compagnia di traghetti, orari e prezzi","isPartOf":{"@id":"https:\/\/www.ferrycroatia.com\/it\/#website"},"datePublished":"2021-01-28T09:50:13+00:00","dateModified":"2021-07-27T08:50:45+00:00","description":"G&V Line Iadera \u00e8 una compagnia di traghetti con la sede a Zadar. Scopri di pi\u00f9 sulla compagnia, vedi le tratte traghetti, l'orario e i prezzi dei biglietti.","breadcrumb":{"@id":"https:\/\/www.ferrycroatia.com\/it\/gv-line-zadar\/#breadcrumb"},"mainEntity":[{"@id":"https:\/\/www.ferrycroatia.com\/it\/gv-line-zadar\/#faq-question-1625816598786"},{"@id":"https:\/\/www.ferrycroatia.com\/it\/gv-line-zadar\/#faq-question-1625816606015"},{"@id":"https:\/\/www.ferrycroatia.com\/it\/gv-line-zadar\/#faq-question-1625816612567"},{"@id":"https:\/\/www.ferrycroatia.com\/it\/gv-line-zadar\/#faq-question-1625816622660"},{"@id":"https:\/\/www.ferrycroatia.com\/it\/gv-line-zadar\/#faq-question-1625816627238"},{"@id":"https:\/\/www.ferrycroatia.com\/it\/gv-line-zadar\/#faq-question-1625816638707"},{"@id":"https:\/\/www.ferrycroatia.com\/it\/gv-line-zadar\/#faq-question-1625816649262"},{"@id":"https:\/\/www.ferrycroatia.com\/it\/gv-line-zadar\/#faq-question-1625816662870"},{"@id":"https:\/\/www.ferrycroatia.com\/it\/gv-line-zadar\/#faq-question-1625816671813"}],"inLanguage":"en-US","potentialAction":[{"@type":"ReadAction","target":["https:\/\/www.ferrycroatia.com\/it\/gv-line-zadar\/"]}]},{"@type":"BreadcrumbList","@id":"https:\/\/www.ferrycroatia.com\/it\/gv-line-zadar\/#breadcrumb","itemListElement":[{"@type":"ListItem","position":1,"name":"Home","item":"https:\/\/www.ferrycroatia.com\/it\/"},{"@type":"ListItem","position":2,"name":"G&#038;V Line Zadar"}]},{"@type":"WebSite","@id":"https:\/\/www.ferrycroatia.com\/it\/#website","url":"https:\/\/www.ferrycroatia.com\/it\/","name":"Traghetto Croazia","description":"Info e orari per tutti i catamarani e traghetti in Croazia","potentialAction":[{"@type":"SearchAction","target":{"@type":"EntryPoint","urlTemplate":"https:\/\/www.ferrycroatia.com\/it\/?s={search_term_string}"},"query-input":"required name=search_term_string"}],"inLanguage":"en-US"},{"@type":"Question","@id":"https:\/\/www.ferrycroatia.com\/it\/gv-line-zadar\/#faq-question-1625816598786","position":1,"url":"https:\/\/www.ferrycroatia.com\/it\/gv-line-zadar\/#faq-question-1625816598786","name":"Dove posso acquistare i biglietti per le linee di G&amp;V Line Iadera?","answerCount":1,"acceptedAnswer":{"@type":"Answer","text":"Pu\u00f2 acquistare i biglietti online. A Zara si trova anche una biglietteria vicino a dove parte il catamarano. Su altre destinazioni i biglietti possono essere acquistati tramite agenti di vendita o dall'equipaggio prima dell'imbarco, ma tiene presente che in questo caso accettano solo pagamenti in contanti (solo in Kuna croata, HRK).","inLanguage":"en-US"},"inLanguage":"en-US"},{"@type":"Question","@id":"https:\/\/www.ferrycroatia.com\/it\/gv-line-zadar\/#faq-question-1625816606015","position":2,"url":"https:\/\/www.ferrycroatia.com\/it\/gv-line-zadar\/#faq-question-1625816606015","name":"Ci sono posti a sedere all'aperto sulle navi?","answerCount":1,"acceptedAnswer":{"@type":"Answer","text":"Solo sulla motonave Anamarija, le altre navi viaggiano troppo velocemente.","inLanguage":"en-US"},"inLanguage":"en-US"},{"@type":"Question","@id":"https:\/\/www.ferrycroatia.com\/it\/gv-line-zadar\/#faq-question-1625816612567","position":3,"url":"https:\/\/www.ferrycroatia.com\/it\/gv-line-zadar\/#faq-question-1625816612567","name":"Quanto tempo prima della partenza devo essere al porto?","answerCount":1,"acceptedAnswer":{"@type":"Answer","text":"La raccomandazione \u00e8 almeno 30 minuti prima della partenza.","inLanguage":"en-US"},"inLanguage":"en-US"},{"@type":"Question","@id":"https:\/\/www.ferrycroatia.com\/it\/gv-line-zadar\/#faq-question-1625816622660","position":4,"url":"https:\/\/www.ferrycroatia.com\/it\/gv-line-zadar\/#faq-question-1625816622660","name":"Posso prenotare posti uno accanto all'altro sulle navi G&amp;V Line Iadera?","answerCount":1,"acceptedAnswer":{"@type":"Answer","text":"No, sulle navi ci sono posti a sedere libero, quindi se viaggia in famiglia o in gruppo, dovrebbe arrivare presto per aspettare in fila per l'imbarco per assicurarsi i posti.","inLanguage":"en-US"},"inLanguage":"en-US"},{"@type":"Question","@id":"https:\/\/www.ferrycroatia.com\/it\/gv-line-zadar\/#faq-question-1625816627238","position":5,"url":"https:\/\/www.ferrycroatia.com\/it\/gv-line-zadar\/#faq-question-1625816627238","name":"Quanti bagagli posso portare a bordo?","answerCount":1,"acceptedAnswer":{"@type":"Answer","text":"Il bagaglio \u00e8 limitato a 1 bagaglio a mano e 1 borsa \/ valigia pi\u00f9 grande fino a 20 kg.","inLanguage":"en-US"},"inLanguage":"en-US"},{"@type":"Question","@id":"https:\/\/www.ferrycroatia.com\/it\/gv-line-zadar\/#faq-question-1625816638707","position":6,"url":"https:\/\/www.ferrycroatia.com\/it\/gv-line-zadar\/#faq-question-1625816638707","name":"Posso portare il mio animale domestico sul catamarano?","answerCount":1,"acceptedAnswer":{"@type":"Answer","text":"Ecco un estratto dai termini di G&amp;V Line Iadera relativi agli animali domestici:<br\/><br\/><em>Gli animali fino a 7 chili possono rimanere nella sala passeggeri, solo con il loro proprietario in ogni momento, e non sui sedili ma accanto al sedile del proprietario. La capacit\u00e0 per il trasporto di animali domestici (cani) di peso superiore a 7 chili \u00e8 limitata a un massimo di 2 per viaggio. Il trasporto degli animali deve essere pagato sulla nave all'imbarco (pagamento: solo contanti \/ valuta: Kuna croata).<\/em>","inLanguage":"en-US"},"inLanguage":"en-US"},{"@type":"Question","@id":"https:\/\/www.ferrycroatia.com\/it\/gv-line-zadar\/#faq-question-1625816649262","position":7,"url":"https:\/\/www.ferrycroatia.com\/it\/gv-line-zadar\/#faq-question-1625816649262","name":"Posso portare la mia bicicletta sul catamarano?","answerCount":1,"acceptedAnswer":{"@type":"Answer","text":"S\u00ec, pu\u00f2, ma tiene presente che lo spazio per le biciclette \u00e8 limitato (massimo 20 biciclette per l'intero catamarano). Dovr\u00e0 pagare un extra per il trasporto delle biciclette, il pagamento viene effettuato al momento dell'imbarco, in Kuna croata.","inLanguage":"en-US"},"inLanguage":"en-US"},{"@type":"Question","@id":"https:\/\/www.ferrycroatia.com\/it\/gv-line-zadar\/#faq-question-1625816662870","position":8,"url":"https:\/\/www.ferrycroatia.com\/it\/gv-line-zadar\/#faq-question-1625816662870","name":"Posso comprare bevande e snack a bordo?","answerCount":1,"acceptedAnswer":{"@type":"Answer","text":"S\u00ec, ma solo sulle navi Antonija e Anamarija.","inLanguage":"en-US"},"inLanguage":"en-US"},{"@type":"Question","@id":"https:\/\/www.ferrycroatia.com\/it\/gv-line-zadar\/#faq-question-1625816671813","position":9,"url":"https:\/\/www.ferrycroatia.com\/it\/gv-line-zadar\/#faq-question-1625816671813","name":"Ho acquistato un biglietto online sul sito G&amp;V Line Iadera, ma il biglietto ha la data di viaggio sbagliata, cosa devo fare?","answerCount":1,"acceptedAnswer":{"@type":"Answer","text":"Pu\u00f2 controllare le condizioni per modificare un biglietto <a href=\"https:\/\/www.gv-zadar.com\/terms-and-conditions-of-purchase\/\">qui<\/a>.","inLanguage":"en-US"},"inLanguage":"en-US"}]}},"_links":{"self":[{"href":"https:\/\/www.ferrycroatia.com\/it\/wp-json\/wp\/v2\/pages\/664"}],"collection":[{"href":"https:\/\/www.ferrycroatia.com\/it\/wp-json\/wp\/v2\/pages"}],"about":[{"href":"https:\/\/www.ferrycroatia.com\/it\/wp-json\/wp\/v2\/types\/page"}],"author":[{"embeddable":true,"href":"https:\/\/www.ferrycroatia.com\/it\/wp-json\/wp\/v2\/users\/5"}],"replies":[{"embeddable":true,"href":"https:\/\/www.ferrycroatia.com\/it\/wp-json\/wp\/v2\/comments?post=664"}],"version-history":[{"count":3,"href":"https:\/\/www.ferrycroatia.com\/it\/wp-json\/wp\/v2\/pages\/664\/revisions"}],"predecessor-version":[{"id":2982,"href":"https:\/\/www.ferrycroatia.com\/it\/wp-json\/wp\/v2\/pages\/664\/revisions\/2982"}],"wp:attachment":[{"href":"https:\/\/www.ferrycroatia.com\/it\/wp-json\/wp\/v2\/media?parent=664"}],"curies":[{"name":"wp","href":"https:\/\/api.w.org\/{rel}","templated":true}]}}