{"id":678,"date":"2021-01-28T10:50:55","date_gmt":"2021-01-28T10:50:55","guid":{"rendered":"https:\/\/ferrycroatia.com\/it\/?page_id=678"},"modified":"2021-07-27T10:53:20","modified_gmt":"2021-07-27T08:53:20","slug":"liberty-lines","status":"publish","type":"page","link":"https:\/\/www.ferrycroatia.com\/it\/liberty-lines\/","title":{"rendered":"Liberty Lines"},"content":{"rendered":"\n<p><strong>Liberty Lines<\/strong> \u00e8 una compagnia italiana di traghetti \/ catamarani veloci, costituita nel 1993 come Ustica Lines in Sicilia. L&#8217;azienda \u00e8 <strong>una delle pi\u00f9 grandi compagnie di trasporto marittimo ad alta velocit\u00e0<\/strong> al mondo, con rotte in traghetto in Italia, Grecia, Slovenia e Croazia. Nel 2011, la filiale dell&#8217;azienda Trieste Lines ha iniziato a gestire rotte in catamarano verso l&#8217;Istria. Oggi, Liberty Lines offre<strong> diverse rotte che <a href=\"https:\/\/www.ferrycroatia.com\/it\/traghetto-italia-croazia\/\">collegano l&#8217;Italia alla Croazia<\/a><\/strong>. Le citt\u00e0 istriane <a href=\"https:\/\/www.ferrycroatia.com\/it\/porto-di-rovigno\/\">Rovigno<\/a> e <a href=\"https:\/\/www.ferrycroatia.com\/it\/porto-di-parenzo\/\">Parenzo<\/a> sono collegate con Trieste e Pirano (Slovenia), mentre c&#8217;\u00e8 anche un&#8217;altra linea che collega Lussinpiccolo e Trieste. Per quanto riguarda la flotta della compagnia &#8211; attualmente, le navi in servizio sono <strong>32<\/strong> &#8211; aliscafi, catamarani veloci e navi monoscafo. Possono imbarcarsi ovunque tra 200 e 350 passeggeri.<\/p>\n\n\n\n<h2>Liberty Lines &#8211; DOMANDE FREQUENTI<\/h2>\n\n\n\n<div class=\"schema-faq wp-block-yoast-faq-block\"><div class=\"schema-faq-section\" id=\"faq-question-1625817609497\"><strong class=\"schema-faq-question\"><strong>Dove posso acquistare i biglietti per i traghetti veloci \/ catamarani Liberty Lines?<\/strong><\/strong> <p class=\"schema-faq-answer\">I biglietti possono essere acquistati online e in agenzie di viaggio situate nei porti dei traghetti. \u00c8 consigliabile prenotare il biglietto online, soprattutto durante la stagione estiva, quando c&#8217;\u00e8 un aumento del traffico passeggeri. Prima di salire a bordo del catamarano, i passeggeri dovranno sottoporsi alla procedura di check-in, che viene effettuata a bordo dal personale dell&#8217;azienda.<\/p> <\/div> <div class=\"schema-faq-section\" id=\"faq-question-1625817622081\"><strong class=\"schema-faq-question\"><strong>Il biglietto \u00e8 valido per un orario di partenza specifico o per qualsiasi partenza nella giornata?<\/strong><\/strong> <p class=\"schema-faq-answer\">Il biglietto prenotato \u00e8 valido solo per l&#8217;orario di partenza selezionato. Se desidera modificare la data \/ ora della Sua partenza, dovr\u00e0 contattare la compagnia per farlo. Tenga presente che in questo caso dovr\u00e0 pagare una commissione.<\/p> <\/div> <div class=\"schema-faq-section\" id=\"faq-question-1625817631053\"><strong class=\"schema-faq-question\"><strong>Quanto prima devono arrivare i passeggeri al porto?<\/strong><\/strong> <p class=\"schema-faq-answer\">Come sempre, \u00e8 consigliabile arrivare il prima possibile, ma non oltre 30 minuti prima della partenza. Ci sono pi\u00f9 passeggeri che si imbarcano in alta stagione, quindi attenzione.<\/p> <\/div> <div class=\"schema-faq-section\" id=\"faq-question-1625817639470\"><strong class=\"schema-faq-question\"><strong>Quanti bagagli posso portare a bordo?<\/strong><\/strong> <p class=\"schema-faq-answer\">Ogni passeggero pu\u00f2 portare un bagaglio a bordo gratuitamente, ma le dimensioni della borsa \/ valigia devono essere fino a 60x40x20 cm. Se la dimensione del Suo bagaglio \u00e8 pi\u00f9 grande di queste dimensioni, deve acquistare un biglietto per il bagaglio separato.<\/p> <\/div> <div class=\"schema-faq-section\" id=\"faq-question-1625817648934\"><strong class=\"schema-faq-question\"><strong>Posso portare la mia bici a bordo?<\/strong><\/strong> <p class=\"schema-faq-answer\">Ecco l&#8217;estratto della politica aziendale relativa alle biciclette:<br\/><br\/><em>Siamo spiacenti ma a causa degli spazi limitati sulle nostre navi, non possiamo accettare biciclette o qualsiasi altro tipo di (piccolo) trasporto. Tuttavia, in deroga a questa regola, accetteremo lexi-bike, prive di batterie e racchiuse nell&#8217;apposita sacca di sicurezza, le biciclette saranno considerate come bagaglio.<\/em><\/p> <\/div> <div class=\"schema-faq-section\" id=\"faq-question-1625817662230\"><strong class=\"schema-faq-question\"><strong>Posso portare a bordo il mio animale domestico?<\/strong><\/strong> <p class=\"schema-faq-answer\">\u00c8 possibile portare a bordo il Suo animale domestico, ma dovr\u00e0 acquistare un biglietto speciale &#8220;<em>Animale<\/em>&#8220;. Gli animali piccoli devono essere tenuti nei trasportini \/ gabbie per tutta la durata del viaggio. Gli animali di media e grande taglia devono essere muniti di museruola e guinzaglio. L&#8217;azienda ha il diritto di richiedere certificati medici attestanti la buona salute dell&#8217;animale.<\/p> <\/div> <\/div>\n","protected":false},"excerpt":{"rendered":"<p>Liberty Lines \u00e8 una compagnia italiana di traghetti \/ catamarani veloci, costituita nel 1993 come Ustica Lines in Sicilia. L&#8217;azienda \u00e8 una delle pi\u00f9 grandi compagnie di trasporto marittimo ad alta velocit\u00e0 al mondo, con rotte in traghetto in Italia, Grecia, Slovenia e Croazia. Nel 2011, la filiale dell&#8217;azienda Trieste Lines ha iniziato a gestire [&hellip;]<\/p>\n<p><a class=\"more-link\" href=\"https:\/\/www.ferrycroatia.com\/it\/liberty-lines\/\"> Continue reading&#8230;<\/a><\/p>\n","protected":false},"author":5,"featured_media":0,"parent":0,"menu_order":0,"comment_status":"closed","ping_status":"closed","template":"","meta":[],"yoast_head":"<!-- This site is optimized with the Yoast SEO plugin v19.8 - https:\/\/yoast.com\/wordpress\/plugins\/seo\/ -->\n<title>Liberty Lines, compagnia di traghetti, orari e prezzi<\/title>\n<meta name=\"description\" content=\"Liberty Lines \u00e8 una compagnia di traghetti con la sede a Sicily. Scopri di pi\u00f9 sulla compagnia, vedi le tratte traghetti, l&#039;orario e i prezzi dei biglietti.\" \/>\n<meta name=\"robots\" content=\"index, follow, max-snippet:-1, max-image-preview:large, max-video-preview:-1\" \/>\n<link rel=\"canonical\" href=\"https:\/\/www.ferrycroatia.com\/it\/liberty-lines\/\" \/>\n<meta property=\"og:locale\" content=\"en_US\" \/>\n<meta property=\"og:type\" content=\"article\" \/>\n<meta property=\"og:title\" content=\"Liberty Lines, compagnia di traghetti, orari e prezzi\" \/>\n<meta property=\"og:description\" content=\"Liberty Lines \u00e8 una compagnia di traghetti con la sede a Sicily. Scopri di pi\u00f9 sulla compagnia, vedi le tratte traghetti, l&#039;orario e i prezzi dei biglietti.\" \/>\n<meta property=\"og:url\" content=\"https:\/\/www.ferrycroatia.com\/it\/liberty-lines\/\" \/>\n<meta property=\"og:site_name\" content=\"Traghetto Croazia\" \/>\n<meta property=\"article:modified_time\" content=\"2021-07-27T08:53:20+00:00\" \/>\n<meta name=\"twitter:card\" content=\"summary_large_image\" \/>\n<meta name=\"twitter:label1\" content=\"Est. reading time\" \/>\n\t<meta name=\"twitter:data1\" content=\"3 minutes\" \/>\n<script type=\"application\/ld+json\" class=\"yoast-schema-graph\">{\"@context\":\"https:\/\/schema.org\",\"@graph\":[{\"@type\":[\"WebPage\",\"FAQPage\"],\"@id\":\"https:\/\/www.ferrycroatia.com\/it\/liberty-lines\/\",\"url\":\"https:\/\/www.ferrycroatia.com\/it\/liberty-lines\/\",\"name\":\"Liberty Lines, compagnia di traghetti, orari e prezzi\",\"isPartOf\":{\"@id\":\"https:\/\/www.ferrycroatia.com\/it\/#website\"},\"datePublished\":\"2021-01-28T10:50:55+00:00\",\"dateModified\":\"2021-07-27T08:53:20+00:00\",\"description\":\"Liberty Lines \u00e8 una compagnia di traghetti con la sede a Sicily. Scopri di pi\u00f9 sulla compagnia, vedi le tratte traghetti, l'orario e i prezzi dei biglietti.\",\"breadcrumb\":{\"@id\":\"https:\/\/www.ferrycroatia.com\/it\/liberty-lines\/#breadcrumb\"},\"mainEntity\":[{\"@id\":\"https:\/\/www.ferrycroatia.com\/it\/liberty-lines\/#faq-question-1625817609497\"},{\"@id\":\"https:\/\/www.ferrycroatia.com\/it\/liberty-lines\/#faq-question-1625817622081\"},{\"@id\":\"https:\/\/www.ferrycroatia.com\/it\/liberty-lines\/#faq-question-1625817631053\"},{\"@id\":\"https:\/\/www.ferrycroatia.com\/it\/liberty-lines\/#faq-question-1625817639470\"},{\"@id\":\"https:\/\/www.ferrycroatia.com\/it\/liberty-lines\/#faq-question-1625817648934\"},{\"@id\":\"https:\/\/www.ferrycroatia.com\/it\/liberty-lines\/#faq-question-1625817662230\"}],\"inLanguage\":\"en-US\",\"potentialAction\":[{\"@type\":\"ReadAction\",\"target\":[\"https:\/\/www.ferrycroatia.com\/it\/liberty-lines\/\"]}]},{\"@type\":\"BreadcrumbList\",\"@id\":\"https:\/\/www.ferrycroatia.com\/it\/liberty-lines\/#breadcrumb\",\"itemListElement\":[{\"@type\":\"ListItem\",\"position\":1,\"name\":\"Home\",\"item\":\"https:\/\/www.ferrycroatia.com\/it\/\"},{\"@type\":\"ListItem\",\"position\":2,\"name\":\"Liberty Lines\"}]},{\"@type\":\"WebSite\",\"@id\":\"https:\/\/www.ferrycroatia.com\/it\/#website\",\"url\":\"https:\/\/www.ferrycroatia.com\/it\/\",\"name\":\"Traghetto Croazia\",\"description\":\"Info e orari per tutti i catamarani e traghetti in Croazia\",\"potentialAction\":[{\"@type\":\"SearchAction\",\"target\":{\"@type\":\"EntryPoint\",\"urlTemplate\":\"https:\/\/www.ferrycroatia.com\/it\/?s={search_term_string}\"},\"query-input\":\"required name=search_term_string\"}],\"inLanguage\":\"en-US\"},{\"@type\":\"Question\",\"@id\":\"https:\/\/www.ferrycroatia.com\/it\/liberty-lines\/#faq-question-1625817609497\",\"position\":1,\"url\":\"https:\/\/www.ferrycroatia.com\/it\/liberty-lines\/#faq-question-1625817609497\",\"name\":\"Dove posso acquistare i biglietti per i traghetti veloci \/ catamarani Liberty Lines?\",\"answerCount\":1,\"acceptedAnswer\":{\"@type\":\"Answer\",\"text\":\"I biglietti possono essere acquistati online e in agenzie di viaggio situate nei porti dei traghetti. \u00c8 consigliabile prenotare il biglietto online, soprattutto durante la stagione estiva, quando c'\u00e8 un aumento del traffico passeggeri. Prima di salire a bordo del catamarano, i passeggeri dovranno sottoporsi alla procedura di check-in, che viene effettuata a bordo dal personale dell'azienda.\",\"inLanguage\":\"en-US\"},\"inLanguage\":\"en-US\"},{\"@type\":\"Question\",\"@id\":\"https:\/\/www.ferrycroatia.com\/it\/liberty-lines\/#faq-question-1625817622081\",\"position\":2,\"url\":\"https:\/\/www.ferrycroatia.com\/it\/liberty-lines\/#faq-question-1625817622081\",\"name\":\"Il biglietto \u00e8 valido per un orario di partenza specifico o per qualsiasi partenza nella giornata?\",\"answerCount\":1,\"acceptedAnswer\":{\"@type\":\"Answer\",\"text\":\"Il biglietto prenotato \u00e8 valido solo per l'orario di partenza selezionato. Se desidera modificare la data \/ ora della Sua partenza, dovr\u00e0 contattare la compagnia per farlo. Tenga presente che in questo caso dovr\u00e0 pagare una commissione.\",\"inLanguage\":\"en-US\"},\"inLanguage\":\"en-US\"},{\"@type\":\"Question\",\"@id\":\"https:\/\/www.ferrycroatia.com\/it\/liberty-lines\/#faq-question-1625817631053\",\"position\":3,\"url\":\"https:\/\/www.ferrycroatia.com\/it\/liberty-lines\/#faq-question-1625817631053\",\"name\":\"Quanto prima devono arrivare i passeggeri al porto?\",\"answerCount\":1,\"acceptedAnswer\":{\"@type\":\"Answer\",\"text\":\"Come sempre, \u00e8 consigliabile arrivare il prima possibile, ma non oltre 30 minuti prima della partenza. Ci sono pi\u00f9 passeggeri che si imbarcano in alta stagione, quindi attenzione.\",\"inLanguage\":\"en-US\"},\"inLanguage\":\"en-US\"},{\"@type\":\"Question\",\"@id\":\"https:\/\/www.ferrycroatia.com\/it\/liberty-lines\/#faq-question-1625817639470\",\"position\":4,\"url\":\"https:\/\/www.ferrycroatia.com\/it\/liberty-lines\/#faq-question-1625817639470\",\"name\":\"Quanti bagagli posso portare a bordo?\",\"answerCount\":1,\"acceptedAnswer\":{\"@type\":\"Answer\",\"text\":\"Ogni passeggero pu\u00f2 portare un bagaglio a bordo gratuitamente, ma le dimensioni della borsa \/ valigia devono essere fino a 60x40x20 cm. Se la dimensione del Suo bagaglio \u00e8 pi\u00f9 grande di queste dimensioni, deve acquistare un biglietto per il bagaglio separato.\",\"inLanguage\":\"en-US\"},\"inLanguage\":\"en-US\"},{\"@type\":\"Question\",\"@id\":\"https:\/\/www.ferrycroatia.com\/it\/liberty-lines\/#faq-question-1625817648934\",\"position\":5,\"url\":\"https:\/\/www.ferrycroatia.com\/it\/liberty-lines\/#faq-question-1625817648934\",\"name\":\"Posso portare la mia bici a bordo?\",\"answerCount\":1,\"acceptedAnswer\":{\"@type\":\"Answer\",\"text\":\"Ecco l'estratto della politica aziendale relativa alle biciclette:<br\/><br\/><em>Siamo spiacenti ma a causa degli spazi limitati sulle nostre navi, non possiamo accettare biciclette o qualsiasi altro tipo di (piccolo) trasporto. Tuttavia, in deroga a questa regola, accetteremo lexi-bike, prive di batterie e racchiuse nell'apposita sacca di sicurezza, le biciclette saranno considerate come bagaglio.<\/em>\",\"inLanguage\":\"en-US\"},\"inLanguage\":\"en-US\"},{\"@type\":\"Question\",\"@id\":\"https:\/\/www.ferrycroatia.com\/it\/liberty-lines\/#faq-question-1625817662230\",\"position\":6,\"url\":\"https:\/\/www.ferrycroatia.com\/it\/liberty-lines\/#faq-question-1625817662230\",\"name\":\"Posso portare a bordo il mio animale domestico?\",\"answerCount\":1,\"acceptedAnswer\":{\"@type\":\"Answer\",\"text\":\"\u00c8 possibile portare a bordo il Suo animale domestico, ma dovr\u00e0 acquistare un biglietto speciale \\\"<em>Animale<\/em>\\\". Gli animali piccoli devono essere tenuti nei trasportini \/ gabbie per tutta la durata del viaggio. Gli animali di media e grande taglia devono essere muniti di museruola e guinzaglio. L'azienda ha il diritto di richiedere certificati medici attestanti la buona salute dell'animale.\",\"inLanguage\":\"en-US\"},\"inLanguage\":\"en-US\"}]}<\/script>\n<!-- \/ Yoast SEO plugin. -->","yoast_head_json":{"title":"Liberty Lines, compagnia di traghetti, orari e prezzi","description":"Liberty Lines \u00e8 una compagnia di traghetti con la sede a Sicily. Scopri di pi\u00f9 sulla compagnia, vedi le tratte traghetti, l'orario e i prezzi dei biglietti.","robots":{"index":"index","follow":"follow","max-snippet":"max-snippet:-1","max-image-preview":"max-image-preview:large","max-video-preview":"max-video-preview:-1"},"canonical":"https:\/\/www.ferrycroatia.com\/it\/liberty-lines\/","og_locale":"en_US","og_type":"article","og_title":"Liberty Lines, compagnia di traghetti, orari e prezzi","og_description":"Liberty Lines \u00e8 una compagnia di traghetti con la sede a Sicily. Scopri di pi\u00f9 sulla compagnia, vedi le tratte traghetti, l'orario e i prezzi dei biglietti.","og_url":"https:\/\/www.ferrycroatia.com\/it\/liberty-lines\/","og_site_name":"Traghetto Croazia","article_modified_time":"2021-07-27T08:53:20+00:00","twitter_card":"summary_large_image","twitter_misc":{"Est. reading time":"3 minutes"},"schema":{"@context":"https:\/\/schema.org","@graph":[{"@type":["WebPage","FAQPage"],"@id":"https:\/\/www.ferrycroatia.com\/it\/liberty-lines\/","url":"https:\/\/www.ferrycroatia.com\/it\/liberty-lines\/","name":"Liberty Lines, compagnia di traghetti, orari e prezzi","isPartOf":{"@id":"https:\/\/www.ferrycroatia.com\/it\/#website"},"datePublished":"2021-01-28T10:50:55+00:00","dateModified":"2021-07-27T08:53:20+00:00","description":"Liberty Lines \u00e8 una compagnia di traghetti con la sede a Sicily. Scopri di pi\u00f9 sulla compagnia, vedi le tratte traghetti, l'orario e i prezzi dei biglietti.","breadcrumb":{"@id":"https:\/\/www.ferrycroatia.com\/it\/liberty-lines\/#breadcrumb"},"mainEntity":[{"@id":"https:\/\/www.ferrycroatia.com\/it\/liberty-lines\/#faq-question-1625817609497"},{"@id":"https:\/\/www.ferrycroatia.com\/it\/liberty-lines\/#faq-question-1625817622081"},{"@id":"https:\/\/www.ferrycroatia.com\/it\/liberty-lines\/#faq-question-1625817631053"},{"@id":"https:\/\/www.ferrycroatia.com\/it\/liberty-lines\/#faq-question-1625817639470"},{"@id":"https:\/\/www.ferrycroatia.com\/it\/liberty-lines\/#faq-question-1625817648934"},{"@id":"https:\/\/www.ferrycroatia.com\/it\/liberty-lines\/#faq-question-1625817662230"}],"inLanguage":"en-US","potentialAction":[{"@type":"ReadAction","target":["https:\/\/www.ferrycroatia.com\/it\/liberty-lines\/"]}]},{"@type":"BreadcrumbList","@id":"https:\/\/www.ferrycroatia.com\/it\/liberty-lines\/#breadcrumb","itemListElement":[{"@type":"ListItem","position":1,"name":"Home","item":"https:\/\/www.ferrycroatia.com\/it\/"},{"@type":"ListItem","position":2,"name":"Liberty Lines"}]},{"@type":"WebSite","@id":"https:\/\/www.ferrycroatia.com\/it\/#website","url":"https:\/\/www.ferrycroatia.com\/it\/","name":"Traghetto Croazia","description":"Info e orari per tutti i catamarani e traghetti in Croazia","potentialAction":[{"@type":"SearchAction","target":{"@type":"EntryPoint","urlTemplate":"https:\/\/www.ferrycroatia.com\/it\/?s={search_term_string}"},"query-input":"required name=search_term_string"}],"inLanguage":"en-US"},{"@type":"Question","@id":"https:\/\/www.ferrycroatia.com\/it\/liberty-lines\/#faq-question-1625817609497","position":1,"url":"https:\/\/www.ferrycroatia.com\/it\/liberty-lines\/#faq-question-1625817609497","name":"Dove posso acquistare i biglietti per i traghetti veloci \/ catamarani Liberty Lines?","answerCount":1,"acceptedAnswer":{"@type":"Answer","text":"I biglietti possono essere acquistati online e in agenzie di viaggio situate nei porti dei traghetti. \u00c8 consigliabile prenotare il biglietto online, soprattutto durante la stagione estiva, quando c'\u00e8 un aumento del traffico passeggeri. Prima di salire a bordo del catamarano, i passeggeri dovranno sottoporsi alla procedura di check-in, che viene effettuata a bordo dal personale dell'azienda.","inLanguage":"en-US"},"inLanguage":"en-US"},{"@type":"Question","@id":"https:\/\/www.ferrycroatia.com\/it\/liberty-lines\/#faq-question-1625817622081","position":2,"url":"https:\/\/www.ferrycroatia.com\/it\/liberty-lines\/#faq-question-1625817622081","name":"Il biglietto \u00e8 valido per un orario di partenza specifico o per qualsiasi partenza nella giornata?","answerCount":1,"acceptedAnswer":{"@type":"Answer","text":"Il biglietto prenotato \u00e8 valido solo per l'orario di partenza selezionato. Se desidera modificare la data \/ ora della Sua partenza, dovr\u00e0 contattare la compagnia per farlo. Tenga presente che in questo caso dovr\u00e0 pagare una commissione.","inLanguage":"en-US"},"inLanguage":"en-US"},{"@type":"Question","@id":"https:\/\/www.ferrycroatia.com\/it\/liberty-lines\/#faq-question-1625817631053","position":3,"url":"https:\/\/www.ferrycroatia.com\/it\/liberty-lines\/#faq-question-1625817631053","name":"Quanto prima devono arrivare i passeggeri al porto?","answerCount":1,"acceptedAnswer":{"@type":"Answer","text":"Come sempre, \u00e8 consigliabile arrivare il prima possibile, ma non oltre 30 minuti prima della partenza. Ci sono pi\u00f9 passeggeri che si imbarcano in alta stagione, quindi attenzione.","inLanguage":"en-US"},"inLanguage":"en-US"},{"@type":"Question","@id":"https:\/\/www.ferrycroatia.com\/it\/liberty-lines\/#faq-question-1625817639470","position":4,"url":"https:\/\/www.ferrycroatia.com\/it\/liberty-lines\/#faq-question-1625817639470","name":"Quanti bagagli posso portare a bordo?","answerCount":1,"acceptedAnswer":{"@type":"Answer","text":"Ogni passeggero pu\u00f2 portare un bagaglio a bordo gratuitamente, ma le dimensioni della borsa \/ valigia devono essere fino a 60x40x20 cm. Se la dimensione del Suo bagaglio \u00e8 pi\u00f9 grande di queste dimensioni, deve acquistare un biglietto per il bagaglio separato.","inLanguage":"en-US"},"inLanguage":"en-US"},{"@type":"Question","@id":"https:\/\/www.ferrycroatia.com\/it\/liberty-lines\/#faq-question-1625817648934","position":5,"url":"https:\/\/www.ferrycroatia.com\/it\/liberty-lines\/#faq-question-1625817648934","name":"Posso portare la mia bici a bordo?","answerCount":1,"acceptedAnswer":{"@type":"Answer","text":"Ecco l'estratto della politica aziendale relativa alle biciclette:<br\/><br\/><em>Siamo spiacenti ma a causa degli spazi limitati sulle nostre navi, non possiamo accettare biciclette o qualsiasi altro tipo di (piccolo) trasporto. Tuttavia, in deroga a questa regola, accetteremo lexi-bike, prive di batterie e racchiuse nell'apposita sacca di sicurezza, le biciclette saranno considerate come bagaglio.<\/em>","inLanguage":"en-US"},"inLanguage":"en-US"},{"@type":"Question","@id":"https:\/\/www.ferrycroatia.com\/it\/liberty-lines\/#faq-question-1625817662230","position":6,"url":"https:\/\/www.ferrycroatia.com\/it\/liberty-lines\/#faq-question-1625817662230","name":"Posso portare a bordo il mio animale domestico?","answerCount":1,"acceptedAnswer":{"@type":"Answer","text":"\u00c8 possibile portare a bordo il Suo animale domestico, ma dovr\u00e0 acquistare un biglietto speciale \"<em>Animale<\/em>\". Gli animali piccoli devono essere tenuti nei trasportini \/ gabbie per tutta la durata del viaggio. Gli animali di media e grande taglia devono essere muniti di museruola e guinzaglio. L'azienda ha il diritto di richiedere certificati medici attestanti la buona salute dell'animale.","inLanguage":"en-US"},"inLanguage":"en-US"}]}},"_links":{"self":[{"href":"https:\/\/www.ferrycroatia.com\/it\/wp-json\/wp\/v2\/pages\/678"}],"collection":[{"href":"https:\/\/www.ferrycroatia.com\/it\/wp-json\/wp\/v2\/pages"}],"about":[{"href":"https:\/\/www.ferrycroatia.com\/it\/wp-json\/wp\/v2\/types\/page"}],"author":[{"embeddable":true,"href":"https:\/\/www.ferrycroatia.com\/it\/wp-json\/wp\/v2\/users\/5"}],"replies":[{"embeddable":true,"href":"https:\/\/www.ferrycroatia.com\/it\/wp-json\/wp\/v2\/comments?post=678"}],"version-history":[{"count":3,"href":"https:\/\/www.ferrycroatia.com\/it\/wp-json\/wp\/v2\/pages\/678\/revisions"}],"predecessor-version":[{"id":2990,"href":"https:\/\/www.ferrycroatia.com\/it\/wp-json\/wp\/v2\/pages\/678\/revisions\/2990"}],"wp:attachment":[{"href":"https:\/\/www.ferrycroatia.com\/it\/wp-json\/wp\/v2\/media?parent=678"}],"curies":[{"name":"wp","href":"https:\/\/api.w.org\/{rel}","templated":true}]}}