{"id":680,"date":"2021-01-28T10:58:34","date_gmt":"2021-01-28T10:58:34","guid":{"rendered":"https:\/\/ferrycroatia.com\/it\/?page_id=680"},"modified":"2021-07-27T10:54:25","modified_gmt":"2021-07-27T08:54:25","slug":"miatours","status":"publish","type":"page","link":"https:\/\/www.ferrycroatia.com\/it\/miatours\/","title":{"rendered":"Miatours"},"content":{"rendered":"\n<p><strong>Miatours \u00e8 un&#8217;agenzia di viaggi<\/strong> fondata all&#8217;interno della <strong>compagnia di catamarani Miatrade d.o.o.<\/strong> situata a Zara. Operano linee di catamarani nazionali da pi\u00f9 di 20 anni.<\/p>\n\n\n\n<p>All&#8217;inizio della loro attivit\u00e0 avevano linee internazionali verso l&#8217;Italia, ma attualmente offrono solo una linea nazionale<strong> Zara &#8211; Premuda &#8211; Selve &#8211; Olib<\/strong> che collega <a href=\"https:\/\/www.ferrycroatia.com\/it\/porto-di-zara\/\">Zara<\/a> alle isole pi\u00f9 piccole dell&#8217;arcipelago di Zara. Oltre a questa linea regolare, Miatours offre anche <strong>il trasporto su richiesta per escursioni<\/strong>, matrimoni e altre occasioni speciali.<\/p>\n\n\n\n<p>Per quanto riguarda la flotta, Miatours dispone di <strong>2 catamarani per il solo trasporto passeggeri<\/strong>: \u201cPrinc Zadra\u201d e \u201cMala Sirena\u201d, con capienze di 300 e 180 passeggeri.<\/p>\n\n\n\n<p>Princ Zadra \u00e8 un catamarano pi\u00f9 grande a due livelli di ponti, con aria condizionata, servizi igienici e chiosco bar a bordo. Mala Sirena ha solo un livello di ponte, ma tutti gli stessi servizi.<\/p>\n\n\n\n<h2>Miatours &#8211; DOMANDE FREQUENTI<\/h2>\n\n\n\n<div class=\"schema-faq wp-block-yoast-faq-block\"><div class=\"schema-faq-section\" id=\"faq-question-1625817693084\"><strong class=\"schema-faq-question\"><strong>Dove posso acquistare i biglietti per i catamarani di Miatours?<\/strong><\/strong> <p class=\"schema-faq-answer\">I biglietti possono essere acquistati online, cos\u00ec come nei porti di Zara, Premuda, Selve e Olib. Tutti i punti di vendita aprono 30 minuti prima della partenza del catamarano, ad eccezione del punto di vendita di Zara, che \u00e8 praticamente l&#8217;ufficio di Miatours aperto tutti i giorni della settimana. Si noti che in bassa stagione \/ inverno, i biglietti non possono essere acquistati a Premuda, Selve e Olib, solo direttamente sul catamarano (pagando in Kuna croata).<\/p> <\/div> <div class=\"schema-faq-section\" id=\"faq-question-1625817701750\"><strong class=\"schema-faq-question\"><strong>Quanti bagagli posso portare sui catamarani di Miatours?<\/strong><\/strong> <p class=\"schema-faq-answer\">Ogni passeggero pu\u00f2 portare gratuitamente fino a 20 kg di bagaglio a mano. Altri trasporti di merci non sono consentiti sui catamarani.<\/p> <\/div> <div class=\"schema-faq-section\" id=\"faq-question-1625817706358\"><strong class=\"schema-faq-question\"><strong>Devo stampare i biglietti prima dell\u2019imbarco sul catamarano?<\/strong><\/strong> <p class=\"schema-faq-answer\">Se acquista il \u200b\u200bSuo biglietto online, ricever\u00e0 un&#8217;e-mail di conferma dei biglietti acquistati. Dopodich\u00e9, dovr\u00e0 usare quella conferma per ritirare i biglietti nei punti di vendita precedentemente menzionati.<\/p> <\/div> <div class=\"schema-faq-section\" id=\"faq-question-1625817722059\"><strong class=\"schema-faq-question\"><strong>Posso portare a bordo il mio animale domestico?<\/strong><\/strong> <p class=\"schema-faq-answer\">Ecco un estratto dalle dichiarazioni di Miatours sugli animali domestici:<br\/><br\/><em>Quando le condizioni tecniche a bordo (box speciali) sono soddisfatte per il trasporto di animali domestici, il trasporto di animali domestici in box speciali viene addebitato al 50% del prezzo del biglietto a persona.<\/em><\/p> <\/div> <div class=\"schema-faq-section\" id=\"faq-question-1625817731478\"><strong class=\"schema-faq-question\"><strong>Devo acquistare un biglietto separato per i bambini piccoli che viaggiano con me?<\/strong><\/strong> <p class=\"schema-faq-answer\">I bambini da 1 a 3 anni viaggiano gratuitamente. Ai bambini fino a 1 anno non verr\u00e0 emesso un biglietto di viaggio, mentre quelli fino a 3 anni riceveranno un biglietto di viaggio.<\/p> <\/div> <\/div>\n","protected":false},"excerpt":{"rendered":"<p>Miatours \u00e8 un&#8217;agenzia di viaggi fondata all&#8217;interno della compagnia di catamarani Miatrade d.o.o. situata a Zara. Operano linee di catamarani nazionali da pi\u00f9 di 20 anni. All&#8217;inizio della loro attivit\u00e0 avevano linee internazionali verso l&#8217;Italia, ma attualmente offrono solo una linea nazionale Zara &#8211; Premuda &#8211; Selve &#8211; Olib che collega Zara alle isole pi\u00f9 [&hellip;]<\/p>\n<p><a class=\"more-link\" href=\"https:\/\/www.ferrycroatia.com\/it\/miatours\/\"> Continue reading&#8230;<\/a><\/p>\n","protected":false},"author":5,"featured_media":0,"parent":0,"menu_order":0,"comment_status":"closed","ping_status":"closed","template":"","meta":[],"yoast_head":"<!-- This site is optimized with the Yoast SEO plugin v19.8 - https:\/\/yoast.com\/wordpress\/plugins\/seo\/ -->\n<title>Miatours, compagnia di traghetti Croazia, orari e prezzi<\/title>\n<meta name=\"description\" content=\"Miatours \u00e8 una compagnia di traghetti con la sede a Zara. Scopri di pi\u00f9 sulla compagnia, vedi le tratte traghetti, l&#039;orario e i prezzi dei biglietti.\" \/>\n<meta name=\"robots\" content=\"index, follow, max-snippet:-1, max-image-preview:large, max-video-preview:-1\" \/>\n<link rel=\"canonical\" href=\"https:\/\/www.ferrycroatia.com\/it\/miatours\/\" \/>\n<meta property=\"og:locale\" content=\"en_US\" \/>\n<meta property=\"og:type\" content=\"article\" \/>\n<meta property=\"og:title\" content=\"Miatours, compagnia di traghetti Croazia, orari e prezzi\" \/>\n<meta property=\"og:description\" content=\"Miatours \u00e8 una compagnia di traghetti con la sede a Zara. Scopri di pi\u00f9 sulla compagnia, vedi le tratte traghetti, l&#039;orario e i prezzi dei biglietti.\" \/>\n<meta property=\"og:url\" content=\"https:\/\/www.ferrycroatia.com\/it\/miatours\/\" \/>\n<meta property=\"og:site_name\" content=\"Traghetto Croazia\" \/>\n<meta property=\"article:modified_time\" content=\"2021-07-27T08:54:25+00:00\" \/>\n<meta name=\"twitter:card\" content=\"summary_large_image\" \/>\n<meta name=\"twitter:label1\" content=\"Est. reading time\" \/>\n\t<meta name=\"twitter:data1\" content=\"2 minutes\" \/>\n<script type=\"application\/ld+json\" class=\"yoast-schema-graph\">{\"@context\":\"https:\/\/schema.org\",\"@graph\":[{\"@type\":[\"WebPage\",\"FAQPage\"],\"@id\":\"https:\/\/www.ferrycroatia.com\/it\/miatours\/\",\"url\":\"https:\/\/www.ferrycroatia.com\/it\/miatours\/\",\"name\":\"Miatours, compagnia di traghetti Croazia, orari e prezzi\",\"isPartOf\":{\"@id\":\"https:\/\/www.ferrycroatia.com\/it\/#website\"},\"datePublished\":\"2021-01-28T10:58:34+00:00\",\"dateModified\":\"2021-07-27T08:54:25+00:00\",\"description\":\"Miatours \u00e8 una compagnia di traghetti con la sede a Zara. Scopri di pi\u00f9 sulla compagnia, vedi le tratte traghetti, l'orario e i prezzi dei biglietti.\",\"breadcrumb\":{\"@id\":\"https:\/\/www.ferrycroatia.com\/it\/miatours\/#breadcrumb\"},\"mainEntity\":[{\"@id\":\"https:\/\/www.ferrycroatia.com\/it\/miatours\/#faq-question-1625817693084\"},{\"@id\":\"https:\/\/www.ferrycroatia.com\/it\/miatours\/#faq-question-1625817701750\"},{\"@id\":\"https:\/\/www.ferrycroatia.com\/it\/miatours\/#faq-question-1625817706358\"},{\"@id\":\"https:\/\/www.ferrycroatia.com\/it\/miatours\/#faq-question-1625817722059\"},{\"@id\":\"https:\/\/www.ferrycroatia.com\/it\/miatours\/#faq-question-1625817731478\"}],\"inLanguage\":\"en-US\",\"potentialAction\":[{\"@type\":\"ReadAction\",\"target\":[\"https:\/\/www.ferrycroatia.com\/it\/miatours\/\"]}]},{\"@type\":\"BreadcrumbList\",\"@id\":\"https:\/\/www.ferrycroatia.com\/it\/miatours\/#breadcrumb\",\"itemListElement\":[{\"@type\":\"ListItem\",\"position\":1,\"name\":\"Home\",\"item\":\"https:\/\/www.ferrycroatia.com\/it\/\"},{\"@type\":\"ListItem\",\"position\":2,\"name\":\"Miatours\"}]},{\"@type\":\"WebSite\",\"@id\":\"https:\/\/www.ferrycroatia.com\/it\/#website\",\"url\":\"https:\/\/www.ferrycroatia.com\/it\/\",\"name\":\"Traghetto Croazia\",\"description\":\"Info e orari per tutti i catamarani e traghetti in Croazia\",\"potentialAction\":[{\"@type\":\"SearchAction\",\"target\":{\"@type\":\"EntryPoint\",\"urlTemplate\":\"https:\/\/www.ferrycroatia.com\/it\/?s={search_term_string}\"},\"query-input\":\"required name=search_term_string\"}],\"inLanguage\":\"en-US\"},{\"@type\":\"Question\",\"@id\":\"https:\/\/www.ferrycroatia.com\/it\/miatours\/#faq-question-1625817693084\",\"position\":1,\"url\":\"https:\/\/www.ferrycroatia.com\/it\/miatours\/#faq-question-1625817693084\",\"name\":\"Dove posso acquistare i biglietti per i catamarani di Miatours?\",\"answerCount\":1,\"acceptedAnswer\":{\"@type\":\"Answer\",\"text\":\"I biglietti possono essere acquistati online, cos\u00ec come nei porti di Zara, Premuda, Selve e Olib. Tutti i punti di vendita aprono 30 minuti prima della partenza del catamarano, ad eccezione del punto di vendita di Zara, che \u00e8 praticamente l'ufficio di Miatours aperto tutti i giorni della settimana. Si noti che in bassa stagione \/ inverno, i biglietti non possono essere acquistati a Premuda, Selve e Olib, solo direttamente sul catamarano (pagando in Kuna croata).\",\"inLanguage\":\"en-US\"},\"inLanguage\":\"en-US\"},{\"@type\":\"Question\",\"@id\":\"https:\/\/www.ferrycroatia.com\/it\/miatours\/#faq-question-1625817701750\",\"position\":2,\"url\":\"https:\/\/www.ferrycroatia.com\/it\/miatours\/#faq-question-1625817701750\",\"name\":\"Quanti bagagli posso portare sui catamarani di Miatours?\",\"answerCount\":1,\"acceptedAnswer\":{\"@type\":\"Answer\",\"text\":\"Ogni passeggero pu\u00f2 portare gratuitamente fino a 20 kg di bagaglio a mano. Altri trasporti di merci non sono consentiti sui catamarani.\",\"inLanguage\":\"en-US\"},\"inLanguage\":\"en-US\"},{\"@type\":\"Question\",\"@id\":\"https:\/\/www.ferrycroatia.com\/it\/miatours\/#faq-question-1625817706358\",\"position\":3,\"url\":\"https:\/\/www.ferrycroatia.com\/it\/miatours\/#faq-question-1625817706358\",\"name\":\"Devo stampare i biglietti prima dell\u2019imbarco sul catamarano?\",\"answerCount\":1,\"acceptedAnswer\":{\"@type\":\"Answer\",\"text\":\"Se acquista il \u200b\u200bSuo biglietto online, ricever\u00e0 un'e-mail di conferma dei biglietti acquistati. Dopodich\u00e9, dovr\u00e0 usare quella conferma per ritirare i biglietti nei punti di vendita precedentemente menzionati.\",\"inLanguage\":\"en-US\"},\"inLanguage\":\"en-US\"},{\"@type\":\"Question\",\"@id\":\"https:\/\/www.ferrycroatia.com\/it\/miatours\/#faq-question-1625817722059\",\"position\":4,\"url\":\"https:\/\/www.ferrycroatia.com\/it\/miatours\/#faq-question-1625817722059\",\"name\":\"Posso portare a bordo il mio animale domestico?\",\"answerCount\":1,\"acceptedAnswer\":{\"@type\":\"Answer\",\"text\":\"Ecco un estratto dalle dichiarazioni di Miatours sugli animali domestici:<br\/><br\/><em>Quando le condizioni tecniche a bordo (box speciali) sono soddisfatte per il trasporto di animali domestici, il trasporto di animali domestici in box speciali viene addebitato al 50% del prezzo del biglietto a persona.<\/em>\",\"inLanguage\":\"en-US\"},\"inLanguage\":\"en-US\"},{\"@type\":\"Question\",\"@id\":\"https:\/\/www.ferrycroatia.com\/it\/miatours\/#faq-question-1625817731478\",\"position\":5,\"url\":\"https:\/\/www.ferrycroatia.com\/it\/miatours\/#faq-question-1625817731478\",\"name\":\"Devo acquistare un biglietto separato per i bambini piccoli che viaggiano con me?\",\"answerCount\":1,\"acceptedAnswer\":{\"@type\":\"Answer\",\"text\":\"I bambini da 1 a 3 anni viaggiano gratuitamente. Ai bambini fino a 1 anno non verr\u00e0 emesso un biglietto di viaggio, mentre quelli fino a 3 anni riceveranno un biglietto di viaggio.\",\"inLanguage\":\"en-US\"},\"inLanguage\":\"en-US\"}]}<\/script>\n<!-- \/ Yoast SEO plugin. -->","yoast_head_json":{"title":"Miatours, compagnia di traghetti Croazia, orari e prezzi","description":"Miatours \u00e8 una compagnia di traghetti con la sede a Zara. Scopri di pi\u00f9 sulla compagnia, vedi le tratte traghetti, l'orario e i prezzi dei biglietti.","robots":{"index":"index","follow":"follow","max-snippet":"max-snippet:-1","max-image-preview":"max-image-preview:large","max-video-preview":"max-video-preview:-1"},"canonical":"https:\/\/www.ferrycroatia.com\/it\/miatours\/","og_locale":"en_US","og_type":"article","og_title":"Miatours, compagnia di traghetti Croazia, orari e prezzi","og_description":"Miatours \u00e8 una compagnia di traghetti con la sede a Zara. Scopri di pi\u00f9 sulla compagnia, vedi le tratte traghetti, l'orario e i prezzi dei biglietti.","og_url":"https:\/\/www.ferrycroatia.com\/it\/miatours\/","og_site_name":"Traghetto Croazia","article_modified_time":"2021-07-27T08:54:25+00:00","twitter_card":"summary_large_image","twitter_misc":{"Est. reading time":"2 minutes"},"schema":{"@context":"https:\/\/schema.org","@graph":[{"@type":["WebPage","FAQPage"],"@id":"https:\/\/www.ferrycroatia.com\/it\/miatours\/","url":"https:\/\/www.ferrycroatia.com\/it\/miatours\/","name":"Miatours, compagnia di traghetti Croazia, orari e prezzi","isPartOf":{"@id":"https:\/\/www.ferrycroatia.com\/it\/#website"},"datePublished":"2021-01-28T10:58:34+00:00","dateModified":"2021-07-27T08:54:25+00:00","description":"Miatours \u00e8 una compagnia di traghetti con la sede a Zara. Scopri di pi\u00f9 sulla compagnia, vedi le tratte traghetti, l'orario e i prezzi dei biglietti.","breadcrumb":{"@id":"https:\/\/www.ferrycroatia.com\/it\/miatours\/#breadcrumb"},"mainEntity":[{"@id":"https:\/\/www.ferrycroatia.com\/it\/miatours\/#faq-question-1625817693084"},{"@id":"https:\/\/www.ferrycroatia.com\/it\/miatours\/#faq-question-1625817701750"},{"@id":"https:\/\/www.ferrycroatia.com\/it\/miatours\/#faq-question-1625817706358"},{"@id":"https:\/\/www.ferrycroatia.com\/it\/miatours\/#faq-question-1625817722059"},{"@id":"https:\/\/www.ferrycroatia.com\/it\/miatours\/#faq-question-1625817731478"}],"inLanguage":"en-US","potentialAction":[{"@type":"ReadAction","target":["https:\/\/www.ferrycroatia.com\/it\/miatours\/"]}]},{"@type":"BreadcrumbList","@id":"https:\/\/www.ferrycroatia.com\/it\/miatours\/#breadcrumb","itemListElement":[{"@type":"ListItem","position":1,"name":"Home","item":"https:\/\/www.ferrycroatia.com\/it\/"},{"@type":"ListItem","position":2,"name":"Miatours"}]},{"@type":"WebSite","@id":"https:\/\/www.ferrycroatia.com\/it\/#website","url":"https:\/\/www.ferrycroatia.com\/it\/","name":"Traghetto Croazia","description":"Info e orari per tutti i catamarani e traghetti in Croazia","potentialAction":[{"@type":"SearchAction","target":{"@type":"EntryPoint","urlTemplate":"https:\/\/www.ferrycroatia.com\/it\/?s={search_term_string}"},"query-input":"required name=search_term_string"}],"inLanguage":"en-US"},{"@type":"Question","@id":"https:\/\/www.ferrycroatia.com\/it\/miatours\/#faq-question-1625817693084","position":1,"url":"https:\/\/www.ferrycroatia.com\/it\/miatours\/#faq-question-1625817693084","name":"Dove posso acquistare i biglietti per i catamarani di Miatours?","answerCount":1,"acceptedAnswer":{"@type":"Answer","text":"I biglietti possono essere acquistati online, cos\u00ec come nei porti di Zara, Premuda, Selve e Olib. Tutti i punti di vendita aprono 30 minuti prima della partenza del catamarano, ad eccezione del punto di vendita di Zara, che \u00e8 praticamente l'ufficio di Miatours aperto tutti i giorni della settimana. Si noti che in bassa stagione \/ inverno, i biglietti non possono essere acquistati a Premuda, Selve e Olib, solo direttamente sul catamarano (pagando in Kuna croata).","inLanguage":"en-US"},"inLanguage":"en-US"},{"@type":"Question","@id":"https:\/\/www.ferrycroatia.com\/it\/miatours\/#faq-question-1625817701750","position":2,"url":"https:\/\/www.ferrycroatia.com\/it\/miatours\/#faq-question-1625817701750","name":"Quanti bagagli posso portare sui catamarani di Miatours?","answerCount":1,"acceptedAnswer":{"@type":"Answer","text":"Ogni passeggero pu\u00f2 portare gratuitamente fino a 20 kg di bagaglio a mano. Altri trasporti di merci non sono consentiti sui catamarani.","inLanguage":"en-US"},"inLanguage":"en-US"},{"@type":"Question","@id":"https:\/\/www.ferrycroatia.com\/it\/miatours\/#faq-question-1625817706358","position":3,"url":"https:\/\/www.ferrycroatia.com\/it\/miatours\/#faq-question-1625817706358","name":"Devo stampare i biglietti prima dell\u2019imbarco sul catamarano?","answerCount":1,"acceptedAnswer":{"@type":"Answer","text":"Se acquista il \u200b\u200bSuo biglietto online, ricever\u00e0 un'e-mail di conferma dei biglietti acquistati. Dopodich\u00e9, dovr\u00e0 usare quella conferma per ritirare i biglietti nei punti di vendita precedentemente menzionati.","inLanguage":"en-US"},"inLanguage":"en-US"},{"@type":"Question","@id":"https:\/\/www.ferrycroatia.com\/it\/miatours\/#faq-question-1625817722059","position":4,"url":"https:\/\/www.ferrycroatia.com\/it\/miatours\/#faq-question-1625817722059","name":"Posso portare a bordo il mio animale domestico?","answerCount":1,"acceptedAnswer":{"@type":"Answer","text":"Ecco un estratto dalle dichiarazioni di Miatours sugli animali domestici:<br\/><br\/><em>Quando le condizioni tecniche a bordo (box speciali) sono soddisfatte per il trasporto di animali domestici, il trasporto di animali domestici in box speciali viene addebitato al 50% del prezzo del biglietto a persona.<\/em>","inLanguage":"en-US"},"inLanguage":"en-US"},{"@type":"Question","@id":"https:\/\/www.ferrycroatia.com\/it\/miatours\/#faq-question-1625817731478","position":5,"url":"https:\/\/www.ferrycroatia.com\/it\/miatours\/#faq-question-1625817731478","name":"Devo acquistare un biglietto separato per i bambini piccoli che viaggiano con me?","answerCount":1,"acceptedAnswer":{"@type":"Answer","text":"I bambini da 1 a 3 anni viaggiano gratuitamente. Ai bambini fino a 1 anno non verr\u00e0 emesso un biglietto di viaggio, mentre quelli fino a 3 anni riceveranno un biglietto di viaggio.","inLanguage":"en-US"},"inLanguage":"en-US"}]}},"_links":{"self":[{"href":"https:\/\/www.ferrycroatia.com\/it\/wp-json\/wp\/v2\/pages\/680"}],"collection":[{"href":"https:\/\/www.ferrycroatia.com\/it\/wp-json\/wp\/v2\/pages"}],"about":[{"href":"https:\/\/www.ferrycroatia.com\/it\/wp-json\/wp\/v2\/types\/page"}],"author":[{"embeddable":true,"href":"https:\/\/www.ferrycroatia.com\/it\/wp-json\/wp\/v2\/users\/5"}],"replies":[{"embeddable":true,"href":"https:\/\/www.ferrycroatia.com\/it\/wp-json\/wp\/v2\/comments?post=680"}],"version-history":[{"count":3,"href":"https:\/\/www.ferrycroatia.com\/it\/wp-json\/wp\/v2\/pages\/680\/revisions"}],"predecessor-version":[{"id":2991,"href":"https:\/\/www.ferrycroatia.com\/it\/wp-json\/wp\/v2\/pages\/680\/revisions\/2991"}],"wp:attachment":[{"href":"https:\/\/www.ferrycroatia.com\/it\/wp-json\/wp\/v2\/media?parent=680"}],"curies":[{"name":"wp","href":"https:\/\/api.w.org\/{rel}","templated":true}]}}