{"id":682,"date":"2021-01-28T11:08:13","date_gmt":"2021-01-28T11:08:13","guid":{"rendered":"https:\/\/ferrycroatia.com\/it\/?page_id=682"},"modified":"2021-07-27T10:56:40","modified_gmt":"2021-07-27T08:56:40","slug":"rapska-plovidba","status":"publish","type":"page","link":"https:\/\/www.ferrycroatia.com\/it\/rapska-plovidba\/","title":{"rendered":"Rapska Plovidba"},"content":{"rendered":"\n<p><strong>Rapska plovidba d.d. \u00e8 una compagnia di traghetti locale<\/strong> con sede nella citt\u00e0 di Mali Palit, <a href=\"https:\/\/www.ferrycroatia.com\/it\/isola-di-arbe\/\">sull&#8217;isola di Arbe<\/a>. Hanno iniziato ad operare rotte di traghetti nel 1963. La <strong>flotta della compagnia comprende attualmente cinque traghetti<\/strong>: &#8220;Cetiri zvonika&#8221;, &#8220;Barbat&#8221;, &#8220;Sveti Marin&#8221;, &#8220;Sveti Kristofor&#8221; e &#8220;Maslina&#8221;. Poich\u00e9 Rapska plovidba \u00e8 una piccola compagnia locale, attualmente offre solo <strong>2 rotte in traghetto<\/strong>, una delle quali collega Arbe con <a href=\"https:\/\/www.ferrycroatia.com\/it\/isola-di-pago\/\">l&#8217;isola di Pago<\/a>:<\/p>\n\n\n\n<ul><li><a href=\"https:\/\/www.ferrycroatia.com\/it\/stinica-misnjak\/\">Stinica &#8211; Misnjak (Arbe)<\/a><\/li><li><a href=\"https:\/\/www.ferrycroatia.com\/it\/arbe-lun-tovarnele\/\">Citt\u00e0 di Arbe &#8211; Lun Tovarnele (Pago)<\/a><\/li><\/ul>\n\n\n\n<p><strong>Queste linee operano tutto l&#8217;anno<\/strong>, con decine di partenze giornaliere durante la stagione estiva. In bassa stagione e in inverno sono meno frequenti, quindi assicurarsi di controllare l&#8217;orario completo o pu\u00f2 utilizzare il nostro modulo di ricerca per trovare partenze specifiche.<\/p>\n\n\n\n<h2>Rapska Plovidba &#8211; DOMANDE FREQUENTI<\/h2>\n\n\n\n<div class=\"schema-faq wp-block-yoast-faq-block\"><div class=\"schema-faq-section\" id=\"faq-question-1625817769162\"><strong class=\"schema-faq-question\"><strong>Dove posso acquistare i biglietti per le rotte gestite da Rapska plovidba?<\/strong><\/strong> <p class=\"schema-faq-answer\">I biglietti di traghetto possono essere acquistati solo presso i punti di vendita nei porti. A causa della folla estiva nei porti e dello spazio limitato sui traghetti, Le consigliamo di acquistare il biglietto in tempo. Inoltre, se viaggia con un&#8217;auto, tiene presente che dovr\u00e0 acquistare sia un biglietto per l&#8217;auto che i biglietti per tutti i passeggeri che viaggiano.<\/p> <\/div> <div class=\"schema-faq-section\" id=\"faq-question-1625817778671\"><strong class=\"schema-faq-question\"><strong>Quanto tempo prima della partenza devo essere al porto?<\/strong><\/strong> <p class=\"schema-faq-answer\">A seconda della stagione, ma poich\u00e9 i traghetti di Rapska plovidba hanno uno spazio limitato per le auto, Le consigliamo di arrivarci il prima possibile, per prendere il Suo posto sul traghetto. Ci\u00f2 significa arrivare almeno un&#8217;ora e mezza prima della partenza durante la stagione estiva.<\/p> <\/div> <div class=\"schema-faq-section\" id=\"faq-question-1625817783199\"><strong class=\"schema-faq-question\"><strong>Posso portare il mio animale domestico sul traghetto di Rapska plovidba?<\/strong><\/strong> <p class=\"schema-faq-answer\">S\u00ec, pu\u00f2 portare a bordo il Suo animale domestico (gratuitamente), ma solo se non rappresenta un pericolo o una distrazione per i passeggeri. Gli animali domestici non possono essere portati negli scompartimenti passeggeri chiusi.<\/p> <\/div> <div class=\"schema-faq-section\" id=\"faq-question-1625817790422\"><strong class=\"schema-faq-question\"><strong>Posso portare una bicicletta sul traghetto di Rapska plovidba?<\/strong><\/strong> <p class=\"schema-faq-answer\">S\u00ec, pu\u00f2 portare la Sua bicicletta a bordo, ma tiene presente che dovr\u00e0 pagare un extra. I prezzi per le biciclette possono essere visti negli orari di entrambe le linee.<\/p> <\/div> <div class=\"schema-faq-section\" id=\"faq-question-1625817798671\"><strong class=\"schema-faq-question\"><strong>Quanti bagagli posso portare sul traghetto di Rapska plovidba?<\/strong><\/strong> <p class=\"schema-faq-answer\">Se Lei \u00e8 un passeggero a piedi, pu\u00f2 portare a bordo fino a 100 kg di bagaglio. Se il Suo bagaglio non supera i 20 kg, pu\u00f2 portarlo sul traghetto gratuitamente.<\/p> <\/div> <div class=\"schema-faq-section\" id=\"faq-question-1625817806161\"><strong class=\"schema-faq-question\"><strong>Posso acquistare un biglietto per una partenza specifica?<\/strong><\/strong> <p class=\"schema-faq-answer\">Purtroppo no, pu\u00f2 acquistare un biglietto per una data specifica, ma non per un orario specifico della giornata. A causa della grande folla nei porti dei traghetti, dove le auto aspettano in fila per salire a bordo, Rapska plovidba utilizza il sistema <em>First In First Out<\/em> (il primo a entrare \u00e8 il primo a uscire) per l\u2019imbarco di auto e passeggeri.<\/p> <\/div> <\/div>\n","protected":false},"excerpt":{"rendered":"<p>Rapska plovidba d.d. \u00e8 una compagnia di traghetti locale con sede nella citt\u00e0 di Mali Palit, sull&#8217;isola di Arbe. Hanno iniziato ad operare rotte di traghetti nel 1963. La flotta della compagnia comprende attualmente cinque traghetti: &#8220;Cetiri zvonika&#8221;, &#8220;Barbat&#8221;, &#8220;Sveti Marin&#8221;, &#8220;Sveti Kristofor&#8221; e &#8220;Maslina&#8221;. Poich\u00e9 Rapska plovidba \u00e8 una piccola compagnia locale, attualmente offre [&hellip;]<\/p>\n<p><a class=\"more-link\" href=\"https:\/\/www.ferrycroatia.com\/it\/rapska-plovidba\/\"> Continue reading&#8230;<\/a><\/p>\n","protected":false},"author":5,"featured_media":684,"parent":0,"menu_order":0,"comment_status":"closed","ping_status":"closed","template":"","meta":[],"yoast_head":"<!-- This site is optimized with the Yoast SEO plugin v19.8 - https:\/\/yoast.com\/wordpress\/plugins\/seo\/ -->\n<title>Rapska Plovidba, compagnia di traghetti, orari e prezzi<\/title>\n<meta name=\"description\" content=\"Rapska Plovidba \u00e8 una compagnia di traghetti con la sede a Rab. Scopri di pi\u00f9 sulla compagnia, vedi le tratte traghetti, l&#039;orario e i prezzi dei biglietti.\" \/>\n<meta name=\"robots\" content=\"index, follow, max-snippet:-1, max-image-preview:large, max-video-preview:-1\" \/>\n<link rel=\"canonical\" href=\"https:\/\/www.ferrycroatia.com\/it\/rapska-plovidba\/\" \/>\n<meta property=\"og:locale\" content=\"en_US\" \/>\n<meta property=\"og:type\" content=\"article\" \/>\n<meta property=\"og:title\" content=\"Rapska Plovidba, compagnia di traghetti, orari e prezzi\" \/>\n<meta property=\"og:description\" content=\"Rapska Plovidba \u00e8 una compagnia di traghetti con la sede a Rab. Scopri di pi\u00f9 sulla compagnia, vedi le tratte traghetti, l&#039;orario e i prezzi dei biglietti.\" \/>\n<meta property=\"og:url\" content=\"https:\/\/www.ferrycroatia.com\/it\/rapska-plovidba\/\" \/>\n<meta property=\"og:site_name\" content=\"Traghetto Croazia\" \/>\n<meta property=\"article:modified_time\" content=\"2021-07-27T08:56:40+00:00\" \/>\n<meta property=\"og:image\" content=\"https:\/\/www.ferrycroatia.com\/it\/wp-content\/uploads\/2021\/01\/Rapska-plovidba-1.jpg\" \/>\n\t<meta property=\"og:image:width\" content=\"1024\" \/>\n\t<meta property=\"og:image:height\" content=\"576\" \/>\n\t<meta property=\"og:image:type\" content=\"image\/jpeg\" \/>\n<meta name=\"twitter:card\" content=\"summary_large_image\" \/>\n<meta name=\"twitter:label1\" content=\"Est. reading time\" \/>\n\t<meta name=\"twitter:data1\" content=\"2 minutes\" \/>\n<script type=\"application\/ld+json\" class=\"yoast-schema-graph\">{\"@context\":\"https:\/\/schema.org\",\"@graph\":[{\"@type\":[\"WebPage\",\"FAQPage\"],\"@id\":\"https:\/\/www.ferrycroatia.com\/it\/rapska-plovidba\/\",\"url\":\"https:\/\/www.ferrycroatia.com\/it\/rapska-plovidba\/\",\"name\":\"Rapska Plovidba, compagnia di traghetti, orari e prezzi\",\"isPartOf\":{\"@id\":\"https:\/\/www.ferrycroatia.com\/it\/#website\"},\"datePublished\":\"2021-01-28T11:08:13+00:00\",\"dateModified\":\"2021-07-27T08:56:40+00:00\",\"description\":\"Rapska Plovidba \u00e8 una compagnia di traghetti con la sede a Rab. Scopri di pi\u00f9 sulla compagnia, vedi le tratte traghetti, l'orario e i prezzi dei biglietti.\",\"breadcrumb\":{\"@id\":\"https:\/\/www.ferrycroatia.com\/it\/rapska-plovidba\/#breadcrumb\"},\"mainEntity\":[{\"@id\":\"https:\/\/www.ferrycroatia.com\/it\/rapska-plovidba\/#faq-question-1625817769162\"},{\"@id\":\"https:\/\/www.ferrycroatia.com\/it\/rapska-plovidba\/#faq-question-1625817778671\"},{\"@id\":\"https:\/\/www.ferrycroatia.com\/it\/rapska-plovidba\/#faq-question-1625817783199\"},{\"@id\":\"https:\/\/www.ferrycroatia.com\/it\/rapska-plovidba\/#faq-question-1625817790422\"},{\"@id\":\"https:\/\/www.ferrycroatia.com\/it\/rapska-plovidba\/#faq-question-1625817798671\"},{\"@id\":\"https:\/\/www.ferrycroatia.com\/it\/rapska-plovidba\/#faq-question-1625817806161\"}],\"inLanguage\":\"en-US\",\"potentialAction\":[{\"@type\":\"ReadAction\",\"target\":[\"https:\/\/www.ferrycroatia.com\/it\/rapska-plovidba\/\"]}]},{\"@type\":\"BreadcrumbList\",\"@id\":\"https:\/\/www.ferrycroatia.com\/it\/rapska-plovidba\/#breadcrumb\",\"itemListElement\":[{\"@type\":\"ListItem\",\"position\":1,\"name\":\"Home\",\"item\":\"https:\/\/www.ferrycroatia.com\/it\/\"},{\"@type\":\"ListItem\",\"position\":2,\"name\":\"Rapska Plovidba\"}]},{\"@type\":\"WebSite\",\"@id\":\"https:\/\/www.ferrycroatia.com\/it\/#website\",\"url\":\"https:\/\/www.ferrycroatia.com\/it\/\",\"name\":\"Traghetto Croazia\",\"description\":\"Info e orari per tutti i catamarani e traghetti in Croazia\",\"potentialAction\":[{\"@type\":\"SearchAction\",\"target\":{\"@type\":\"EntryPoint\",\"urlTemplate\":\"https:\/\/www.ferrycroatia.com\/it\/?s={search_term_string}\"},\"query-input\":\"required name=search_term_string\"}],\"inLanguage\":\"en-US\"},{\"@type\":\"Question\",\"@id\":\"https:\/\/www.ferrycroatia.com\/it\/rapska-plovidba\/#faq-question-1625817769162\",\"position\":1,\"url\":\"https:\/\/www.ferrycroatia.com\/it\/rapska-plovidba\/#faq-question-1625817769162\",\"name\":\"Dove posso acquistare i biglietti per le rotte gestite da Rapska plovidba?\",\"answerCount\":1,\"acceptedAnswer\":{\"@type\":\"Answer\",\"text\":\"I biglietti di traghetto possono essere acquistati solo presso i punti di vendita nei porti. A causa della folla estiva nei porti e dello spazio limitato sui traghetti, Le consigliamo di acquistare il biglietto in tempo. Inoltre, se viaggia con un'auto, tiene presente che dovr\u00e0 acquistare sia un biglietto per l'auto che i biglietti per tutti i passeggeri che viaggiano.\",\"inLanguage\":\"en-US\"},\"inLanguage\":\"en-US\"},{\"@type\":\"Question\",\"@id\":\"https:\/\/www.ferrycroatia.com\/it\/rapska-plovidba\/#faq-question-1625817778671\",\"position\":2,\"url\":\"https:\/\/www.ferrycroatia.com\/it\/rapska-plovidba\/#faq-question-1625817778671\",\"name\":\"Quanto tempo prima della partenza devo essere al porto?\",\"answerCount\":1,\"acceptedAnswer\":{\"@type\":\"Answer\",\"text\":\"A seconda della stagione, ma poich\u00e9 i traghetti di Rapska plovidba hanno uno spazio limitato per le auto, Le consigliamo di arrivarci il prima possibile, per prendere il Suo posto sul traghetto. Ci\u00f2 significa arrivare almeno un'ora e mezza prima della partenza durante la stagione estiva.\",\"inLanguage\":\"en-US\"},\"inLanguage\":\"en-US\"},{\"@type\":\"Question\",\"@id\":\"https:\/\/www.ferrycroatia.com\/it\/rapska-plovidba\/#faq-question-1625817783199\",\"position\":3,\"url\":\"https:\/\/www.ferrycroatia.com\/it\/rapska-plovidba\/#faq-question-1625817783199\",\"name\":\"Posso portare il mio animale domestico sul traghetto di Rapska plovidba?\",\"answerCount\":1,\"acceptedAnswer\":{\"@type\":\"Answer\",\"text\":\"S\u00ec, pu\u00f2 portare a bordo il Suo animale domestico (gratuitamente), ma solo se non rappresenta un pericolo o una distrazione per i passeggeri. Gli animali domestici non possono essere portati negli scompartimenti passeggeri chiusi.\",\"inLanguage\":\"en-US\"},\"inLanguage\":\"en-US\"},{\"@type\":\"Question\",\"@id\":\"https:\/\/www.ferrycroatia.com\/it\/rapska-plovidba\/#faq-question-1625817790422\",\"position\":4,\"url\":\"https:\/\/www.ferrycroatia.com\/it\/rapska-plovidba\/#faq-question-1625817790422\",\"name\":\"Posso portare una bicicletta sul traghetto di Rapska plovidba?\",\"answerCount\":1,\"acceptedAnswer\":{\"@type\":\"Answer\",\"text\":\"S\u00ec, pu\u00f2 portare la Sua bicicletta a bordo, ma tiene presente che dovr\u00e0 pagare un extra. I prezzi per le biciclette possono essere visti negli orari di entrambe le linee.\",\"inLanguage\":\"en-US\"},\"inLanguage\":\"en-US\"},{\"@type\":\"Question\",\"@id\":\"https:\/\/www.ferrycroatia.com\/it\/rapska-plovidba\/#faq-question-1625817798671\",\"position\":5,\"url\":\"https:\/\/www.ferrycroatia.com\/it\/rapska-plovidba\/#faq-question-1625817798671\",\"name\":\"Quanti bagagli posso portare sul traghetto di Rapska plovidba?\",\"answerCount\":1,\"acceptedAnswer\":{\"@type\":\"Answer\",\"text\":\"Se Lei \u00e8 un passeggero a piedi, pu\u00f2 portare a bordo fino a 100 kg di bagaglio. Se il Suo bagaglio non supera i 20 kg, pu\u00f2 portarlo sul traghetto gratuitamente.\",\"inLanguage\":\"en-US\"},\"inLanguage\":\"en-US\"},{\"@type\":\"Question\",\"@id\":\"https:\/\/www.ferrycroatia.com\/it\/rapska-plovidba\/#faq-question-1625817806161\",\"position\":6,\"url\":\"https:\/\/www.ferrycroatia.com\/it\/rapska-plovidba\/#faq-question-1625817806161\",\"name\":\"Posso acquistare un biglietto per una partenza specifica?\",\"answerCount\":1,\"acceptedAnswer\":{\"@type\":\"Answer\",\"text\":\"Purtroppo no, pu\u00f2 acquistare un biglietto per una data specifica, ma non per un orario specifico della giornata. A causa della grande folla nei porti dei traghetti, dove le auto aspettano in fila per salire a bordo, Rapska plovidba utilizza il sistema <em>First In First Out<\/em> (il primo a entrare \u00e8 il primo a uscire) per l\u2019imbarco di auto e passeggeri.\",\"inLanguage\":\"en-US\"},\"inLanguage\":\"en-US\"}]}<\/script>\n<!-- \/ Yoast SEO plugin. -->","yoast_head_json":{"title":"Rapska Plovidba, compagnia di traghetti, orari e prezzi","description":"Rapska Plovidba \u00e8 una compagnia di traghetti con la sede a Rab. Scopri di pi\u00f9 sulla compagnia, vedi le tratte traghetti, l'orario e i prezzi dei biglietti.","robots":{"index":"index","follow":"follow","max-snippet":"max-snippet:-1","max-image-preview":"max-image-preview:large","max-video-preview":"max-video-preview:-1"},"canonical":"https:\/\/www.ferrycroatia.com\/it\/rapska-plovidba\/","og_locale":"en_US","og_type":"article","og_title":"Rapska Plovidba, compagnia di traghetti, orari e prezzi","og_description":"Rapska Plovidba \u00e8 una compagnia di traghetti con la sede a Rab. Scopri di pi\u00f9 sulla compagnia, vedi le tratte traghetti, l'orario e i prezzi dei biglietti.","og_url":"https:\/\/www.ferrycroatia.com\/it\/rapska-plovidba\/","og_site_name":"Traghetto Croazia","article_modified_time":"2021-07-27T08:56:40+00:00","og_image":[{"width":1024,"height":576,"url":"https:\/\/www.ferrycroatia.com\/it\/wp-content\/uploads\/2021\/01\/Rapska-plovidba-1.jpg","type":"image\/jpeg"}],"twitter_card":"summary_large_image","twitter_misc":{"Est. reading time":"2 minutes"},"schema":{"@context":"https:\/\/schema.org","@graph":[{"@type":["WebPage","FAQPage"],"@id":"https:\/\/www.ferrycroatia.com\/it\/rapska-plovidba\/","url":"https:\/\/www.ferrycroatia.com\/it\/rapska-plovidba\/","name":"Rapska Plovidba, compagnia di traghetti, orari e prezzi","isPartOf":{"@id":"https:\/\/www.ferrycroatia.com\/it\/#website"},"datePublished":"2021-01-28T11:08:13+00:00","dateModified":"2021-07-27T08:56:40+00:00","description":"Rapska Plovidba \u00e8 una compagnia di traghetti con la sede a Rab. Scopri di pi\u00f9 sulla compagnia, vedi le tratte traghetti, l'orario e i prezzi dei biglietti.","breadcrumb":{"@id":"https:\/\/www.ferrycroatia.com\/it\/rapska-plovidba\/#breadcrumb"},"mainEntity":[{"@id":"https:\/\/www.ferrycroatia.com\/it\/rapska-plovidba\/#faq-question-1625817769162"},{"@id":"https:\/\/www.ferrycroatia.com\/it\/rapska-plovidba\/#faq-question-1625817778671"},{"@id":"https:\/\/www.ferrycroatia.com\/it\/rapska-plovidba\/#faq-question-1625817783199"},{"@id":"https:\/\/www.ferrycroatia.com\/it\/rapska-plovidba\/#faq-question-1625817790422"},{"@id":"https:\/\/www.ferrycroatia.com\/it\/rapska-plovidba\/#faq-question-1625817798671"},{"@id":"https:\/\/www.ferrycroatia.com\/it\/rapska-plovidba\/#faq-question-1625817806161"}],"inLanguage":"en-US","potentialAction":[{"@type":"ReadAction","target":["https:\/\/www.ferrycroatia.com\/it\/rapska-plovidba\/"]}]},{"@type":"BreadcrumbList","@id":"https:\/\/www.ferrycroatia.com\/it\/rapska-plovidba\/#breadcrumb","itemListElement":[{"@type":"ListItem","position":1,"name":"Home","item":"https:\/\/www.ferrycroatia.com\/it\/"},{"@type":"ListItem","position":2,"name":"Rapska Plovidba"}]},{"@type":"WebSite","@id":"https:\/\/www.ferrycroatia.com\/it\/#website","url":"https:\/\/www.ferrycroatia.com\/it\/","name":"Traghetto Croazia","description":"Info e orari per tutti i catamarani e traghetti in Croazia","potentialAction":[{"@type":"SearchAction","target":{"@type":"EntryPoint","urlTemplate":"https:\/\/www.ferrycroatia.com\/it\/?s={search_term_string}"},"query-input":"required name=search_term_string"}],"inLanguage":"en-US"},{"@type":"Question","@id":"https:\/\/www.ferrycroatia.com\/it\/rapska-plovidba\/#faq-question-1625817769162","position":1,"url":"https:\/\/www.ferrycroatia.com\/it\/rapska-plovidba\/#faq-question-1625817769162","name":"Dove posso acquistare i biglietti per le rotte gestite da Rapska plovidba?","answerCount":1,"acceptedAnswer":{"@type":"Answer","text":"I biglietti di traghetto possono essere acquistati solo presso i punti di vendita nei porti. A causa della folla estiva nei porti e dello spazio limitato sui traghetti, Le consigliamo di acquistare il biglietto in tempo. Inoltre, se viaggia con un'auto, tiene presente che dovr\u00e0 acquistare sia un biglietto per l'auto che i biglietti per tutti i passeggeri che viaggiano.","inLanguage":"en-US"},"inLanguage":"en-US"},{"@type":"Question","@id":"https:\/\/www.ferrycroatia.com\/it\/rapska-plovidba\/#faq-question-1625817778671","position":2,"url":"https:\/\/www.ferrycroatia.com\/it\/rapska-plovidba\/#faq-question-1625817778671","name":"Quanto tempo prima della partenza devo essere al porto?","answerCount":1,"acceptedAnswer":{"@type":"Answer","text":"A seconda della stagione, ma poich\u00e9 i traghetti di Rapska plovidba hanno uno spazio limitato per le auto, Le consigliamo di arrivarci il prima possibile, per prendere il Suo posto sul traghetto. Ci\u00f2 significa arrivare almeno un'ora e mezza prima della partenza durante la stagione estiva.","inLanguage":"en-US"},"inLanguage":"en-US"},{"@type":"Question","@id":"https:\/\/www.ferrycroatia.com\/it\/rapska-plovidba\/#faq-question-1625817783199","position":3,"url":"https:\/\/www.ferrycroatia.com\/it\/rapska-plovidba\/#faq-question-1625817783199","name":"Posso portare il mio animale domestico sul traghetto di Rapska plovidba?","answerCount":1,"acceptedAnswer":{"@type":"Answer","text":"S\u00ec, pu\u00f2 portare a bordo il Suo animale domestico (gratuitamente), ma solo se non rappresenta un pericolo o una distrazione per i passeggeri. Gli animali domestici non possono essere portati negli scompartimenti passeggeri chiusi.","inLanguage":"en-US"},"inLanguage":"en-US"},{"@type":"Question","@id":"https:\/\/www.ferrycroatia.com\/it\/rapska-plovidba\/#faq-question-1625817790422","position":4,"url":"https:\/\/www.ferrycroatia.com\/it\/rapska-plovidba\/#faq-question-1625817790422","name":"Posso portare una bicicletta sul traghetto di Rapska plovidba?","answerCount":1,"acceptedAnswer":{"@type":"Answer","text":"S\u00ec, pu\u00f2 portare la Sua bicicletta a bordo, ma tiene presente che dovr\u00e0 pagare un extra. I prezzi per le biciclette possono essere visti negli orari di entrambe le linee.","inLanguage":"en-US"},"inLanguage":"en-US"},{"@type":"Question","@id":"https:\/\/www.ferrycroatia.com\/it\/rapska-plovidba\/#faq-question-1625817798671","position":5,"url":"https:\/\/www.ferrycroatia.com\/it\/rapska-plovidba\/#faq-question-1625817798671","name":"Quanti bagagli posso portare sul traghetto di Rapska plovidba?","answerCount":1,"acceptedAnswer":{"@type":"Answer","text":"Se Lei \u00e8 un passeggero a piedi, pu\u00f2 portare a bordo fino a 100 kg di bagaglio. Se il Suo bagaglio non supera i 20 kg, pu\u00f2 portarlo sul traghetto gratuitamente.","inLanguage":"en-US"},"inLanguage":"en-US"},{"@type":"Question","@id":"https:\/\/www.ferrycroatia.com\/it\/rapska-plovidba\/#faq-question-1625817806161","position":6,"url":"https:\/\/www.ferrycroatia.com\/it\/rapska-plovidba\/#faq-question-1625817806161","name":"Posso acquistare un biglietto per una partenza specifica?","answerCount":1,"acceptedAnswer":{"@type":"Answer","text":"Purtroppo no, pu\u00f2 acquistare un biglietto per una data specifica, ma non per un orario specifico della giornata. A causa della grande folla nei porti dei traghetti, dove le auto aspettano in fila per salire a bordo, Rapska plovidba utilizza il sistema <em>First In First Out<\/em> (il primo a entrare \u00e8 il primo a uscire) per l\u2019imbarco di auto e passeggeri.","inLanguage":"en-US"},"inLanguage":"en-US"}]}},"_links":{"self":[{"href":"https:\/\/www.ferrycroatia.com\/it\/wp-json\/wp\/v2\/pages\/682"}],"collection":[{"href":"https:\/\/www.ferrycroatia.com\/it\/wp-json\/wp\/v2\/pages"}],"about":[{"href":"https:\/\/www.ferrycroatia.com\/it\/wp-json\/wp\/v2\/types\/page"}],"author":[{"embeddable":true,"href":"https:\/\/www.ferrycroatia.com\/it\/wp-json\/wp\/v2\/users\/5"}],"replies":[{"embeddable":true,"href":"https:\/\/www.ferrycroatia.com\/it\/wp-json\/wp\/v2\/comments?post=682"}],"version-history":[{"count":3,"href":"https:\/\/www.ferrycroatia.com\/it\/wp-json\/wp\/v2\/pages\/682\/revisions"}],"predecessor-version":[{"id":2992,"href":"https:\/\/www.ferrycroatia.com\/it\/wp-json\/wp\/v2\/pages\/682\/revisions\/2992"}],"wp:featuredmedia":[{"embeddable":true,"href":"https:\/\/www.ferrycroatia.com\/it\/wp-json\/wp\/v2\/media\/684"}],"wp:attachment":[{"href":"https:\/\/www.ferrycroatia.com\/it\/wp-json\/wp\/v2\/media?parent=682"}],"curies":[{"name":"wp","href":"https:\/\/api.w.org\/{rel}","templated":true}]}}