{"id":685,"date":"2021-01-28T11:20:17","date_gmt":"2021-01-28T11:20:17","guid":{"rendered":"https:\/\/ferrycroatia.com\/it\/?page_id=685"},"modified":"2021-02-08T10:24:46","modified_gmt":"2021-02-08T10:24:46","slug":"compagnie-di-traghetti-piu-piccole","status":"publish","type":"page","link":"https:\/\/www.ferrycroatia.com\/it\/compagnie-di-traghetti-piu-piccole\/","title":{"rendered":"Compagnie di traghetti pi\u00f9 piccole"},"content":{"rendered":"<p>Di seguito pu\u00f2 trovare un elenco delle compagnie di traghetti pi\u00f9 piccole in Croazia, insieme alle linee \/ rotte che servono. Sono tutte compagnie locali che operano alcune di rotte da e per le <a href=\"https:\/\/www.ferrycroatia.com\/it\/isole-della-croazia\/\">isole croate<\/a>. I biglietti per le rotte possono essere generalmente acquistati a bordo o presso i porti dei traghetti dove attraccano le navi.<\/p>\n<div id=\"ez-toc-container\" class=\"ez-toc-v2_0_62 counter-hierarchy ez-toc-counter ez-toc-grey ez-toc-container-direction\">\n<div class=\"ez-toc-title-container\">\n<p class=\"ez-toc-title \" >Table of Contents<\/p>\n<span class=\"ez-toc-title-toggle\"><a href=\"#\" class=\"ez-toc-pull-right ez-toc-btn ez-toc-btn-xs ez-toc-btn-default ez-toc-toggle\" aria-label=\"Toggle Table of Content\"><span class=\"ez-toc-js-icon-con\"><span class=\"\"><span class=\"eztoc-hide\" style=\"display:none;\">Toggle<\/span><span class=\"ez-toc-icon-toggle-span\"><svg style=\"fill: #070c63;color:#070c63\" xmlns=\"http:\/\/www.w3.org\/2000\/svg\" class=\"list-377408\" width=\"20px\" height=\"20px\" viewBox=\"0 0 24 24\" fill=\"none\"><path d=\"M6 6H4v2h2V6zm14 0H8v2h12V6zM4 11h2v2H4v-2zm16 0H8v2h12v-2zM4 16h2v2H4v-2zm16 0H8v2h12v-2z\" fill=\"currentColor\"><\/path><\/svg><svg style=\"fill: #070c63;color:#070c63\" class=\"arrow-unsorted-368013\" xmlns=\"http:\/\/www.w3.org\/2000\/svg\" width=\"10px\" height=\"10px\" viewBox=\"0 0 24 24\" version=\"1.2\" baseProfile=\"tiny\"><path d=\"M18.2 9.3l-6.2-6.3-6.2 6.3c-.2.2-.3.4-.3.7s.1.5.3.7c.2.2.4.3.7.3h11c.3 0 .5-.1.7-.3.2-.2.3-.5.3-.7s-.1-.5-.3-.7zM5.8 14.7l6.2 6.3 6.2-6.3c.2-.2.3-.5.3-.7s-.1-.5-.3-.7c-.2-.2-.4-.3-.7-.3h-11c-.3 0-.5.1-.7.3-.2.2-.3.5-.3.7s.1.5.3.7z\"\/><\/svg><\/span><\/span><\/span><\/a><\/span><\/div>\n<nav><ul class='ez-toc-list ez-toc-list-level-1 eztoc-toggle-hide-by-default' ><li class='ez-toc-page-1 ez-toc-heading-level-2'><a class=\"ez-toc-link ez-toc-heading-1\" href=\"https:\/\/www.ferrycroatia.com\/it\/compagnie-di-traghetti-piu-piccole\/#KTD_Bilan\" title=\"KTD Bilan\">KTD Bilan<\/a><\/li><li class='ez-toc-page-1 ez-toc-heading-level-2'><a class=\"ez-toc-link ez-toc-heading-2\" href=\"https:\/\/www.ferrycroatia.com\/it\/compagnie-di-traghetti-piu-piccole\/#Porat_Ilovik\" title=\"Porat Ilovik\">Porat Ilovik<\/a><\/li><li class='ez-toc-page-1 ez-toc-heading-level-2'><a class=\"ez-toc-link ez-toc-heading-3\" href=\"https:\/\/www.ferrycroatia.com\/it\/compagnie-di-traghetti-piu-piccole\/#RPZ_Vrgada\" title=\"RPZ Vrgada\">RPZ Vrgada<\/a><\/li><li class='ez-toc-page-1 ez-toc-heading-level-2'><a class=\"ez-toc-link ez-toc-heading-4\" href=\"https:\/\/www.ferrycroatia.com\/it\/compagnie-di-traghetti-piu-piccole\/#Nauticki_Centar_Komiza\" title=\"Nauticki Centar Komiza\">Nauticki Centar Komiza<\/a><\/li><\/ul><\/nav><\/div>\n<h2><span class=\"ez-toc-section\" id=\"KTD_Bilan\"><\/span>KTD Bilan<span class=\"ez-toc-section-end\"><\/span><\/h2>\n<p><strong>KTD Bilan<\/strong> \u00e8 una piccola compagnia di traghetti di propriet\u00e0 privata con sede a Orebic (Sabbioncello) e attualmente offre solo una rotta regolare di traghetti: Orebic &#8211; Curzola. Prendendo la strada menzionata n. 614 pu\u00f2 arrivare dal <a href=\"https:\/\/www.ferrycroatia.com\/it\/porto-di-orebic\/\">porto di Orebic<\/a> al <a href=\"https:\/\/www.ferrycroatia.com\/it\/porto-di-curzola\/\">porto della citt\u00e0 di Curzola<\/a> in circa 15 minuti. La flotta della compagnia comprende<strong> 2 traghetti per soli passeggeri<\/strong>, denominati &#8220;Tamaris&#8221; e &#8220;Lovor&#8221;, riconoscibili dal loro nome o dal nome della rotta scritto a lato.<\/p>\n<h2><span class=\"ez-toc-section\" id=\"Porat_Ilovik\"><\/span>Porat Ilovik<span class=\"ez-toc-section-end\"><\/span><\/h2>\n<p><strong>Porat Ilovik<\/strong> \u00e8 una piccola compagnia di spedizioni locale fondata nel 2000 e con sede a Ilovik (Asinello). La compagnia attualmente serve una rotta dei traghetti &#8211; <strong>n. 311 Ilovik &#8211; Mrtvaska<\/strong>. Questa rotta collega <a href=\"https:\/\/www.ferrycroatia.com\/it\/isola-di-lussino\/\">l&#8217;isola di Lussino<\/a> e <a href=\"https:\/\/www.ferrycroatia.com\/it\/porto-di-asinello\/\">il porto di Ilovik<\/a> sull&#8217;isola di Ilovik e il viaggio dura circa 10 minuti. In alta stagione la compagnia offre fino a 5 partenze al giorno. C&#8217;\u00e8 solo <strong>una nave che opera nella flotta dell&#8217;azienda<\/strong>, chiamata &#8220;<em>TIM-G<\/em>&#8220;. Lo si riconosce dal colore bianco e dal cartello <em>www.ilovik.hr<\/em> scritto a lato.<\/p>\n<h2><span class=\"ez-toc-section\" id=\"RPZ_Vrgada\"><\/span>RPZ Vrgada<span class=\"ez-toc-section-end\"><\/span><\/h2>\n<p><strong>RPZ Vrgada<\/strong> \u00e8 una piccola compagnia locale fondata nel 1909 a Biograd na Moru. La compagnia opera nel trasporto marittimo dal 1963 e oggi ha una rotta in traghetto attiva. La rotta <strong>n. 415 Vrgada &#8211; Pakostane &#8211; Biograd<\/strong> collega l&#8217;isola di Vrgada con il <a href=\"https:\/\/www.ferrycroatia.com\/it\/porto-di-zaravecchia\/\">porto dei traghetti di Biograd<\/a>. Per quanto riguarda la flotta, la compagnia ha a disposizione una nave, il catamarano \u201c<em>Vrgada<\/em>\u201d, in grado di trasportare fino a <strong>128 passeggeri<\/strong>. Pu\u00f2 riconoscerlo dal suo colore completamente bianco e dal nome della nave, scritto a lato.<\/p>\n<h2><span class=\"ez-toc-section\" id=\"Nauticki_Centar_Komiza\"><\/span>Nauticki Centar Komiza<span class=\"ez-toc-section-end\"><\/span><\/h2>\n<p><strong>Nauticki Centar Komiza<\/strong> \u00e8 una piccola compagnia di traghetti locale con sede a Komiza, sull&#8217;isola di Vis. Attualmente, la compagnia serve solo una rotta di traghetto &#8211; <strong>n. 612 Komiza &#8211; Bisevo<\/strong>. La rotta collega la citt\u00e0 di Komiza <a href=\"https:\/\/www.ferrycroatia.com\/it\/isola-di-lissa\/\">sull&#8217;isola di Lissa<\/a> con Porat sull&#8217;isola di Bisevo. La flotta della compagnia comprende<strong> una sola nave<\/strong> &#8211; &#8220;Sveti Salvestar&#8221;, riconoscibile dal suo colore completamente bianco e dal nome scritto nella poppa della nave. La nave pu\u00f2 trasportare solo passeggeri a piedi e ha uno spazio limitato per soli 15 passeggeri.<\/p>\n","protected":false},"excerpt":{"rendered":"<p>Di seguito pu\u00f2 trovare un elenco delle compagnie di traghetti pi\u00f9 piccole in Croazia, insieme alle linee \/ rotte che servono. Sono tutte compagnie locali che operano alcune di rotte da e per le isole croate. I biglietti per le rotte possono essere generalmente acquistati a bordo o presso i porti dei traghetti dove attraccano [&hellip;]<\/p>\n<p><a class=\"more-link\" href=\"https:\/\/www.ferrycroatia.com\/it\/compagnie-di-traghetti-piu-piccole\/\"> Continue reading&#8230;<\/a><\/p>\n","protected":false},"author":5,"featured_media":0,"parent":0,"menu_order":0,"comment_status":"closed","ping_status":"closed","template":"","meta":[],"yoast_head":"<!-- This site is optimized with the Yoast SEO plugin v19.8 - https:\/\/yoast.com\/wordpress\/plugins\/seo\/ -->\n<title>Compagnie di traghetti croate pi\u00f9 piccole<\/title>\n<meta name=\"description\" content=\"Un elenco dettagliato delle compagnie pi\u00f9 piccole che gestiscono rotte in traghetto per le isole croate. Esplorate le rotte, gli orari e la flotta delle compagnie di traghetti.\" \/>\n<meta name=\"robots\" content=\"index, follow, max-snippet:-1, max-image-preview:large, max-video-preview:-1\" \/>\n<link rel=\"canonical\" href=\"https:\/\/www.ferrycroatia.com\/it\/compagnie-di-traghetti-piu-piccole\/\" \/>\n<meta property=\"og:locale\" content=\"en_US\" \/>\n<meta property=\"og:type\" content=\"article\" \/>\n<meta property=\"og:title\" content=\"Compagnie di traghetti croate pi\u00f9 piccole\" \/>\n<meta property=\"og:description\" content=\"Un elenco dettagliato delle compagnie pi\u00f9 piccole che gestiscono rotte in traghetto per le isole croate. Esplorate le rotte, gli orari e la flotta delle compagnie di traghetti.\" \/>\n<meta property=\"og:url\" content=\"https:\/\/www.ferrycroatia.com\/it\/compagnie-di-traghetti-piu-piccole\/\" \/>\n<meta property=\"og:site_name\" content=\"Traghetto Croazia\" \/>\n<meta property=\"article:modified_time\" content=\"2021-02-08T10:24:46+00:00\" \/>\n<meta name=\"twitter:card\" content=\"summary_large_image\" \/>\n<meta name=\"twitter:label1\" content=\"Est. reading time\" \/>\n\t<meta name=\"twitter:data1\" content=\"2 minutes\" \/>\n<script type=\"application\/ld+json\" class=\"yoast-schema-graph\">{\"@context\":\"https:\/\/schema.org\",\"@graph\":[{\"@type\":\"WebPage\",\"@id\":\"https:\/\/www.ferrycroatia.com\/it\/compagnie-di-traghetti-piu-piccole\/\",\"url\":\"https:\/\/www.ferrycroatia.com\/it\/compagnie-di-traghetti-piu-piccole\/\",\"name\":\"Compagnie di traghetti croate pi\u00f9 piccole\",\"isPartOf\":{\"@id\":\"https:\/\/www.ferrycroatia.com\/it\/#website\"},\"datePublished\":\"2021-01-28T11:20:17+00:00\",\"dateModified\":\"2021-02-08T10:24:46+00:00\",\"description\":\"Un elenco dettagliato delle compagnie pi\u00f9 piccole che gestiscono rotte in traghetto per le isole croate. Esplorate le rotte, gli orari e la flotta delle compagnie di traghetti.\",\"breadcrumb\":{\"@id\":\"https:\/\/www.ferrycroatia.com\/it\/compagnie-di-traghetti-piu-piccole\/#breadcrumb\"},\"inLanguage\":\"en-US\",\"potentialAction\":[{\"@type\":\"ReadAction\",\"target\":[\"https:\/\/www.ferrycroatia.com\/it\/compagnie-di-traghetti-piu-piccole\/\"]}]},{\"@type\":\"BreadcrumbList\",\"@id\":\"https:\/\/www.ferrycroatia.com\/it\/compagnie-di-traghetti-piu-piccole\/#breadcrumb\",\"itemListElement\":[{\"@type\":\"ListItem\",\"position\":1,\"name\":\"Home\",\"item\":\"https:\/\/www.ferrycroatia.com\/it\/\"},{\"@type\":\"ListItem\",\"position\":2,\"name\":\"Compagnie di traghetti pi\u00f9 piccole\"}]},{\"@type\":\"WebSite\",\"@id\":\"https:\/\/www.ferrycroatia.com\/it\/#website\",\"url\":\"https:\/\/www.ferrycroatia.com\/it\/\",\"name\":\"Traghetto Croazia\",\"description\":\"Info e orari per tutti i catamarani e traghetti in Croazia\",\"potentialAction\":[{\"@type\":\"SearchAction\",\"target\":{\"@type\":\"EntryPoint\",\"urlTemplate\":\"https:\/\/www.ferrycroatia.com\/it\/?s={search_term_string}\"},\"query-input\":\"required name=search_term_string\"}],\"inLanguage\":\"en-US\"}]}<\/script>\n<!-- \/ Yoast SEO plugin. -->","yoast_head_json":{"title":"Compagnie di traghetti croate pi\u00f9 piccole","description":"Un elenco dettagliato delle compagnie pi\u00f9 piccole che gestiscono rotte in traghetto per le isole croate. Esplorate le rotte, gli orari e la flotta delle compagnie di traghetti.","robots":{"index":"index","follow":"follow","max-snippet":"max-snippet:-1","max-image-preview":"max-image-preview:large","max-video-preview":"max-video-preview:-1"},"canonical":"https:\/\/www.ferrycroatia.com\/it\/compagnie-di-traghetti-piu-piccole\/","og_locale":"en_US","og_type":"article","og_title":"Compagnie di traghetti croate pi\u00f9 piccole","og_description":"Un elenco dettagliato delle compagnie pi\u00f9 piccole che gestiscono rotte in traghetto per le isole croate. Esplorate le rotte, gli orari e la flotta delle compagnie di traghetti.","og_url":"https:\/\/www.ferrycroatia.com\/it\/compagnie-di-traghetti-piu-piccole\/","og_site_name":"Traghetto Croazia","article_modified_time":"2021-02-08T10:24:46+00:00","twitter_card":"summary_large_image","twitter_misc":{"Est. reading time":"2 minutes"},"schema":{"@context":"https:\/\/schema.org","@graph":[{"@type":"WebPage","@id":"https:\/\/www.ferrycroatia.com\/it\/compagnie-di-traghetti-piu-piccole\/","url":"https:\/\/www.ferrycroatia.com\/it\/compagnie-di-traghetti-piu-piccole\/","name":"Compagnie di traghetti croate pi\u00f9 piccole","isPartOf":{"@id":"https:\/\/www.ferrycroatia.com\/it\/#website"},"datePublished":"2021-01-28T11:20:17+00:00","dateModified":"2021-02-08T10:24:46+00:00","description":"Un elenco dettagliato delle compagnie pi\u00f9 piccole che gestiscono rotte in traghetto per le isole croate. Esplorate le rotte, gli orari e la flotta delle compagnie di traghetti.","breadcrumb":{"@id":"https:\/\/www.ferrycroatia.com\/it\/compagnie-di-traghetti-piu-piccole\/#breadcrumb"},"inLanguage":"en-US","potentialAction":[{"@type":"ReadAction","target":["https:\/\/www.ferrycroatia.com\/it\/compagnie-di-traghetti-piu-piccole\/"]}]},{"@type":"BreadcrumbList","@id":"https:\/\/www.ferrycroatia.com\/it\/compagnie-di-traghetti-piu-piccole\/#breadcrumb","itemListElement":[{"@type":"ListItem","position":1,"name":"Home","item":"https:\/\/www.ferrycroatia.com\/it\/"},{"@type":"ListItem","position":2,"name":"Compagnie di traghetti pi\u00f9 piccole"}]},{"@type":"WebSite","@id":"https:\/\/www.ferrycroatia.com\/it\/#website","url":"https:\/\/www.ferrycroatia.com\/it\/","name":"Traghetto Croazia","description":"Info e orari per tutti i catamarani e traghetti in Croazia","potentialAction":[{"@type":"SearchAction","target":{"@type":"EntryPoint","urlTemplate":"https:\/\/www.ferrycroatia.com\/it\/?s={search_term_string}"},"query-input":"required name=search_term_string"}],"inLanguage":"en-US"}]}},"_links":{"self":[{"href":"https:\/\/www.ferrycroatia.com\/it\/wp-json\/wp\/v2\/pages\/685"}],"collection":[{"href":"https:\/\/www.ferrycroatia.com\/it\/wp-json\/wp\/v2\/pages"}],"about":[{"href":"https:\/\/www.ferrycroatia.com\/it\/wp-json\/wp\/v2\/types\/page"}],"author":[{"embeddable":true,"href":"https:\/\/www.ferrycroatia.com\/it\/wp-json\/wp\/v2\/users\/5"}],"replies":[{"embeddable":true,"href":"https:\/\/www.ferrycroatia.com\/it\/wp-json\/wp\/v2\/comments?post=685"}],"version-history":[{"count":3,"href":"https:\/\/www.ferrycroatia.com\/it\/wp-json\/wp\/v2\/pages\/685\/revisions"}],"predecessor-version":[{"id":1861,"href":"https:\/\/www.ferrycroatia.com\/it\/wp-json\/wp\/v2\/pages\/685\/revisions\/1861"}],"wp:attachment":[{"href":"https:\/\/www.ferrycroatia.com\/it\/wp-json\/wp\/v2\/media?parent=685"}],"curies":[{"name":"wp","href":"https:\/\/api.w.org\/{rel}","templated":true}]}}